{"id":4379,"date":"1963-01-01T00:01:19","date_gmt":"1963-01-01T00:01:19","guid":{"rendered":"https:\/\/la-presse-anarchiste.net\/?page_id=4379"},"modified":"2024-05-01T14:06:06","modified_gmt":"2024-05-01T14:06:06","slug":"cahiers-de-lhumanisme-libertaire","status":"publish","type":"page","link":"https:\/\/la-presse-anarchiste.net\/index.php\/cahiers-de-lhumanisme-libertaire\/","title":{"rendered":"Cahiers de l\u2019Humanisme Libertaire"},"content":{"rendered":"<div class=\"pdfprnt-buttons pdfprnt-buttons-page pdfprnt-top-right\"><a href=\"https:\/\/la-presse-anarchiste.net\/index.php\/wp-json\/wp\/v2\/pages\/4379?print=pdf\" class=\"pdfprnt-button pdfprnt-button-pdf\" target=\"_blank\"><img decoding=\"async\" src=\"https:\/\/la-presse-anarchiste.net\/wp-content\/plugins\/pdf-print\/images\/pdf.png\" alt=\"image_pdf\" title=\"Afficher le PDF\"><\/a><a href=\"https:\/\/la-presse-anarchiste.net\/index.php\/wp-json\/wp\/v2\/pages\/4379?print=print\" class=\"pdfprnt-button pdfprnt-button-print\" target=\"_blank\"><img decoding=\"async\" src=\"https:\/\/la-presse-anarchiste.net\/wp-content\/plugins\/pdf-print\/images\/print.png\" alt=\"image_print\" title=\"Contenu imprim\u00e9\"><\/a><\/div>\n<div class=\"wp-block-group alignfull has-global-padding is-layout-constrained wp-block-group-is-layout-constrained\" style=\"text-align: justify;\">\n<div class=\"wp-block-columns is-layout-flex wp-container-core-columns-is-layout-28f84493 wp-block-columns-is-layout-flex\">\n<div class=\"wp-block-column is-layout-flow wp-block-column-is-layout-flow\" style=\"flex-basis: 100%;\">\n<div class=\"wp-block-group is-content-justification-right is-layout-flex wp-container-core-group-is-layout-4bf92d43 wp-block-group-is-layout-flex\">\n\n\n<div class=\"wp-block-group has-global-padding is-layout-constrained wp-block-group-is-layout-constrained\">\n<p>Les <em>Cahiers de l\u2019hu\u00adma\u00adnisme liber\u00adtaire<\/em> furent la revue phare de Gas\u00adton Leval. Ils suc\u00adc\u00e9\u00add\u00e8rent aux&nbsp; <em>Cahiers du socia\u00adlisme liber\u00adtaire<\/em> dont ils conti\u00adnu\u00e8rent la num\u00e9\u00adro\u00adta\u00adtion (ain\u00adsi, le pre\u00admier num\u00e9\u00adro com\u00admence au 91) et changent de nom pour deve\u00adnir <em>Civi\u00adli\u00adsa\u00adtion Liber\u00adtaire<\/em> en&nbsp;1976.<\/p>\n<p>Elle annonce ses \u00ab&nbsp;buts&nbsp;\u00bb dans de nom\u00adbreux num\u00e9\u00adros&nbsp;: \u00ab&nbsp;Par huma\u00adnisme liber\u00adtaire, nous n\u2019en\u00adten\u00addons pas une vague phi\u00adlo\u00adso\u00adphie en marge des pro\u00adbl\u00e8mes concrets que posent la vie sociale et l\u2019\u00e9\u00advo\u00adlu\u00adtion de l\u2019hu\u00adma\u00adni\u00adt\u00e9, mais une pen\u00ads\u00e9e vivante et une acti\u00advi\u00adt\u00e9 pra\u00adtique pour la cr\u00e9a\u00adtion d\u2019une civi\u00adli\u00adsa\u00adtion nou\u00advelle. Il s\u2019a\u00adgit, certes, d\u2019ins\u00adtau\u00adrer l\u2019\u00e9\u00adga\u00adli\u00adt\u00e9 \u00e9co\u00adno\u00admique, mais il s\u2019a\u00adgit aus\u00adsi d\u2019\u00e9\u00adle\u00adver notre esp\u00e8ce \u00e0 plus de bon\u00adheur et de digni\u00adt\u00e9 gr\u00e2ce \u00e0 une \u00e9thique qui per\u00admet\u00adtra de recons\u00adtruire la soci\u00e9\u00adt\u00e9 pour et par l\u2019homme. Le com\u00adbat que nous menons est donc \u00e0 la fois de carac\u00adt\u00e8re moral, intel\u00adlec\u00adtuel et mat\u00e9\u00adriel\u00adle\u00adment construc\u00adtif&nbsp;; il vise \u00e0 l\u2019im\u00adm\u00e9\u00addiat comme au loin\u00adtain avenir.&nbsp;\u00bb<\/p>\n<p>Au fur et \u00e0 mesure de la pro\u00adgres\u00adsion de ce site, on se rend vite compte de la grande in\u00e9ga\u00adli\u00adt\u00e9 des revues&nbsp;: cer\u00adtaines rel\u00e8vent plus de l\u2019anecdote, voir frisent le ridi\u00adcule\u2026 D\u2019autres marquent de v\u00e9ri\u00adtables jalons et sont des r\u00e9f\u00e9\u00adrences incon\u00adtour\u00adnables pour ceux qui veulent r\u00e9el\u00adle\u00adment appro\u00adfon\u00addir leur connais\u00adsance du mou\u00adve\u00adment et des th\u00e9o\u00adries qui lui sont li\u00e9es. C\u2019est le cas des <em>Temps Nou\u00adveaux,<\/em> de <em>Plus Loin<\/em> des dif\u00adf\u00e9\u00adrentes revues de E. Armand\u2026 et des <em>Cahiers de civi\u00adli\u00adsa\u00adtion libertaire.<\/em><\/p>\n<p>\u00c0 mon (tr\u00e8s) grand regret, je n\u2019ai acc\u00e8s qu\u2019\u00e0 une petite par\u00adtie de cette col\u00adlec\u00adtion, de nom\u00adbreux articles publi\u00e9s sur plu\u00adsieurs num\u00e9\u00adros seront incomplets.<\/p>\n<p>Un tr\u00e8s grand mer\u00adci au CIRA de Lau\u00adsanne et au CDL de Lyon qui m\u2019ont per\u00admit d\u2019a\u00advoir acc\u00e8s \u00e0 ces num\u00e9ros.<\/p>\n<\/div>\n<\/div>\n<\/div>\n<\/div>\n<\/div>\n","protected":false},"excerpt":{"rendered":"<p><sup class=\"numerator\">1963<\/sup>\u2044<sub class=\"denominator\">1971<\/sub><\/p>\n","protected":false},"author":8,"featured_media":4367,"parent":0,"menu_order":220,"comment_status":"closed","ping_status":"closed","template":"wp-custom-template-cahiers-humanisme-libertaire","meta":{"wp_typography_post_enhancements_disabled":false,"footnotes":""},"categories":[],"tags":[],"ppma_author":[680],"class_list":["post-4379","page","type-page","status-publish","has-post-thumbnail","hentry"],"_links":{"self":[{"href":"https:\/\/la-presse-anarchiste.net\/index.php\/wp-json\/wp\/v2\/pages\/4379","targetHints":{"allow":["GET"]}}],"collection":[{"href":"https:\/\/la-presse-anarchiste.net\/index.php\/wp-json\/wp\/v2\/pages"}],"about":[{"href":"https:\/\/la-presse-anarchiste.net\/index.php\/wp-json\/wp\/v2\/types\/page"}],"author":[{"embeddable":true,"href":"https:\/\/la-presse-anarchiste.net\/index.php\/wp-json\/wp\/v2\/users\/8"}],"replies":[{"embeddable":true,"href":"https:\/\/la-presse-anarchiste.net\/index.php\/wp-json\/wp\/v2\/comments?post=4379"}],"version-history":[{"count":48,"href":"https:\/\/la-presse-anarchiste.net\/index.php\/wp-json\/wp\/v2\/pages\/4379\/revisions"}],"predecessor-version":[{"id":7268,"href":"https:\/\/la-presse-anarchiste.net\/index.php\/wp-json\/wp\/v2\/pages\/4379\/revisions\/7268"}],"wp:featuredmedia":[{"embeddable":true,"href":"https:\/\/la-presse-anarchiste.net\/index.php\/wp-json\/wp\/v2\/media\/4367"}],"wp:attachment":[{"href":"https:\/\/la-presse-anarchiste.net\/index.php\/wp-json\/wp\/v2\/media?parent=4379"}],"wp:term":[{"taxonomy":"category","embeddable":true,"href":"https:\/\/la-presse-anarchiste.net\/index.php\/wp-json\/wp\/v2\/categories?post=4379"},{"taxonomy":"post_tag","embeddable":true,"href":"https:\/\/la-presse-anarchiste.net\/index.php\/wp-json\/wp\/v2\/tags?post=4379"},{"taxonomy":"author","embeddable":true,"href":"https:\/\/la-presse-anarchiste.net\/index.php\/wp-json\/wp\/v2\/ppma_author?post=4379"}],"curies":[{"name":"wp","href":"https:\/\/api.w.org\/{rel}","templated":true}]}}