{"id":4448,"date":"1908-01-01T00:01:34","date_gmt":"1908-01-01T00:01:34","guid":{"rendered":"https:\/\/la-presse-anarchiste.net\/?page_id=4448"},"modified":"2024-04-16T12:47:02","modified_gmt":"2024-04-16T12:47:02","slug":"action-directe-l-1908","status":"publish","type":"page","link":"https:\/\/la-presse-anarchiste.net\/index.php\/action-directe-l-1908\/","title":{"rendered":"L\u2019Action Directe"},"content":{"rendered":"<div class=\"pdfprnt-buttons pdfprnt-buttons-page pdfprnt-top-right\"><a href=\"https:\/\/la-presse-anarchiste.net\/index.php\/wp-json\/wp\/v2\/pages\/4448?print=pdf\" class=\"pdfprnt-button pdfprnt-button-pdf\" target=\"_blank\"><img decoding=\"async\" src=\"https:\/\/la-presse-anarchiste.net\/wp-content\/plugins\/pdf-print\/images\/pdf.png\" alt=\"image_pdf\" title=\"Afficher le PDF\"><\/a><a href=\"https:\/\/la-presse-anarchiste.net\/index.php\/wp-json\/wp\/v2\/pages\/4448?print=print\" class=\"pdfprnt-button pdfprnt-button-print\" target=\"_blank\"><img decoding=\"async\" src=\"https:\/\/la-presse-anarchiste.net\/wp-content\/plugins\/pdf-print\/images\/print.png\" alt=\"image_print\" title=\"Contenu imprim\u00e9\"><\/a><\/div><p>L\u2019Ac\u00adtion Directe fut l\u2019or\u00adgane de la frac\u00adtion syn\u00addi\u00adca\u00adliste r\u00e9vo\u00adlu\u00adtion\u00adnaire de la CGT qui s\u2019op\u00adpo\u00adsait aux ten\u00adta\u00adtives de r\u00e9cu\u00adp\u00e9\u00adra\u00adtions poli\u00adti\u00adciennes du syndicat.<\/p>\n<p>De paru\u00adtion heb\u00addo\u00adma\u00addaire, elle eut 32 num\u00e9\u00adros (et deux hors s\u00e9rie). Il man\u00adque\u00adra deux num\u00e9\u00adros \u00e0 la s\u00e9rie pr\u00e9\u00adsen\u00adt\u00e9e ici (22 et 32&nbsp;bis).<\/p>\n<p>On y retrouve des signa\u00adtures \u201cpres\u00adti\u00adgieuses\u201d telle que celle de James Guillaume, Grif\u00adfuelhes, Dunois, Mer\u00adrheim\u2026 et de nom\u00adbreux articles pol\u00e9\u00admiques extr\u00ea\u00adme\u00adment int\u00e9ressants.<\/p>\n<p>\u00c0 noter que la s\u00e9rie \u00e0 laquelle j\u2019ai acc\u00e8s est for\u00adte\u00adment endom\u00adma\u00adg\u00e9e, cer\u00adtains exem\u00adplaires tombent lit\u00adt\u00e9\u00adra\u00adle\u00adment en pi\u00e8ces et, par\u00adfois, je serais dans l\u2019o\u00adbli\u00adga\u00adtion\u200a\u2014\u200a&nbsp;quand cela sera pos\u00adsible\u200a\u2014\u200ad\u2019ex\u00adtra\u00adpo\u00adler le texte man\u00adquant. Dans de tel cas, cela sera indi\u00adqu\u00e9 dans le texte des articles concern\u00e9s.<\/p>\n","protected":false},"excerpt":{"rendered":"<p>1908<\/p>\n","protected":false},"author":1,"featured_media":5043,"parent":0,"menu_order":10,"comment_status":"closed","ping_status":"closed","template":"wp-custom-template-cahiers-humanisme-libertaire","meta":{"wp_typography_post_enhancements_disabled":false,"footnotes":""},"categories":[],"tags":[],"ppma_author":[540],"class_list":["post-4448","page","type-page","status-publish","has-post-thumbnail","hentry"],"_links":{"self":[{"href":"https:\/\/la-presse-anarchiste.net\/index.php\/wp-json\/wp\/v2\/pages\/4448","targetHints":{"allow":["GET"]}}],"collection":[{"href":"https:\/\/la-presse-anarchiste.net\/index.php\/wp-json\/wp\/v2\/pages"}],"about":[{"href":"https:\/\/la-presse-anarchiste.net\/index.php\/wp-json\/wp\/v2\/types\/page"}],"author":[{"embeddable":true,"href":"https:\/\/la-presse-anarchiste.net\/index.php\/wp-json\/wp\/v2\/users\/1"}],"replies":[{"embeddable":true,"href":"https:\/\/la-presse-anarchiste.net\/index.php\/wp-json\/wp\/v2\/comments?post=4448"}],"version-history":[{"count":4,"href":"https:\/\/la-presse-anarchiste.net\/index.php\/wp-json\/wp\/v2\/pages\/4448\/revisions"}],"predecessor-version":[{"id":6282,"href":"https:\/\/la-presse-anarchiste.net\/index.php\/wp-json\/wp\/v2\/pages\/4448\/revisions\/6282"}],"wp:featuredmedia":[{"embeddable":true,"href":"https:\/\/la-presse-anarchiste.net\/index.php\/wp-json\/wp\/v2\/media\/5043"}],"wp:attachment":[{"href":"https:\/\/la-presse-anarchiste.net\/index.php\/wp-json\/wp\/v2\/media?parent=4448"}],"wp:term":[{"taxonomy":"category","embeddable":true,"href":"https:\/\/la-presse-anarchiste.net\/index.php\/wp-json\/wp\/v2\/categories?post=4448"},{"taxonomy":"post_tag","embeddable":true,"href":"https:\/\/la-presse-anarchiste.net\/index.php\/wp-json\/wp\/v2\/tags?post=4448"},{"taxonomy":"author","embeddable":true,"href":"https:\/\/la-presse-anarchiste.net\/index.php\/wp-json\/wp\/v2\/ppma_author?post=4448"}],"curies":[{"name":"wp","href":"https:\/\/api.w.org\/{rel}","templated":true}]}}