{"id":4835,"date":"1958-01-30T14:02:45","date_gmt":"1958-01-30T14:02:45","guid":{"rendered":"https:\/\/la-presse-anarchiste.net\/?page_id=4835"},"modified":"2025-07-14T18:20:46","modified_gmt":"2025-07-14T18:20:46","slug":"liberte-1958-1971","status":"publish","type":"page","link":"https:\/\/la-presse-anarchiste.net\/index.php\/liberte-1958-1971\/","title":{"rendered":"Libert\u00e9"},"content":{"rendered":"<div class=\"pdfprnt-buttons pdfprnt-buttons-page pdfprnt-top-right\"><a href=\"https:\/\/la-presse-anarchiste.net\/index.php\/wp-json\/wp\/v2\/pages\/4835?print=pdf\" class=\"pdfprnt-button pdfprnt-button-pdf\" target=\"_blank\"><img decoding=\"async\" src=\"https:\/\/la-presse-anarchiste.net\/wp-content\/plugins\/pdf-print\/images\/pdf.png\" alt=\"image_pdf\" title=\"Afficher le PDF\"><\/a><a href=\"https:\/\/la-presse-anarchiste.net\/index.php\/wp-json\/wp\/v2\/pages\/4835?print=print\" class=\"pdfprnt-button pdfprnt-button-print\" target=\"_blank\"><img decoding=\"async\" src=\"https:\/\/la-presse-anarchiste.net\/wp-content\/plugins\/pdf-print\/images\/print.png\" alt=\"image_print\" title=\"Contenu imprim\u00e9\"><\/a><\/div><p>Liber\u00adt\u00e9 fut la revue \u00e9di\u00adt\u00e9e par Louis Lecoin pour appuyer sa cam\u00adpagne en faveur de l\u2019objection de conscience. Elle eut 180 num\u00e9\u00adros et devait arr\u00ea\u00adter sa paru\u00adtion avec le d\u00e9c\u00e8s de son animateur.<\/p>\n<p>Elle n\u2019\u00e9tait pas sp\u00e9\u00adci\u00adfi\u00adque\u00adment anar\u00adchiste, au sens ortho\u00addoxe du terme (si cela veut dire quelque chose) mais accueillait des auteurs hors du cercle \u00e9troit des mili\u00adtants libertaires.<\/p>\n<p>Le conte\u00adnu est sou\u00advent d\u2019excellente qua\u00adli\u00adt\u00e9 et on y trouve\u200a\u2014\u200aentre autre\u200a\u2014\u200abeau\u00adcoup d\u2019articles de Charles-Auguste Bon\u00adtemps, Pierre-Valen\u00adtin Ber\u00adthier etc. Moins sym\u00adpa\u00adthique, on y croise aus\u00adsi la plume de Paul Ras\u00adsi\u00adnier, de triste m\u00e9moire, alors que ses id\u00e9es nau\u00ads\u00e9euses n\u2019\u00e9taient pas encore connues (ce n\u2019est que bien plus tard qu\u2019il fut confon\u00addu et expul\u00ads\u00e9 avec fra\u00adcas du mou\u00adve\u00adment anarchiste).<\/p>\n<p>Pour les impa\u00adtients, j\u2019ai com\u00admen\u00adc\u00e9 \u00e0 mettre les num\u00e9\u00adros au for\u00admat image sur la pla\u00adte\u00adforme inter\u00adnet archives. Vous pou\u00advez consul\u00adter les 40 pre\u00admiers et j\u2019essayerai de rendre l\u2019int\u00e9gralit\u00e9 de la col\u00adlec\u00adtion dis\u00adpo\u00adnible au plus t\u00f4t par ce&nbsp;biais)<\/p>\n","protected":false},"excerpt":{"rendered":"<p><sup class=\"numerator\">1958<\/sup>\u2044<sub class=\"denominator\">1971<\/sub><\/p>\n","protected":false},"author":1,"featured_media":4836,"parent":0,"menu_order":1370,"comment_status":"closed","ping_status":"closed","template":"wp-custom-template-cahiers-humanisme-libertaire","meta":{"wp_typography_post_enhancements_disabled":false,"footnotes":""},"categories":[],"tags":[],"ppma_author":[540],"class_list":["post-4835","page","type-page","status-publish","has-post-thumbnail","hentry"],"_links":{"self":[{"href":"https:\/\/la-presse-anarchiste.net\/index.php\/wp-json\/wp\/v2\/pages\/4835","targetHints":{"allow":["GET"]}}],"collection":[{"href":"https:\/\/la-presse-anarchiste.net\/index.php\/wp-json\/wp\/v2\/pages"}],"about":[{"href":"https:\/\/la-presse-anarchiste.net\/index.php\/wp-json\/wp\/v2\/types\/page"}],"author":[{"embeddable":true,"href":"https:\/\/la-presse-anarchiste.net\/index.php\/wp-json\/wp\/v2\/users\/1"}],"replies":[{"embeddable":true,"href":"https:\/\/la-presse-anarchiste.net\/index.php\/wp-json\/wp\/v2\/comments?post=4835"}],"version-history":[{"count":4,"href":"https:\/\/la-presse-anarchiste.net\/index.php\/wp-json\/wp\/v2\/pages\/4835\/revisions"}],"predecessor-version":[{"id":8741,"href":"https:\/\/la-presse-anarchiste.net\/index.php\/wp-json\/wp\/v2\/pages\/4835\/revisions\/8741"}],"wp:featuredmedia":[{"embeddable":true,"href":"https:\/\/la-presse-anarchiste.net\/index.php\/wp-json\/wp\/v2\/media\/4836"}],"wp:attachment":[{"href":"https:\/\/la-presse-anarchiste.net\/index.php\/wp-json\/wp\/v2\/media?parent=4835"}],"wp:term":[{"taxonomy":"category","embeddable":true,"href":"https:\/\/la-presse-anarchiste.net\/index.php\/wp-json\/wp\/v2\/categories?post=4835"},{"taxonomy":"post_tag","embeddable":true,"href":"https:\/\/la-presse-anarchiste.net\/index.php\/wp-json\/wp\/v2\/tags?post=4835"},{"taxonomy":"author","embeddable":true,"href":"https:\/\/la-presse-anarchiste.net\/index.php\/wp-json\/wp\/v2\/ppma_author?post=4835"}],"curies":[{"name":"wp","href":"https:\/\/api.w.org\/{rel}","templated":true}]}}