{"id":4943,"date":"2023-08-22T11:54:47","date_gmt":"2023-08-22T11:54:47","guid":{"rendered":"https:\/\/la-presse-anarchiste.net\/?page_id=4943"},"modified":"2024-04-19T12:47:38","modified_gmt":"2024-04-19T12:47:38","slug":"iztok-1980-1991","status":"publish","type":"page","link":"https:\/\/la-presse-anarchiste.net\/index.php\/iztok-1980-1991\/","title":{"rendered":"Iztok (1980\/\u200b1991)"},"content":{"rendered":"<div class=\"pdfprnt-buttons pdfprnt-buttons-page pdfprnt-top-right\"><a href=\"https:\/\/la-presse-anarchiste.net\/index.php\/wp-json\/wp\/v2\/pages\/4943?print=pdf\" class=\"pdfprnt-button pdfprnt-button-pdf\" target=\"_blank\"><img decoding=\"async\" src=\"https:\/\/la-presse-anarchiste.net\/wp-content\/plugins\/pdf-print\/images\/pdf.png\" alt=\"image_pdf\" title=\"Afficher le PDF\"><\/a><a href=\"https:\/\/la-presse-anarchiste.net\/index.php\/wp-json\/wp\/v2\/pages\/4943?print=print\" class=\"pdfprnt-button pdfprnt-button-print\" target=\"_blank\"><img decoding=\"async\" src=\"https:\/\/la-presse-anarchiste.net\/wp-content\/plugins\/pdf-print\/images\/print.png\" alt=\"image_print\" title=\"Contenu imprim\u00e9\"><\/a><\/div><table class=\"wp-list-table widefat fixed striped table-view-list tags\">\n<tbody id=\"the-list\" data-wp-lists=\"list:tag\">\n<tr id=\"tag-79\" class=\"level-0\">\n<td class=\"description column-description\" data-colname=\"Description\"><em>Iztok<\/em> fut la revue \u00e9di\u00adt\u00e9e par un groupe d\u2019exil\u00e9s des pays de l\u2019Est (Bul\u00adga\u00adrie, Pologne, Roumanie).\n<p>V\u00e9ri\u00adtable source d\u2019informations sur ces pays, elle dis\u00adpa\u00adrut avec les r\u00e9gimes com\u00admu\u00adnistes tota\u00adli\u00adtaires qui y s\u00e9vis\u00adsaient. Tou\u00adte\u00adfois, la revue ne se limi\u00adtait pas \u00e0 la seule Europe de l\u2019Est, de nom\u00adbreux articles abor\u00addaient la situa\u00adtion \u00e0 Cuba ou en&nbsp;Chine.<\/p>\n<p><em>Iztok<\/em> n\u2019eut que 20 num\u00e9\u00adros, elle \u00e9tait (\u00e0 mon avis) l\u2019une des meilleures revues de l\u2019\u00e9poque&nbsp;: textes clairs, sujets vari\u00e9s pr\u00e9\u00adsen\u00adtant et des articles th\u00e9o\u00adriques et des articles d\u2019actualit\u00e9.<\/p>\n<p>Entre autres par\u00adti\u00adcu\u00adla\u00adri\u00adt\u00e9s, il faut noter qu\u2019<em>Iztok<\/em> eut des \u00e9di\u00adtions en langues \u00e9tran\u00adg\u00e8res&nbsp;: bul\u00adgare, russe, polo\u00adnais, rou\u00admains. Il ne m\u2019a \u00e9t\u00e9 pos\u00adsible que de trou\u00adver un num\u00e9\u00adro en bul\u00adgare et un autre en polo\u00adnais. J\u2019esp\u00e8re pou\u00advoir les publier, mais rien n\u2019est moins&nbsp;s\u00fbr.<\/p>\n<p>Cette revue est publi\u00e9e ici avec l\u2019accord sym\u00adpa\u00adthique (et enthou\u00adsiaste) de Nico\u00adlas Tri\u00adfon qui l\u2019anima. Mer\u00adci \u00e0 lui et au groupe liber\u00adtaire Jules Durand qui m\u2019a four\u00adni une par\u00adtie des num\u00e9\u00adros. Nico\u00adlas \u00e0 accep\u00adt\u00e9 de <a href=\"http:\/\/Iztok fut la revue \u00e9dit\u00e9e par un groupe d\u2019exil\u00e9s des pays de l\u2019Est (Bulgarie, Pologne, Roumanie). V\u00e9ritable source d\u2019informations sur ces pays, elle disparut avec les r\u00e9gimes communistes totalitaires qui y s\u00e9vissaient. Toutefois, la revue ne se limitait pas \u00e0 la seule Europe de l\u2019Est, de nombreux articles abordaient la situation \u00e0 Cuba ou en Chine. Iztok n\u2019eut que 20 num\u00e9ros, elle \u00e9tait (\u00e0 mon avis) l\u2019une des meilleures revues de l\u2019\u00e9poque&nbsp;: textes clairs, sujets vari\u00e9s pr\u00e9sentant et des articles th\u00e9oriques et des articles d\u2019actualit\u00e9. Entre autres particularit\u00e9s, il faut noter qu\u2019Iztok eut des \u00e9ditions en langues \u00e9trang\u00e8res&nbsp;: bulgare, russe, polonais, roumains. Il ne m\u2019a \u00e9t\u00e9 possible que de trouver un num\u00e9ro en bulgare et un autre en polonais. J\u2019esp\u00e8re pouvoir les publier, mais rien n\u2019est moins s\u00fbr. Cette revue est publi\u00e9e ici avec l\u2019accord sympathique (et enthousiaste) de Nicolas Trifon qui l\u2019anima. Merci \u00e0 lui et au groupe libertaire Jules Durand qui m\u2019a fourni une partie des num\u00e9ros. Nicolas \u00e0 accept\u00e9 de revenir dans un article pour le site sur l\u2019histoire de cette revue.\">reve\u00adnir dans un article pour le site<\/a> sur l\u2019histoire de cette&nbsp;revue.<\/p><\/td>\n<td class=\"slug column-slug\" data-colname=\"Slug\"><\/td>\n<\/tr>\n<\/tbody>\n<\/table>\n","protected":false},"excerpt":{"rendered":"<p><sup class=\"numerator\">1980<\/sup>\u2044<sub class=\"denominator\">1991<\/sub><\/p>\n","protected":false},"author":8,"featured_media":5945,"parent":0,"menu_order":890,"comment_status":"closed","ping_status":"closed","template":"wp-custom-template-cahiers-humanisme-libertaire","meta":{"wp_typography_post_enhancements_disabled":false,"footnotes":""},"categories":[79],"tags":[],"ppma_author":[680],"class_list":["post-4943","page","type-page","status-publish","has-post-thumbnail","hentry","category-iztok-1980-1991"],"_links":{"self":[{"href":"https:\/\/la-presse-anarchiste.net\/index.php\/wp-json\/wp\/v2\/pages\/4943","targetHints":{"allow":["GET"]}}],"collection":[{"href":"https:\/\/la-presse-anarchiste.net\/index.php\/wp-json\/wp\/v2\/pages"}],"about":[{"href":"https:\/\/la-presse-anarchiste.net\/index.php\/wp-json\/wp\/v2\/types\/page"}],"author":[{"embeddable":true,"href":"https:\/\/la-presse-anarchiste.net\/index.php\/wp-json\/wp\/v2\/users\/8"}],"replies":[{"embeddable":true,"href":"https:\/\/la-presse-anarchiste.net\/index.php\/wp-json\/wp\/v2\/comments?post=4943"}],"version-history":[{"count":5,"href":"https:\/\/la-presse-anarchiste.net\/index.php\/wp-json\/wp\/v2\/pages\/4943\/revisions"}],"predecessor-version":[{"id":6896,"href":"https:\/\/la-presse-anarchiste.net\/index.php\/wp-json\/wp\/v2\/pages\/4943\/revisions\/6896"}],"wp:featuredmedia":[{"embeddable":true,"href":"https:\/\/la-presse-anarchiste.net\/index.php\/wp-json\/wp\/v2\/media\/5945"}],"wp:attachment":[{"href":"https:\/\/la-presse-anarchiste.net\/index.php\/wp-json\/wp\/v2\/media?parent=4943"}],"wp:term":[{"taxonomy":"category","embeddable":true,"href":"https:\/\/la-presse-anarchiste.net\/index.php\/wp-json\/wp\/v2\/categories?post=4943"},{"taxonomy":"post_tag","embeddable":true,"href":"https:\/\/la-presse-anarchiste.net\/index.php\/wp-json\/wp\/v2\/tags?post=4943"},{"taxonomy":"author","embeddable":true,"href":"https:\/\/la-presse-anarchiste.net\/index.php\/wp-json\/wp\/v2\/ppma_author?post=4943"}],"curies":[{"name":"wp","href":"https:\/\/api.w.org\/{rel}","templated":true}]}}