{"id":5101,"date":"2023-08-29T11:01:46","date_gmt":"2023-08-29T11:01:46","guid":{"rendered":"https:\/\/la-presse-anarchiste.net\/?page_id=5101"},"modified":"2024-04-19T10:24:58","modified_gmt":"2024-04-19T10:24:58","slug":"anarchisme-et-non-violence-1965-1974","status":"publish","type":"page","link":"https:\/\/la-presse-anarchiste.net\/index.php\/anarchisme-et-non-violence-1965-1974\/","title":{"rendered":"Anarchisme et non-violence"},"content":{"rendered":"<div class=\"pdfprnt-buttons pdfprnt-buttons-page pdfprnt-top-right\"><a href=\"https:\/\/la-presse-anarchiste.net\/index.php\/wp-json\/wp\/v2\/pages\/5101?print=pdf\" class=\"pdfprnt-button pdfprnt-button-pdf\" target=\"_blank\"><img decoding=\"async\" src=\"https:\/\/la-presse-anarchiste.net\/wp-content\/plugins\/pdf-print\/images\/pdf.png\" alt=\"image_pdf\" title=\"Afficher le PDF\"><\/a><a href=\"https:\/\/la-presse-anarchiste.net\/index.php\/wp-json\/wp\/v2\/pages\/5101?print=print\" class=\"pdfprnt-button pdfprnt-button-print\" target=\"_blank\"><img decoding=\"async\" src=\"https:\/\/la-presse-anarchiste.net\/wp-content\/plugins\/pdf-print\/images\/print.png\" alt=\"image_print\" title=\"Contenu imprim\u00e9\"><\/a><\/div><p style=\"text-align: justify;\">Revue qui eut 33 num\u00e9\u00adros, entre 1965 et&nbsp;1974.<\/p>\n<p style=\"text-align: justify;\">Comme son nom l\u2019indique, elle \u00e9tait essen\u00adtiel\u00adle\u00adment int\u00e9\u00adres\u00ads\u00e9e par l\u2019\u00e9tude du paci\u00adfisme, de la lutte non-violente.<\/p>\n<p style=\"text-align: justify;\"><a href=\"http:\/\/www.plusloin.org\/refractions\/refractions5\/anv-bernard.htm\">Un article d\u2019Andr\u00e9 Ber\u00adnard<\/a> paru dans le num\u00e9\u00adro 5 de R\u00e9frac\u00adtions retrace l\u2019histoire de cette&nbsp;revue.<\/p>\n<p style=\"text-align: justify;\">Un grand mer\u00adci \u00e0 Andr\u00e9 pour son aide pr\u00e9\u00adcieuse pour la trans\u00adcrip\u00adtion des num\u00e9\u00adros et \u00e0 Yan\u00adnick qui remet en ligne les revues.<\/p>\n<p>Pour illus\u00adtrer les articles, j\u2019ai r\u00e9cu\u00adp\u00e9\u00adr\u00e9 les cou\u00adver\u00adtures sur <a href=\"https:\/\/cras31.info\/?lang=fr\">le site du CRAS-Tou\u00adlouse<\/a> qui a num\u00e9\u00adri\u00ads\u00e9 la col\u00adlec\u00adtion com\u00adpl\u00e8te d\u2019<em>Anar\u00adchisme et non-vio\u00adlence<\/em> et bien d\u2019autres revues.<\/p>\n","protected":false},"excerpt":{"rendered":"<p><sup class=\"numerator\">1965<\/sup>\u2044<sub class=\"denominator\">1974<\/sub><\/p>\n","protected":false},"author":8,"featured_media":5102,"parent":0,"menu_order":20,"comment_status":"closed","ping_status":"closed","template":"wp-custom-template-cahiers-humanisme-libertaire","meta":{"wp_typography_post_enhancements_disabled":false,"footnotes":""},"categories":[],"tags":[],"ppma_author":[680],"class_list":["post-5101","page","type-page","status-publish","has-post-thumbnail","hentry"],"_links":{"self":[{"href":"https:\/\/la-presse-anarchiste.net\/index.php\/wp-json\/wp\/v2\/pages\/5101","targetHints":{"allow":["GET"]}}],"collection":[{"href":"https:\/\/la-presse-anarchiste.net\/index.php\/wp-json\/wp\/v2\/pages"}],"about":[{"href":"https:\/\/la-presse-anarchiste.net\/index.php\/wp-json\/wp\/v2\/types\/page"}],"author":[{"embeddable":true,"href":"https:\/\/la-presse-anarchiste.net\/index.php\/wp-json\/wp\/v2\/users\/8"}],"replies":[{"embeddable":true,"href":"https:\/\/la-presse-anarchiste.net\/index.php\/wp-json\/wp\/v2\/comments?post=5101"}],"version-history":[{"count":4,"href":"https:\/\/la-presse-anarchiste.net\/index.php\/wp-json\/wp\/v2\/pages\/5101\/revisions"}],"predecessor-version":[{"id":6283,"href":"https:\/\/la-presse-anarchiste.net\/index.php\/wp-json\/wp\/v2\/pages\/5101\/revisions\/6283"}],"wp:featuredmedia":[{"embeddable":true,"href":"https:\/\/la-presse-anarchiste.net\/index.php\/wp-json\/wp\/v2\/media\/5102"}],"wp:attachment":[{"href":"https:\/\/la-presse-anarchiste.net\/index.php\/wp-json\/wp\/v2\/media?parent=5101"}],"wp:term":[{"taxonomy":"category","embeddable":true,"href":"https:\/\/la-presse-anarchiste.net\/index.php\/wp-json\/wp\/v2\/categories?post=5101"},{"taxonomy":"post_tag","embeddable":true,"href":"https:\/\/la-presse-anarchiste.net\/index.php\/wp-json\/wp\/v2\/tags?post=5101"},{"taxonomy":"author","embeddable":true,"href":"https:\/\/la-presse-anarchiste.net\/index.php\/wp-json\/wp\/v2\/ppma_author?post=5101"}],"curies":[{"name":"wp","href":"https:\/\/api.w.org\/{rel}","templated":true}]}}