{"id":5235,"date":"1966-10-01T00:01:24","date_gmt":"1966-10-01T00:01:24","guid":{"rendered":"https:\/\/la-presse-anarchiste.net\/?page_id=5235"},"modified":"2024-04-22T09:34:30","modified_gmt":"2024-04-22T09:34:30","slug":"anarchisme-et-non-violence-n6-octobre-1966","status":"publish","type":"page","link":"https:\/\/la-presse-anarchiste.net\/index.php\/anarchisme-et-non-violence-1965-1974\/anarchisme-et-non-violence-n6-octobre-1966\/","title":{"rendered":"Anarchisme et non-violence n\u00b06"},"content":{"rendered":"<div class=\"pdfprnt-buttons pdfprnt-buttons-page pdfprnt-top-right\"><a href=\"https:\/\/la-presse-anarchiste.net\/index.php\/wp-json\/wp\/v2\/pages\/5235?print=pdf\" class=\"pdfprnt-button pdfprnt-button-pdf\" target=\"_blank\"><img decoding=\"async\" src=\"https:\/\/la-presse-anarchiste.net\/wp-content\/plugins\/pdf-print\/images\/pdf.png\" alt=\"image_pdf\" title=\"Afficher le PDF\"><\/a><a href=\"https:\/\/la-presse-anarchiste.net\/index.php\/wp-json\/wp\/v2\/pages\/5235?print=print\" class=\"pdfprnt-button pdfprnt-button-print\" target=\"_blank\"><img decoding=\"async\" src=\"https:\/\/la-presse-anarchiste.net\/wp-content\/plugins\/pdf-print\/images\/print.png\" alt=\"image_print\" title=\"Contenu imprim\u00e9\"><\/a><\/div><h5>Au sommaire<\/h5>\n<p><a href=\"https:\/\/la-presse-anarchiste.net\/index.php\/1966\/10\/01\/violence-et-non-violence-dans-la-revolution-anarchiste\/\">Vio\u00adlence et non-vio\u00adlence dans la r\u00e9vo\u00adlu\u00adtion anarchiste<\/a><\/p>\n<p>Antho\u00adlo\u00adgie pr\u00e9\u00adsen\u00adt\u00e9e par Lucien Gre\u00adlaud, pr\u00e9\u00adface de Marie Martin<\/p>\n<p style=\"text-align: justify;\">\u00c0 noter que cette antho\u00adlo\u00adgie valut \u00e0 son auteur, Lucien Gre\u00adlaud, une r\u00e9ponse rela\u00adti\u00adve\u00adment \u00ab&nbsp;d\u00e9sa\u00adgr\u00e9able&nbsp;\u00bb (pour employer un terme cor\u00adrect\u2026) de la part d\u2019Hem Day, sans doute bles\u00ads\u00e9 dans son amour propre de ne pas avoir \u00e9t\u00e9 cit\u00e9. Cette \u00ab&nbsp;lettre ouverte&nbsp;\u00bb, peu flat\u00adteuse pour son auteur\u200a\u2014\u200aqui d\u00e9montre avec brio que l\u2019on peut \u00eatre un brillant mili\u00adtant, un esprit \u00e9clai\u00adr\u00e9 et avoir tout de m\u00eame des r\u00e9ac\u00adtions de pauvre type\u200a\u2014\u200aest sui\u00advie de la r\u00e9ponse de Lucien Gre\u00adlaud. Le tout a \u00e9t\u00e9 publi\u00e9e <a href=\"https:\/\/la-presse-anarchiste.net\/index.php\/anarchisme-et-non-violence-1965-1974\/anarchisme-et-non-violence-n7-janvier-1967\/\">dans le num\u00e9\u00adro sui\u00advant<\/a>.<\/p>\n","protected":false},"excerpt":{"rendered":"<p>Octobre 1966<\/p>\n","protected":false},"author":8,"featured_media":5236,"parent":5101,"menu_order":6,"comment_status":"closed","ping_status":"closed","template":"wp-custom-template-cahiers-humanisme-libertaire","meta":{"wp_typography_post_enhancements_disabled":false,"footnotes":""},"categories":[],"tags":[],"ppma_author":[680],"class_list":["post-5235","page","type-page","status-publish","has-post-thumbnail","hentry"],"_links":{"self":[{"href":"https:\/\/la-presse-anarchiste.net\/index.php\/wp-json\/wp\/v2\/pages\/5235","targetHints":{"allow":["GET"]}}],"collection":[{"href":"https:\/\/la-presse-anarchiste.net\/index.php\/wp-json\/wp\/v2\/pages"}],"about":[{"href":"https:\/\/la-presse-anarchiste.net\/index.php\/wp-json\/wp\/v2\/types\/page"}],"author":[{"embeddable":true,"href":"https:\/\/la-presse-anarchiste.net\/index.php\/wp-json\/wp\/v2\/users\/8"}],"replies":[{"embeddable":true,"href":"https:\/\/la-presse-anarchiste.net\/index.php\/wp-json\/wp\/v2\/comments?post=5235"}],"version-history":[{"count":7,"href":"https:\/\/la-presse-anarchiste.net\/index.php\/wp-json\/wp\/v2\/pages\/5235\/revisions"}],"predecessor-version":[{"id":7070,"href":"https:\/\/la-presse-anarchiste.net\/index.php\/wp-json\/wp\/v2\/pages\/5235\/revisions\/7070"}],"up":[{"embeddable":true,"href":"https:\/\/la-presse-anarchiste.net\/index.php\/wp-json\/wp\/v2\/pages\/5101"}],"wp:featuredmedia":[{"embeddable":true,"href":"https:\/\/la-presse-anarchiste.net\/index.php\/wp-json\/wp\/v2\/media\/5236"}],"wp:attachment":[{"href":"https:\/\/la-presse-anarchiste.net\/index.php\/wp-json\/wp\/v2\/media?parent=5235"}],"wp:term":[{"taxonomy":"category","embeddable":true,"href":"https:\/\/la-presse-anarchiste.net\/index.php\/wp-json\/wp\/v2\/categories?post=5235"},{"taxonomy":"post_tag","embeddable":true,"href":"https:\/\/la-presse-anarchiste.net\/index.php\/wp-json\/wp\/v2\/tags?post=5235"},{"taxonomy":"author","embeddable":true,"href":"https:\/\/la-presse-anarchiste.net\/index.php\/wp-json\/wp\/v2\/ppma_author?post=5235"}],"curies":[{"name":"wp","href":"https:\/\/api.w.org\/{rel}","templated":true}]}}