{"id":5314,"date":"1887-05-01T00:01:28","date_gmt":"1887-05-01T00:01:28","guid":{"rendered":"https:\/\/la-presse-anarchiste.net\/?page_id=5314"},"modified":"2024-04-30T06:28:30","modified_gmt":"2024-04-30T06:28:30","slug":"lautonomie-individuelle-n1-mai-1887","status":"publish","type":"page","link":"https:\/\/la-presse-anarchiste.net\/index.php\/lautonomie-individuelle-1887-1888\/lautonomie-individuelle-n1-mai-1887\/","title":{"rendered":"L\u2019Autonomie Individuelle n\u00b01"},"content":{"rendered":"<div class=\"pdfprnt-buttons pdfprnt-buttons-page pdfprnt-top-right\"><a href=\"https:\/\/la-presse-anarchiste.net\/index.php\/wp-json\/wp\/v2\/pages\/5314?print=pdf\" class=\"pdfprnt-button pdfprnt-button-pdf\" target=\"_blank\"><img decoding=\"async\" src=\"https:\/\/la-presse-anarchiste.net\/wp-content\/plugins\/pdf-print\/images\/pdf.png\" alt=\"image_pdf\" title=\"Afficher le PDF\"><\/a><a href=\"https:\/\/la-presse-anarchiste.net\/index.php\/wp-json\/wp\/v2\/pages\/5314?print=print\" class=\"pdfprnt-button pdfprnt-button-print\" target=\"_blank\"><img decoding=\"async\" src=\"https:\/\/la-presse-anarchiste.net\/wp-content\/plugins\/pdf-print\/images\/print.png\" alt=\"image_print\" title=\"Contenu imprim\u00e9\"><\/a><\/div><h5>Au sommaire<\/h5>\n<ul>\n<li><a href=\"https:\/\/la-presse-anarchiste.net\/index.php\/1887\/05\/01\/a-nos-amis-3\/\">\u00c0 nos amis<\/a> (La R\u00e9daction)<\/li>\n<li><a href=\"https:\/\/la-presse-anarchiste.net\/index.php\/1887\/05\/01\/a-propos-du-suffrage-universel\/\">\u00c0 pro\u00adpos du suf\u00adfrage uni\u00adver\u00adsel<\/a> (Charles Sch\u00e6ffer)<\/li>\n<li><a href=\"https:\/\/la-presse-anarchiste.net\/index.php\/1887\/05\/01\/compagnons-de-lautonomie-individuelle\/\">Com\u00adpa\u00adgnons de <em>l\u2019Autonomie Indi\u00advi\u00adduelle<\/em><\/a> (Jean-Bap\u00adtiste Louiche)<\/li>\n<li><a href=\"https:\/\/la-presse-anarchiste.net\/index.php\/2009\/02\/13\/lindividualisme\/\">L\u2019individualisme<\/a> (Georges Deherme)<\/li>\n<li><a href=\"https:\/\/la-presse-anarchiste.net\/index.php\/1887\/05\/01\/communistes-et-individualistes\/\">Com\u00admu\u00adnistes et Indi\u00advi\u00addua\u00adlistes<\/a> (Hen\u00adri Riocreux)<\/li>\n<li><a href=\"https:\/\/la-presse-anarchiste.net\/index.php\/1887\/05\/01\/un-congres-necessaire\/\">Un Congr\u00e8s n\u00e9ces\u00adsaire<\/a> (Lucien Pemjean)<\/li>\n<li><b>La d\u00e9ca\u00addence bourgeoise<\/b>\n<ul>\n<li><a href=\"https:\/\/la-presse-anarchiste.net\/index.php\/1887\/05\/01\/la-decadence-bourgeoise\/\">P\u00e9riode pro\u00adgres\u00adsive\u200a\u2014\u200a<sup class=\"numerator\">1792<\/sup>\u2044<sub class=\"denominator\">1830<\/sub><\/a> (Georges Deherme)<\/li>\n<\/ul>\n<\/li>\n<\/ul>\n<p>Ce pre\u00admier num\u00e9\u00adro est publi\u00e9 sous une cou\u00adver\u00adture verte muette. L\u2019imprimeur-g\u00e9rant \u00e9tait Lucas, 21, rue Vis\u00adcon\u00adti, Paris. Ce num\u00e9\u00adro n\u2019indique aucun prix de&nbsp;vente.<\/p>\n<p>La sous\u00adcrip\u00adtion pour ce num\u00e9\u00adro s\u2019\u00e9l\u00e8ve \u00e0 21,20 francs<\/p>\n","protected":false},"excerpt":{"rendered":"<p>Mai 1887<\/p>\n","protected":false},"author":8,"featured_media":5312,"parent":5311,"menu_order":1,"comment_status":"closed","ping_status":"closed","template":"wp-custom-template-cahiers-humanisme-libertaire","meta":{"wp_typography_post_enhancements_disabled":false,"footnotes":""},"categories":[],"tags":[],"ppma_author":[680],"class_list":["post-5314","page","type-page","status-publish","has-post-thumbnail","hentry"],"_links":{"self":[{"href":"https:\/\/la-presse-anarchiste.net\/index.php\/wp-json\/wp\/v2\/pages\/5314","targetHints":{"allow":["GET"]}}],"collection":[{"href":"https:\/\/la-presse-anarchiste.net\/index.php\/wp-json\/wp\/v2\/pages"}],"about":[{"href":"https:\/\/la-presse-anarchiste.net\/index.php\/wp-json\/wp\/v2\/types\/page"}],"author":[{"embeddable":true,"href":"https:\/\/la-presse-anarchiste.net\/index.php\/wp-json\/wp\/v2\/users\/8"}],"replies":[{"embeddable":true,"href":"https:\/\/la-presse-anarchiste.net\/index.php\/wp-json\/wp\/v2\/comments?post=5314"}],"version-history":[{"count":6,"href":"https:\/\/la-presse-anarchiste.net\/index.php\/wp-json\/wp\/v2\/pages\/5314\/revisions"}],"predecessor-version":[{"id":6310,"href":"https:\/\/la-presse-anarchiste.net\/index.php\/wp-json\/wp\/v2\/pages\/5314\/revisions\/6310"}],"up":[{"embeddable":true,"href":"https:\/\/la-presse-anarchiste.net\/index.php\/wp-json\/wp\/v2\/pages\/5311"}],"wp:featuredmedia":[{"embeddable":true,"href":"https:\/\/la-presse-anarchiste.net\/index.php\/wp-json\/wp\/v2\/media\/5312"}],"wp:attachment":[{"href":"https:\/\/la-presse-anarchiste.net\/index.php\/wp-json\/wp\/v2\/media?parent=5314"}],"wp:term":[{"taxonomy":"category","embeddable":true,"href":"https:\/\/la-presse-anarchiste.net\/index.php\/wp-json\/wp\/v2\/categories?post=5314"},{"taxonomy":"post_tag","embeddable":true,"href":"https:\/\/la-presse-anarchiste.net\/index.php\/wp-json\/wp\/v2\/tags?post=5314"},{"taxonomy":"author","embeddable":true,"href":"https:\/\/la-presse-anarchiste.net\/index.php\/wp-json\/wp\/v2\/ppma_author?post=5314"}],"curies":[{"name":"wp","href":"https:\/\/api.w.org\/{rel}","templated":true}]}}