{"id":5339,"date":"1887-06-01T00:00:48","date_gmt":"1887-06-01T00:00:48","guid":{"rendered":"https:\/\/la-presse-anarchiste.net\/?page_id=5339"},"modified":"2024-04-30T06:41:06","modified_gmt":"2024-04-30T06:41:06","slug":"lautonomie-individuelle-n2-juin-1887","status":"publish","type":"page","link":"https:\/\/la-presse-anarchiste.net\/index.php\/lautonomie-individuelle-1887-1888\/lautonomie-individuelle-n2-juin-1887\/","title":{"rendered":"L\u2019Autonomie Individuelle n\u00b02"},"content":{"rendered":"<div class=\"pdfprnt-buttons pdfprnt-buttons-page pdfprnt-top-right\"><a href=\"https:\/\/la-presse-anarchiste.net\/index.php\/wp-json\/wp\/v2\/pages\/5339?print=pdf\" class=\"pdfprnt-button pdfprnt-button-pdf\" target=\"_blank\"><img decoding=\"async\" src=\"https:\/\/la-presse-anarchiste.net\/wp-content\/plugins\/pdf-print\/images\/pdf.png\" alt=\"image_pdf\" title=\"Afficher le PDF\"><\/a><a href=\"https:\/\/la-presse-anarchiste.net\/index.php\/wp-json\/wp\/v2\/pages\/5339?print=print\" class=\"pdfprnt-button pdfprnt-button-print\" target=\"_blank\"><img decoding=\"async\" src=\"https:\/\/la-presse-anarchiste.net\/wp-content\/plugins\/pdf-print\/images\/print.png\" alt=\"image_print\" title=\"Contenu imprim\u00e9\"><\/a><\/div><h5>Au sommaire<\/h5>\n<ul>\n<li><a href=\"https:\/\/la-presse-anarchiste.net\/index.php\/1887\/06\/01\/les-jeunes\/\">Les jeunes<\/a> (A. Tennevin)<\/li>\n<li><a href=\"https:\/\/la-presse-anarchiste.net\/index.php\/1887\/06\/01\/anniversaire\/\">Anni\u00adver\u00adsaire<\/a> (C.&nbsp;Henry)<\/li>\n<li><a href=\"https:\/\/la-presse-anarchiste.net\/index.php\/1887\/06\/01\/pas-de-programme\/\">Pas de pro\u00adgramme<\/a> (Jean-Bap\u00adtiste Louiche)<\/li>\n<li><a href=\"https:\/\/la-presse-anarchiste.net\/index.php\/1887\/06\/01\/un-parti-condamne\/\">Un par\u00adti condam\u00adn\u00e9<\/a> (Charles Sch\u00e6ffer)<\/li>\n<\/ul>\n<p><a href=\"https:\/\/la-presse-anarchiste.net\/index.php\/1887\/06\/01\/les-quais-de-demain\/\">Les quais de demain<\/a> (Charles Sch\u00e6ffer)<\/p>\n<p><a href=\"https:\/\/la-presse-anarchiste.net\/index.php\/1887\/06\/01\/sottise-humaine-1\/\">Sot\u00adtise humaine I<\/a> (Jean-Bap\u00adtiste Louiche)<\/p>\n<p><b>L\u2019individualisme&nbsp; <\/b><\/p>\n<ul>\n<li><a href=\"https:\/\/la-presse-anarchiste.net\/index.php\/1887\/06\/01\/lindividualisme-2\/\">F\u00e9d\u00e9\u00adra\u00adtion ou auto\u00adri\u00adt\u00e9<\/a> (Georges Deherme)<\/li>\n<\/ul>\n<p><b>La d\u00e9ca\u00addence bourgeoise<\/b><\/p>\n<ul>\n<li><a href=\"https:\/\/la-presse-anarchiste.net\/index.php\/1887\/06\/01\/la-decadence-bourgeoise-2\/\">P\u00e9riode pro\u00adgres\u00adsive, <sup class=\"numerator\">1792<\/sup>\u2044<sub class=\"denominator\">1830<\/sub><\/a> (Georges Deherme)<\/li>\n<\/ul>\n<hr>\n<p style=\"text-align: justify;\">L\u2019imprimeur-g\u00e9rant pour ce num\u00e9\u00adro est Gra\u00adnier, 21 rue Vis\u00adcon\u00adti \u00e0 Paris. Le num\u00e9\u00adro est ven\u00addu 10 cen\u00adtimes. La cor\u00adres\u00adpon\u00addance est \u00e0 envoyer \u00e0 Charles Sch\u00e6f\u00adfer, 11, rue des Bou\u00adlets,&nbsp;Paris.<\/p>\n<p style=\"text-align: justify;\">La sous\u00adcrip\u00adtion pour ce num\u00e9\u00adro s\u2019\u00e9l\u00e8ve \u00e0 11 francs.<\/p>\n","protected":false},"excerpt":{"rendered":"<p>Juin 1887<\/p>\n","protected":false},"author":8,"featured_media":5312,"parent":5311,"menu_order":2,"comment_status":"closed","ping_status":"closed","template":"wp-custom-template-cahiers-humanisme-libertaire","meta":{"wp_typography_post_enhancements_disabled":false,"footnotes":""},"categories":[],"tags":[],"ppma_author":[680],"class_list":["post-5339","page","type-page","status-publish","has-post-thumbnail","hentry"],"_links":{"self":[{"href":"https:\/\/la-presse-anarchiste.net\/index.php\/wp-json\/wp\/v2\/pages\/5339","targetHints":{"allow":["GET"]}}],"collection":[{"href":"https:\/\/la-presse-anarchiste.net\/index.php\/wp-json\/wp\/v2\/pages"}],"about":[{"href":"https:\/\/la-presse-anarchiste.net\/index.php\/wp-json\/wp\/v2\/types\/page"}],"author":[{"embeddable":true,"href":"https:\/\/la-presse-anarchiste.net\/index.php\/wp-json\/wp\/v2\/users\/8"}],"replies":[{"embeddable":true,"href":"https:\/\/la-presse-anarchiste.net\/index.php\/wp-json\/wp\/v2\/comments?post=5339"}],"version-history":[{"count":5,"href":"https:\/\/la-presse-anarchiste.net\/index.php\/wp-json\/wp\/v2\/pages\/5339\/revisions"}],"predecessor-version":[{"id":5342,"href":"https:\/\/la-presse-anarchiste.net\/index.php\/wp-json\/wp\/v2\/pages\/5339\/revisions\/5342"}],"up":[{"embeddable":true,"href":"https:\/\/la-presse-anarchiste.net\/index.php\/wp-json\/wp\/v2\/pages\/5311"}],"wp:featuredmedia":[{"embeddable":true,"href":"https:\/\/la-presse-anarchiste.net\/index.php\/wp-json\/wp\/v2\/media\/5312"}],"wp:attachment":[{"href":"https:\/\/la-presse-anarchiste.net\/index.php\/wp-json\/wp\/v2\/media?parent=5339"}],"wp:term":[{"taxonomy":"category","embeddable":true,"href":"https:\/\/la-presse-anarchiste.net\/index.php\/wp-json\/wp\/v2\/categories?post=5339"},{"taxonomy":"post_tag","embeddable":true,"href":"https:\/\/la-presse-anarchiste.net\/index.php\/wp-json\/wp\/v2\/tags?post=5339"},{"taxonomy":"author","embeddable":true,"href":"https:\/\/la-presse-anarchiste.net\/index.php\/wp-json\/wp\/v2\/ppma_author?post=5339"}],"curies":[{"name":"wp","href":"https:\/\/api.w.org\/{rel}","templated":true}]}}