{"id":5375,"date":"2023-09-19T12:38:29","date_gmt":"2023-09-19T12:38:29","guid":{"rendered":"https:\/\/la-presse-anarchiste.net\/?page_id=5375"},"modified":"2023-10-05T09:24:54","modified_gmt":"2023-10-05T09:24:54","slug":"varia","status":"publish","type":"page","link":"https:\/\/la-presse-anarchiste.net\/index.php\/varia\/","title":{"rendered":"Varia"},"content":{"rendered":"<div class=\"pdfprnt-buttons pdfprnt-buttons-page pdfprnt-top-right\"><a href=\"https:\/\/la-presse-anarchiste.net\/index.php\/wp-json\/wp\/v2\/pages\/5375?print=pdf\" class=\"pdfprnt-button pdfprnt-button-pdf\" target=\"_blank\"><img decoding=\"async\" src=\"https:\/\/la-presse-anarchiste.net\/wp-content\/plugins\/pdf-print\/images\/pdf.png\" alt=\"image_pdf\" title=\"Afficher le PDF\"><\/a><a href=\"https:\/\/la-presse-anarchiste.net\/index.php\/wp-json\/wp\/v2\/pages\/5375?print=print\" class=\"pdfprnt-button pdfprnt-button-print\" target=\"_blank\"><img decoding=\"async\" src=\"https:\/\/la-presse-anarchiste.net\/wp-content\/plugins\/pdf-print\/images\/print.png\" alt=\"image_print\" title=\"Contenu imprim\u00e9\"><\/a><\/div><p style=\"text-align: justify;\">Vous trou\u00adve\u00adrez ici des textes issus de revues non liber\u00adtaires qui n\u2019entrent pas dans le cadre de ce&nbsp;site.<\/p>\n<p style=\"text-align: justify;\">Je ne trans\u00adcri\u00adrai que les articles pr\u00e9\u00adsen\u00adtant un int\u00e9\u00adr\u00eat pour l\u2019histoire du mou\u00adve\u00adment, des per\u00adsonnes qui lui sont li\u00e9es ou qui, d\u2019une mani\u00e8re g\u00e9n\u00e9\u00adrale se rap\u00adportent au mou\u00adve\u00adment libertaire.<\/p>\n<p style=\"text-align: justify;\">Je ne sou\u00adhai\u00adtais pas perdre de temps avec des revues dont le conte\u00adnu g\u00e9n\u00e9\u00adral ne pr\u00e9\u00adsente aucun lien avec le th\u00e8me du site, c\u2019est donc la solu\u00adtion que j\u2019ai retenu.<\/p>\n","protected":false},"excerpt":{"rendered":"<p>Vous trou\u00adve\u00adrez ici des textes issus de revues non liber\u00adtaires qui n\u2019entrent pas dans le cadre de ce&nbsp;site. Je ne trans\u00adcri\u00adrai que les articles pr\u00e9\u00adsen\u00adtant un int\u00e9\u00adr\u00eat pour l\u2019histoire du mou\u00adve\u00adment, des per\u00adsonnes qui lui sont li\u00e9es ou qui, d\u2019une mani\u00e8re g\u00e9n\u00e9\u00adrale se rap\u00adportent au mou\u00adve\u00adment liber\u00adtaire. Je ne sou\u00adhai\u00adtais pas perdre de temps&nbsp;avec&nbsp;[\u2026]<\/p>\n","protected":false},"author":1,"featured_media":0,"parent":0,"menu_order":2220,"comment_status":"closed","ping_status":"closed","template":"wp-custom-template-cahiers-humanisme-libertaire","meta":{"wp_typography_post_enhancements_disabled":false,"footnotes":""},"categories":[],"tags":[],"ppma_author":[540],"class_list":["post-5375","page","type-page","status-publish","hentry"],"_links":{"self":[{"href":"https:\/\/la-presse-anarchiste.net\/index.php\/wp-json\/wp\/v2\/pages\/5375","targetHints":{"allow":["GET"]}}],"collection":[{"href":"https:\/\/la-presse-anarchiste.net\/index.php\/wp-json\/wp\/v2\/pages"}],"about":[{"href":"https:\/\/la-presse-anarchiste.net\/index.php\/wp-json\/wp\/v2\/types\/page"}],"author":[{"embeddable":true,"href":"https:\/\/la-presse-anarchiste.net\/index.php\/wp-json\/wp\/v2\/users\/1"}],"replies":[{"embeddable":true,"href":"https:\/\/la-presse-anarchiste.net\/index.php\/wp-json\/wp\/v2\/comments?post=5375"}],"version-history":[{"count":1,"href":"https:\/\/la-presse-anarchiste.net\/index.php\/wp-json\/wp\/v2\/pages\/5375\/revisions"}],"predecessor-version":[{"id":5376,"href":"https:\/\/la-presse-anarchiste.net\/index.php\/wp-json\/wp\/v2\/pages\/5375\/revisions\/5376"}],"wp:attachment":[{"href":"https:\/\/la-presse-anarchiste.net\/index.php\/wp-json\/wp\/v2\/media?parent=5375"}],"wp:term":[{"taxonomy":"category","embeddable":true,"href":"https:\/\/la-presse-anarchiste.net\/index.php\/wp-json\/wp\/v2\/categories?post=5375"},{"taxonomy":"post_tag","embeddable":true,"href":"https:\/\/la-presse-anarchiste.net\/index.php\/wp-json\/wp\/v2\/tags?post=5375"},{"taxonomy":"author","embeddable":true,"href":"https:\/\/la-presse-anarchiste.net\/index.php\/wp-json\/wp\/v2\/ppma_author?post=5375"}],"curies":[{"name":"wp","href":"https:\/\/api.w.org\/{rel}","templated":true}]}}