{"id":5487,"date":"1968-01-01T00:01:10","date_gmt":"1968-01-01T00:01:10","guid":{"rendered":"https:\/\/la-presse-anarchiste.net\/?page_id=5487"},"modified":"2024-04-29T19:56:05","modified_gmt":"2024-04-29T19:56:05","slug":"5487-2","status":"publish","type":"page","link":"https:\/\/la-presse-anarchiste.net\/index.php\/anarchisme-et-non-violence-1965-1974\/5487-2\/","title":{"rendered":"Anarchisme et non-violence n\u00b011\/12"},"content":{"rendered":"<div class=\"pdfprnt-buttons pdfprnt-buttons-page pdfprnt-top-right\"><a href=\"https:\/\/la-presse-anarchiste.net\/index.php\/wp-json\/wp\/v2\/pages\/5487?print=pdf\" class=\"pdfprnt-button pdfprnt-button-pdf\" target=\"_blank\"><img decoding=\"async\" src=\"https:\/\/la-presse-anarchiste.net\/wp-content\/plugins\/pdf-print\/images\/pdf.png\" alt=\"image_pdf\" title=\"Afficher le PDF\"><\/a><a href=\"https:\/\/la-presse-anarchiste.net\/index.php\/wp-json\/wp\/v2\/pages\/5487?print=print\" class=\"pdfprnt-button pdfprnt-button-print\" target=\"_blank\"><img decoding=\"async\" src=\"https:\/\/la-presse-anarchiste.net\/wp-content\/plugins\/pdf-print\/images\/print.png\" alt=\"image_print\" title=\"Contenu imprim\u00e9\"><\/a><\/div><p><strong><em>Num\u00e9\u00adro sp\u00e9\u00adcial Happening<\/em><\/strong><\/p>\n<p>Ce num\u00e9\u00adro a \u00e9t\u00e9 com\u00adpo\u00ads\u00e9 par Denis Durand, avec des textes de Hem Day et de Mar\u00adcel Viaud. Les tra\u00adduc\u00adtions sont de Paul Sem\u00adp\u00e9 et de DEnis Durand.<\/p>\n<ul>\n<li><a href=\"https:\/\/la-presse-anarchiste.net\/index.php\/1968\/01\/01\/loriginalite-dans-laction\/\">L\u2019originalit\u00e9 dans l\u2019action<\/a><\/li>\n<li><a href=\"https:\/\/la-presse-anarchiste.net\/index.php\/1968\/01\/01\/le-happening\/\">Le hap\u00adpe\u00adning<\/a> (Mar\u00adcel&nbsp;Viaud)<\/li>\n<li><a href=\"https:\/\/la-presse-anarchiste.net\/index.php\/2007\/10\/30\/happening-chez-les-provos\/\">Le hap\u00adpe\u00adning chez les pro\u00advos<\/a> (Hem&nbsp;Day)<\/li>\n<li><a href=\"https:\/\/la-presse-anarchiste.net\/index.php\/1968\/01\/01\/parade-spectacle\/\">Parade, spec\u00adtacle<\/a> (Michael Kustow)<\/li>\n<li>(article sans&nbsp;titre)<\/li>\n<li>Flo\u00adwer power ou l\u2019art de protester<\/li>\n<li>Agui\u00adgui<\/li>\n<li><strong>L\u2019originalit\u00e9 dans le mouvement<\/strong><\/li>\n<li>Mou\u00adve\u00adment anti-ato\u00admique anglais<\/li>\n<li>Pro\u00advos<\/li>\n<li>Les dig\u00adgers (Alex Forman)<\/li>\n<li>Les hip\u00adpies<\/li>\n<li>Une nou\u00advelle gauche&nbsp;?<\/li>\n<li>La r\u00e9cu\u00adp\u00e9\u00adra\u00adtion<\/li>\n<li>Les mar\u00adchands<\/li>\n<li>Conclu\u00adsions pro\u00advi\u00adsoires (Denis Durand)<\/li>\n<\/ul>\n<p><strong>Hap\u00adpe\u00adning<\/strong>&nbsp;: Mani\u00adfes\u00adta\u00adtion spon\u00adta\u00adn\u00e9e de cr\u00e9a\u00adti\u00advi\u00adt\u00e9 col\u00adlec\u00adtive qui rev\u00eat un carac\u00adt\u00e8re pro\u00advo\u00adcant dans une soci\u00e9\u00adt\u00e9 hos\u00adtile \u00e0 la cr\u00e9a\u00adti\u00advi\u00adt\u00e9, et dans laquelle la police par\u00adti\u00adcipe sou\u00advent comme par\u00adte\u00adnaire au jeu. Un hap\u00adpe\u00adning n\u2019est jamais \u00ab&nbsp;pla\u00adni\u00adfi\u00e9&nbsp;\u00bb ni orga\u00adni\u00ads\u00e9, c\u2019est \u00e0 peine s\u2019il est pr\u00e9\u00adpa\u00adr\u00e9&nbsp;; en effet, per\u00adsonne ne peut pr\u00e9\u00advoir com\u00adment il se d\u00e9rou\u00adle\u00adra, ni com\u00adbien de pro\u00advos et de poli\u00adciers y participeront.<\/p>\n<p><strong>Flo\u00adwer power<\/strong>&nbsp;: \u00ab&nbsp;Paci\u00adfisme, non-vio\u00adlence&nbsp;; \u00e0 coup s\u00fbr. Ou encore&nbsp;: R\u00e9sis\u00adtance plus Flo\u00adwer Power \u00e9gale R\u00e9vo\u00adlu\u00adtion. Le Flo\u00adwer Power est aus\u00adsi quelque chose de gai. Si nous per\u00addons notre sens de l\u2019humour et notre capa\u00adci\u00adt\u00e9 d\u2019amour, si nous deve\u00adnons amers, col\u00e9\u00adreux et durs, nous n\u2019avons rien \u00e0 offrir \u00e0 la soci\u00e9\u00adt\u00e9, aucune alter\u00adna\u00adtive au pr\u00e9sent.&nbsp;\u00bb<\/p>\n","protected":false},"excerpt":{"rendered":"<p>Janvier\/\u200bf\u00e9vrier 1968<\/p>\n","protected":false},"author":8,"featured_media":5488,"parent":5101,"menu_order":11,"comment_status":"closed","ping_status":"closed","template":"wp-custom-template-cahiers-humanisme-libertaire","meta":{"wp_typography_post_enhancements_disabled":false,"footnotes":""},"categories":[],"tags":[],"ppma_author":[680],"class_list":["post-5487","page","type-page","status-publish","has-post-thumbnail","hentry"],"_links":{"self":[{"href":"https:\/\/la-presse-anarchiste.net\/index.php\/wp-json\/wp\/v2\/pages\/5487","targetHints":{"allow":["GET"]}}],"collection":[{"href":"https:\/\/la-presse-anarchiste.net\/index.php\/wp-json\/wp\/v2\/pages"}],"about":[{"href":"https:\/\/la-presse-anarchiste.net\/index.php\/wp-json\/wp\/v2\/types\/page"}],"author":[{"embeddable":true,"href":"https:\/\/la-presse-anarchiste.net\/index.php\/wp-json\/wp\/v2\/users\/8"}],"replies":[{"embeddable":true,"href":"https:\/\/la-presse-anarchiste.net\/index.php\/wp-json\/wp\/v2\/comments?post=5487"}],"version-history":[{"count":7,"href":"https:\/\/la-presse-anarchiste.net\/index.php\/wp-json\/wp\/v2\/pages\/5487\/revisions"}],"predecessor-version":[{"id":7222,"href":"https:\/\/la-presse-anarchiste.net\/index.php\/wp-json\/wp\/v2\/pages\/5487\/revisions\/7222"}],"up":[{"embeddable":true,"href":"https:\/\/la-presse-anarchiste.net\/index.php\/wp-json\/wp\/v2\/pages\/5101"}],"wp:featuredmedia":[{"embeddable":true,"href":"https:\/\/la-presse-anarchiste.net\/index.php\/wp-json\/wp\/v2\/media\/5488"}],"wp:attachment":[{"href":"https:\/\/la-presse-anarchiste.net\/index.php\/wp-json\/wp\/v2\/media?parent=5487"}],"wp:term":[{"taxonomy":"category","embeddable":true,"href":"https:\/\/la-presse-anarchiste.net\/index.php\/wp-json\/wp\/v2\/categories?post=5487"},{"taxonomy":"post_tag","embeddable":true,"href":"https:\/\/la-presse-anarchiste.net\/index.php\/wp-json\/wp\/v2\/tags?post=5487"},{"taxonomy":"author","embeddable":true,"href":"https:\/\/la-presse-anarchiste.net\/index.php\/wp-json\/wp\/v2\/ppma_author?post=5487"}],"curies":[{"name":"wp","href":"https:\/\/api.w.org\/{rel}","templated":true}]}}