{"id":5536,"date":"1945-09-01T08:39:26","date_gmt":"1945-09-01T08:39:26","guid":{"rendered":"https:\/\/la-presse-anarchiste.net\/?page_id=5536"},"modified":"2025-07-20T19:14:29","modified_gmt":"2025-07-20T19:14:29","slug":"lunique-n3-aout-septembre-1945","status":"publish","type":"page","link":"https:\/\/la-presse-anarchiste.net\/index.php\/lunique\/lunique-n3-aout-septembre-1945\/","title":{"rendered":"L\u2019Unique n\u00b03"},"content":{"rendered":"<div class=\"pdfprnt-buttons pdfprnt-buttons-page pdfprnt-top-right\"><a href=\"https:\/\/la-presse-anarchiste.net\/index.php\/wp-json\/wp\/v2\/pages\/5536?print=pdf\" class=\"pdfprnt-button pdfprnt-button-pdf\" target=\"_blank\"><img decoding=\"async\" src=\"https:\/\/la-presse-anarchiste.net\/wp-content\/plugins\/pdf-print\/images\/pdf.png\" alt=\"image_pdf\" title=\"Afficher le PDF\"><\/a><a href=\"https:\/\/la-presse-anarchiste.net\/index.php\/wp-json\/wp\/v2\/pages\/5536?print=print\" class=\"pdfprnt-button pdfprnt-button-print\" target=\"_blank\"><img decoding=\"async\" src=\"https:\/\/la-presse-anarchiste.net\/wp-content\/plugins\/pdf-print\/images\/print.png\" alt=\"image_print\" title=\"Contenu imprim\u00e9\"><\/a><\/div><h5>Au sommaire<\/h5>\n<ul>\n<li><a href=\"https:\/\/la-presse-anarchiste.net\/index.php\/1945\/09\/01\/entre-nous-2\/\">Entre nous<\/a> (E. Armand)<\/li>\n<li><a href=\"https:\/\/la-presse-anarchiste.net\/index.php\/1945\/09\/01\/realites-verites-2\/\">R\u00e9a\u00adli\u00adt\u00e9s, v\u00e9ri\u00adt\u00e9s<\/a> (G\u00e9rard de Lacaze-Duthiers)<\/li>\n<li><a href=\"https:\/\/la-presse-anarchiste.net\/index.php\/1945\/09\/01\/ou-va-lhumanite-3\/\">O\u00f9 va l\u2019humanit\u00e9 3<\/a> (Ixi\u00adgrec)<\/li>\n<li>Haute \u00e9cole\n<ul>\n<li><a href=\"https:\/\/la-presse-anarchiste.net\/index.php\/1945\/09\/01\/haute-ecole-3\/\">indi\u00advi\u00addua\u00adlisme<\/a> (Manuel Devald\u00e8s)<\/li>\n<\/ul>\n<\/li>\n<li><a href=\"https:\/\/la-presse-anarchiste.net\/index.php\/1945\/09\/01\/pour-faire-reflechir-2\/\">Pour faire r\u00e9fl\u00e9\u00adchir<\/a> (Georges D. Herron)<\/li>\n<li><a href=\"https:\/\/la-presse-anarchiste.net\/index.php\/1945\/09\/01\/du-haut-de-mon-mirador-3\/\">Du haut de mon mira\u00addor<\/a> (Qui&nbsp;C\u00e9)<\/li>\n<li><a href=\"https:\/\/la-presse-anarchiste.net\/index.php\/1945\/09\/01\/lheredite-et-les-races\/\">L\u2019h\u00e9r\u00e9dit\u00e9 et les races<\/a> (Mar\u00adcel Prenant)<\/li>\n<li><a href=\"https:\/\/la-presse-anarchiste.net\/index.php\/1945\/09\/01\/acte-de-jeune-reve-de-vieux\/\">Acte de jeune, r\u00eave de vieux<\/a> (D<sup>r<\/sup>&nbsp;Hen\u00adri Dalmon)<\/li>\n<li>Pages \u00e0 relire&nbsp;<ul>\n<li><a href=\"https:\/\/la-presse-anarchiste.net\/index.php\/1945\/09\/01\/la-theorie-de-lanarchie-1\/\">La th\u00e9o\u00adrie de l\u2019anarchie \u2013 1<\/a> (Paul&nbsp;Ghio)<\/li>\n<\/ul>\n<\/li>\n<li><a href=\"https:\/\/la-presse-anarchiste.net\/index.php\/1945\/09\/01\/le-fou-maraudeur-de-merveilles\/\">Le fou marau\u00addeur de mer\u00adveilles<\/a> (Marie-Claire Maguelonne)<\/li>\n<li><a href=\"https:\/\/la-presse-anarchiste.net\/index.php\/1945\/09\/01\/nos-disparus-2\/\">Nos dis\u00adpa\u00adrus<\/a> (E. Armand)<\/li>\n<li><a href=\"https:\/\/la-presse-anarchiste.net\/index.php\/1945\/09\/01\/les-disparus\/\">Les dis\u00adpa\u00adrus<\/a> (Eug\u00e8ne Bizeau)<\/li>\n<li><a href=\"https:\/\/la-presse-anarchiste.net\/index.php\/1945\/09\/01\/un-poeme-de-george-gissing-espoir-vain\/\">Un po\u00e8me de Georges Gis\u00adsing&nbsp;: Espoir Vain<\/a> (Manuel Deval\u00add\u00e8s, Georges Gissing)<\/li>\n<li>Sur le vif&nbsp;: <a href=\"https:\/\/la-presse-anarchiste.net\/index.php\/1945\/09\/01\/sur-le-vif-3\/\">\u00c0 quelle sauce s.v.p.<\/a> (Can\u00addide)<\/li>\n<li><a href=\"https:\/\/la-presse-anarchiste.net\/index.php\/1945\/09\/01\/la-stupide-querelle-des-ages\/\">La stu\u00adpide que\u00adrelle des \u00e2ges<\/a> (E. Armand)<\/li>\n<li><a href=\"https:\/\/la-presse-anarchiste.net\/index.php\/1945\/09\/01\/revue-de-presse\/\">Revue de presse<\/a> (Lucy Sterne)<\/li>\n<li><a href=\"https:\/\/la-presse-anarchiste.net\/index.php\/1945\/09\/01\/le-bouddhisme-1\/\">Le boud\u00addhisme comme voie de per\u00adfec\u00adtion\u00adne\u00adment indi\u00advi\u00adduel<\/a> (Nex\u00adpos)<\/li>\n<li>Vari\u00e9\u00adt\u00e9s\n<ul>\n<li><a href=\"https:\/\/la-presse-anarchiste.net\/index.php\/1945\/09\/01\/pluralite\/\">Plu\u00adra\u00adli\u00adt\u00e9<\/a> (E. Armand)<\/li>\n<\/ul>\n<\/li>\n<li><a href=\"https:\/\/la-presse-anarchiste.net\/index.php\/1945\/09\/01\/poemes-pour-lamie\/\">Po\u00e8mes pour l\u2019amie<\/a> (E. Armand)<\/li>\n<li><a href=\"https:\/\/la-presse-anarchiste.net\/index.php\/1945\/09\/01\/adjuration\/\">Adju\u00adra\u00adtion<\/a> (Th\u00e9\u00adr\u00e8se Gaucher)<\/li>\n<li>\u00ab&nbsp;L\u2019Unique&nbsp;\u00bb, les familles d\u2019\u00e9lection et les ami\u00adti\u00e9s mul\u00adtiples (texte paru dans le num\u00e9\u00adro 2 avec une liste de per\u00adsonnes se d\u00e9cla\u00adrant en accord avec ces th\u00e8ses)<\/li>\n<li>Sous\u00adcrip\u00adtion (non trans\u00adcrite ici, la troi\u00adsi\u00e8me liste donne un mon\u00adtant total de 11485 francs)<\/li>\n<li>L\u2019imprim\u00e9, la sc\u00e8ne, l\u2019\u00e9cran (simple liste, non trans\u00adcrite&nbsp;ici)<\/li>\n<li>Trois mots aux amis (petite cor\u00adres\u00adpon\u00addance, non trans\u00adcrite&nbsp;ici)<\/li>\n<\/ul>\n<hr>\n<ul>\n<li>Le centre \u00ab&nbsp;L\u2019Unique&nbsp;\u00bb annonce les r\u00e9unions suivantes&nbsp;:<br>\nLun\u00addi 24 sep\u00adtembre&nbsp;: \u00ab&nbsp;Les nou\u00advelles m\u00e9thodes d\u2019\u00e9ducation en g\u00e9n\u00e9\u00adral et d\u2019\u00e9ducation phy\u00adsique en par\u00adti\u00adcu\u00adlier&nbsp;\u00bb, par Yvonne C.<br>\nLun\u00addi 29 octobre&nbsp;: \u00ab&nbsp;Com\u00adment on apprend les langues \u00e9tran\u00adg\u00e8res&nbsp;\u00bb, par Michel Laurian.<br>\nLun\u00addi 29 novembe&nbsp;: \u00ab&nbsp;La phi\u00adlo\u00adso\u00adphie de Jean de La Fon\u00adtaine&nbsp;\u00bb, par Ixigrec.<br>\nLun\u00addi 31 d\u00e9cembre&nbsp;: \u00ab&nbsp;O\u00f9 en sommes-nous&nbsp;\u00bb, par E. Armand.<\/li>\n<\/ul>\n<p>La ver\u00adsion num\u00e9\u00adri\u00ads\u00e9e de ce num\u00e9\u00adro <a href=\"https:\/\/archive.org\/details\/unique-003-images\">peut \u00eatre consul\u00adt\u00e9e ici<\/a>.<\/p>\n","protected":false},"excerpt":{"rendered":"<p>Ao\u00fbt\/\u200bseptembre 1945<\/p>\n","protected":false},"author":8,"featured_media":5015,"parent":4689,"menu_order":3,"comment_status":"closed","ping_status":"closed","template":"wp-custom-template-cahiers-humanisme-libertaire","meta":{"wp_typography_post_enhancements_disabled":false,"footnotes":""},"categories":[],"tags":[],"ppma_author":[680],"class_list":["post-5536","page","type-page","status-publish","has-post-thumbnail","hentry"],"_links":{"self":[{"href":"https:\/\/la-presse-anarchiste.net\/index.php\/wp-json\/wp\/v2\/pages\/5536","targetHints":{"allow":["GET"]}}],"collection":[{"href":"https:\/\/la-presse-anarchiste.net\/index.php\/wp-json\/wp\/v2\/pages"}],"about":[{"href":"https:\/\/la-presse-anarchiste.net\/index.php\/wp-json\/wp\/v2\/types\/page"}],"author":[{"embeddable":true,"href":"https:\/\/la-presse-anarchiste.net\/index.php\/wp-json\/wp\/v2\/users\/8"}],"replies":[{"embeddable":true,"href":"https:\/\/la-presse-anarchiste.net\/index.php\/wp-json\/wp\/v2\/comments?post=5536"}],"version-history":[{"count":11,"href":"https:\/\/la-presse-anarchiste.net\/index.php\/wp-json\/wp\/v2\/pages\/5536\/revisions"}],"predecessor-version":[{"id":9089,"href":"https:\/\/la-presse-anarchiste.net\/index.php\/wp-json\/wp\/v2\/pages\/5536\/revisions\/9089"}],"up":[{"embeddable":true,"href":"https:\/\/la-presse-anarchiste.net\/index.php\/wp-json\/wp\/v2\/pages\/4689"}],"wp:featuredmedia":[{"embeddable":true,"href":"https:\/\/la-presse-anarchiste.net\/index.php\/wp-json\/wp\/v2\/media\/5015"}],"wp:attachment":[{"href":"https:\/\/la-presse-anarchiste.net\/index.php\/wp-json\/wp\/v2\/media?parent=5536"}],"wp:term":[{"taxonomy":"category","embeddable":true,"href":"https:\/\/la-presse-anarchiste.net\/index.php\/wp-json\/wp\/v2\/categories?post=5536"},{"taxonomy":"post_tag","embeddable":true,"href":"https:\/\/la-presse-anarchiste.net\/index.php\/wp-json\/wp\/v2\/tags?post=5536"},{"taxonomy":"author","embeddable":true,"href":"https:\/\/la-presse-anarchiste.net\/index.php\/wp-json\/wp\/v2\/ppma_author?post=5536"}],"curies":[{"name":"wp","href":"https:\/\/api.w.org\/{rel}","templated":true}]}}