{"id":5593,"date":"2023-09-29T19:36:08","date_gmt":"2023-09-29T19:36:08","guid":{"rendered":"https:\/\/la-presse-anarchiste.net\/?page_id=5593"},"modified":"2023-10-16T00:53:49","modified_gmt":"2023-10-16T00:53:49","slug":"la-vie-ouvriere-1909-1914","status":"publish","type":"page","link":"https:\/\/la-presse-anarchiste.net\/index.php\/la-vie-ouvriere-1909-1914\/","title":{"rendered":"La Vie Ouvri\u00e8re"},"content":{"rendered":"<div class=\"pdfprnt-buttons pdfprnt-buttons-page pdfprnt-top-right\"><a href=\"https:\/\/la-presse-anarchiste.net\/index.php\/wp-json\/wp\/v2\/pages\/5593?print=pdf\" class=\"pdfprnt-button pdfprnt-button-pdf\" target=\"_blank\"><img decoding=\"async\" src=\"https:\/\/la-presse-anarchiste.net\/wp-content\/plugins\/pdf-print\/images\/pdf.png\" alt=\"image_pdf\" title=\"Afficher le PDF\"><\/a><a href=\"https:\/\/la-presse-anarchiste.net\/index.php\/wp-json\/wp\/v2\/pages\/5593?print=print\" class=\"pdfprnt-button pdfprnt-button-print\" target=\"_blank\"><img decoding=\"async\" src=\"https:\/\/la-presse-anarchiste.net\/wp-content\/plugins\/pdf-print\/images\/print.png\" alt=\"image_print\" title=\"Contenu imprim\u00e9\"><\/a><\/div><p>Revue d\u2019\u00e9tudes de la CGT ani\u00adm\u00e9e pat Pierre Monatte. 106 num\u00e9\u00adros publi\u00e9s entre 1909 et 1914. Cette pre\u00admi\u00e8re s\u00e9rie \u00e9tait de ten\u00addance net\u00adte\u00adment anar\u00adchiste, elle le sera moins apr\u00e8s guerre.<\/p>\n<p>Dans un pre\u00admier temps je n\u2019ai eu acc\u00e8s qu\u2019au 12 pre\u00admiers num\u00e9\u00adros, qui m\u2019avaient \u00e9t\u00e9 pr\u00ea\u00adt\u00e9s par mon vieil ami Jean-Pierre Jac\u00adqui\u00adnot, l\u2019a\u00adni\u00adma\u00adteur du groupe liber\u00adtaire jules Durand du Havre qui \u00e9di\u00adtait la der\u00adni\u00e8re s\u00e9rie papier du <em>Liber\u00adtaire.<\/em> Son d\u00e9c\u00e8s a long\u00adtemps ren\u00addu impos\u00adsible la consul\u00adta\u00adtion de la suite de cette&nbsp;s\u00e9rie.<\/p>\n<p>Par chance, j\u2019ai pu avoir acc\u00e8s \u00e0 un fac-simi\u00adl\u00e9 de la col\u00adlec\u00adtion com\u00adpl\u00e8te. \u00c0 noter que cette copie a \u00e9t\u00e9 \u00e9di\u00adt\u00e9e sans aucune indi\u00adca\u00adtion sur son ori\u00adgine, je ne sais donc pas qui en est \u00e0 l\u2019origine. C\u2019est donc l\u2019int\u00e9gralit\u00e9 de cette revue, qui reste sans doute ce qui s\u2019est fait de meilleur du point de vue syn\u00addi\u00adca\u00adlisme que j\u2019esp\u00e8re rendre dis\u00adpo\u00adnible&nbsp;ici.<\/p>\n","protected":false},"excerpt":{"rendered":"<p><sup class=\"numerator\">1909<\/sup>\u2044<sub class=\"denominator\">1914<\/sub><\/p>\n","protected":false},"author":1,"featured_media":5788,"parent":0,"menu_order":2240,"comment_status":"closed","ping_status":"closed","template":"wp-custom-template-cahiers-humanisme-libertaire","meta":{"wp_typography_post_enhancements_disabled":false,"footnotes":""},"categories":[],"tags":[],"ppma_author":[540],"class_list":["post-5593","page","type-page","status-publish","has-post-thumbnail","hentry"],"_links":{"self":[{"href":"https:\/\/la-presse-anarchiste.net\/index.php\/wp-json\/wp\/v2\/pages\/5593","targetHints":{"allow":["GET"]}}],"collection":[{"href":"https:\/\/la-presse-anarchiste.net\/index.php\/wp-json\/wp\/v2\/pages"}],"about":[{"href":"https:\/\/la-presse-anarchiste.net\/index.php\/wp-json\/wp\/v2\/types\/page"}],"author":[{"embeddable":true,"href":"https:\/\/la-presse-anarchiste.net\/index.php\/wp-json\/wp\/v2\/users\/1"}],"replies":[{"embeddable":true,"href":"https:\/\/la-presse-anarchiste.net\/index.php\/wp-json\/wp\/v2\/comments?post=5593"}],"version-history":[{"count":2,"href":"https:\/\/la-presse-anarchiste.net\/index.php\/wp-json\/wp\/v2\/pages\/5593\/revisions"}],"predecessor-version":[{"id":6341,"href":"https:\/\/la-presse-anarchiste.net\/index.php\/wp-json\/wp\/v2\/pages\/5593\/revisions\/6341"}],"wp:featuredmedia":[{"embeddable":true,"href":"https:\/\/la-presse-anarchiste.net\/index.php\/wp-json\/wp\/v2\/media\/5788"}],"wp:attachment":[{"href":"https:\/\/la-presse-anarchiste.net\/index.php\/wp-json\/wp\/v2\/media?parent=5593"}],"wp:term":[{"taxonomy":"category","embeddable":true,"href":"https:\/\/la-presse-anarchiste.net\/index.php\/wp-json\/wp\/v2\/categories?post=5593"},{"taxonomy":"post_tag","embeddable":true,"href":"https:\/\/la-presse-anarchiste.net\/index.php\/wp-json\/wp\/v2\/tags?post=5593"},{"taxonomy":"author","embeddable":true,"href":"https:\/\/la-presse-anarchiste.net\/index.php\/wp-json\/wp\/v2\/ppma_author?post=5593"}],"curies":[{"name":"wp","href":"https:\/\/api.w.org\/{rel}","templated":true}]}}