{"id":5668,"date":"1887-08-01T00:00:19","date_gmt":"1887-08-01T00:00:19","guid":{"rendered":"https:\/\/la-presse-anarchiste.net\/?page_id=5668"},"modified":"2024-04-30T11:27:35","modified_gmt":"2024-04-30T11:27:35","slug":"lautonomie-individuelle-n4-aout-1887","status":"publish","type":"page","link":"https:\/\/la-presse-anarchiste.net\/index.php\/lautonomie-individuelle-1887-1888\/lautonomie-individuelle-n4-aout-1887\/","title":{"rendered":"L\u2019Autonomie Individuelle n\u00b04"},"content":{"rendered":"<div class=\"pdfprnt-buttons pdfprnt-buttons-page pdfprnt-top-right\"><a href=\"https:\/\/la-presse-anarchiste.net\/index.php\/wp-json\/wp\/v2\/pages\/5668?print=pdf\" class=\"pdfprnt-button pdfprnt-button-pdf\" target=\"_blank\"><img decoding=\"async\" src=\"https:\/\/la-presse-anarchiste.net\/wp-content\/plugins\/pdf-print\/images\/pdf.png\" alt=\"image_pdf\" title=\"Afficher le PDF\"><\/a><a href=\"https:\/\/la-presse-anarchiste.net\/index.php\/wp-json\/wp\/v2\/pages\/5668?print=print\" class=\"pdfprnt-button pdfprnt-button-print\" target=\"_blank\"><img decoding=\"async\" src=\"https:\/\/la-presse-anarchiste.net\/wp-content\/plugins\/pdf-print\/images\/print.png\" alt=\"image_print\" title=\"Contenu imprim\u00e9\"><\/a><\/div><h5>Au sommaire<\/h5>\n<ul>\n<li><a href=\"https:\/\/la-presse-anarchiste.net\/index.php\/2009\/03\/04\/vive-boulanger\/\">Vive Bou\u00adlan\u00adger<\/a> (Jean-Bap\u00adtiste Louiche)<\/li>\n<li><a href=\"https:\/\/la-presse-anarchiste.net\/index.php\/2009\/03\/04\/anarchie\/\">Anar\u00adchie<\/a> (Albert Carteron)<\/li>\n<li><a href=\"https:\/\/la-presse-anarchiste.net\/index.php\/2009\/03\/04\/une-reunion-a-la-cour-dassises\/\">Une r\u00e9union \u00e0 la cour d\u2019assises<\/a> (Charles Sch\u00e6ffer)<\/li>\n<li><a href=\"https:\/\/la-presse-anarchiste.net\/index.php\/2009\/03\/04\/les-quais-de-demain-3\/\">Les quais de demain<\/a> (Charles Sch\u00e6ffer)<\/li>\n<li><a href=\"https:\/\/la-presse-anarchiste.net\/index.php\/1887\/08\/01\/lindividualisme-4\/\">L\u2019individualisme<\/a> (Georges Deherme)<\/li>\n<li><a href=\"https:\/\/la-presse-anarchiste.net\/index.php\/2009\/03\/04\/quelques-mots-sur-lanarchie-ou-individualisme-social\/\">L\u2019Anarchie ou indi\u00advi\u00addua\u00adlisme social<\/a> (Jean-Bap\u00adtiste Louiche)<\/li>\n<li><a href=\"https:\/\/la-presse-anarchiste.net\/index.php\/2009\/03\/04\/lestampage\/\">L\u2019estampage<\/a><\/li>\n<\/ul>\n<hr>\n<p>La sous\u00adcrip\u00adtion, pour ce num\u00e9\u00adro, s\u2019\u00e9l\u00e8ve \u00e0 18,55 francs. L\u2019imprimeur g\u00e9rant est Gra\u00adnier, 17 rue de l\u2019\u00c9chiquier \u00e0&nbsp;Paris.<\/p>\n<p>La revue annonce la publi\u00adca\u00adtion du <i>R\u00e9vol\u00adt\u00e9<\/i>, de la <i>Revue Cos\u00admo\u00adpo\u00adlite<\/i> du <i>Socia\u00adliste du Gard<\/i> du <i>Coup de feu<\/i> du <i>Grillon<\/i>, ain\u00adsi que de la bro\u00adchure <i>la liber\u00adt\u00e9 de l\u2019Amour<\/i> par A.&nbsp;Leroy.<\/p>\n","protected":false},"excerpt":{"rendered":"<p>Ao\u00fbt 1887<\/p>\n","protected":false},"author":8,"featured_media":5312,"parent":5311,"menu_order":4,"comment_status":"closed","ping_status":"closed","template":"wp-custom-template-cahiers-humanisme-libertaire","meta":{"wp_typography_post_enhancements_disabled":false,"footnotes":""},"categories":[],"tags":[],"ppma_author":[680],"class_list":["post-5668","page","type-page","status-publish","has-post-thumbnail","hentry"],"_links":{"self":[{"href":"https:\/\/la-presse-anarchiste.net\/index.php\/wp-json\/wp\/v2\/pages\/5668","targetHints":{"allow":["GET"]}}],"collection":[{"href":"https:\/\/la-presse-anarchiste.net\/index.php\/wp-json\/wp\/v2\/pages"}],"about":[{"href":"https:\/\/la-presse-anarchiste.net\/index.php\/wp-json\/wp\/v2\/types\/page"}],"author":[{"embeddable":true,"href":"https:\/\/la-presse-anarchiste.net\/index.php\/wp-json\/wp\/v2\/users\/8"}],"replies":[{"embeddable":true,"href":"https:\/\/la-presse-anarchiste.net\/index.php\/wp-json\/wp\/v2\/comments?post=5668"}],"version-history":[{"count":5,"href":"https:\/\/la-presse-anarchiste.net\/index.php\/wp-json\/wp\/v2\/pages\/5668\/revisions"}],"predecessor-version":[{"id":6303,"href":"https:\/\/la-presse-anarchiste.net\/index.php\/wp-json\/wp\/v2\/pages\/5668\/revisions\/6303"}],"up":[{"embeddable":true,"href":"https:\/\/la-presse-anarchiste.net\/index.php\/wp-json\/wp\/v2\/pages\/5311"}],"wp:featuredmedia":[{"embeddable":true,"href":"https:\/\/la-presse-anarchiste.net\/index.php\/wp-json\/wp\/v2\/media\/5312"}],"wp:attachment":[{"href":"https:\/\/la-presse-anarchiste.net\/index.php\/wp-json\/wp\/v2\/media?parent=5668"}],"wp:term":[{"taxonomy":"category","embeddable":true,"href":"https:\/\/la-presse-anarchiste.net\/index.php\/wp-json\/wp\/v2\/categories?post=5668"},{"taxonomy":"post_tag","embeddable":true,"href":"https:\/\/la-presse-anarchiste.net\/index.php\/wp-json\/wp\/v2\/tags?post=5668"},{"taxonomy":"author","embeddable":true,"href":"https:\/\/la-presse-anarchiste.net\/index.php\/wp-json\/wp\/v2\/ppma_author?post=5668"}],"curies":[{"name":"wp","href":"https:\/\/api.w.org\/{rel}","templated":true}]}}