{"id":5766,"date":"1909-11-05T20:37:22","date_gmt":"1909-11-05T20:37:22","guid":{"rendered":"https:\/\/la-presse-anarchiste.net\/?page_id=5766"},"modified":"2023-10-16T00:54:54","modified_gmt":"2023-10-16T00:54:54","slug":"la-vie-ouvriere-n3-5-novembre-1909","status":"publish","type":"page","link":"https:\/\/la-presse-anarchiste.net\/index.php\/la-vie-ouvriere-1909-1914\/la-vie-ouvriere-n3-5-novembre-1909\/","title":{"rendered":"La vie Ouvri\u00e8re n\u00b03"},"content":{"rendered":"<div class=\"pdfprnt-buttons pdfprnt-buttons-page pdfprnt-top-right\"><a href=\"https:\/\/la-presse-anarchiste.net\/index.php\/wp-json\/wp\/v2\/pages\/5766?print=pdf\" class=\"pdfprnt-button pdfprnt-button-pdf\" target=\"_blank\"><img decoding=\"async\" src=\"https:\/\/la-presse-anarchiste.net\/wp-content\/plugins\/pdf-print\/images\/pdf.png\" alt=\"image_pdf\" title=\"Afficher le PDF\"><\/a><a href=\"https:\/\/la-presse-anarchiste.net\/index.php\/wp-json\/wp\/v2\/pages\/5766?print=print\" class=\"pdfprnt-button pdfprnt-button-print\" target=\"_blank\"><img decoding=\"async\" src=\"https:\/\/la-presse-anarchiste.net\/wp-content\/plugins\/pdf-print\/images\/print.png\" alt=\"image_print\" title=\"Contenu imprim\u00e9\"><\/a><\/div><h5>Au sommaire<\/h5>\n<ul>\n<li><a href=\"https:\/\/la-presse-anarchiste.net\/index.php\/2007\/08\/20\/quelques-notes-sur-notre-administration\/\">Quelques notes sur notre admi\u00adnis\u00adtra\u00adtion<\/a> (Pierre Monatte)<\/li>\n<li><a href=\"https:\/\/la-presse-anarchiste.net\/index.php\/2007\/08\/20\/la-greve-generale-en-suede\/\">La gr\u00e8ve g\u00e9n\u00e9\u00adrale en Su\u00e8de<\/a> (Alfred Nielsen)<\/li>\n<li><a href=\"https:\/\/la-presse-anarchiste.net\/index.php\/2007\/08\/20\/le-contrat-collectif\/\">Le contrat col\u00adlec\u00adtif<\/a> (Marc Pierrot)<\/li>\n<li><a href=\"https:\/\/la-presse-anarchiste.net\/index.php\/2007\/08\/20\/les-soudeurs-bretons\/\">Les sou\u00addeurs bre\u00adtons<\/a> (A. Merrheim)<\/li>\n<li><a href=\"https:\/\/la-presse-anarchiste.net\/index.php\/2007\/08\/19\/la-crise-du-syndicat-national-des-chemins-de-fer\/\">La crise du syn\u00addi\u00adcat natio\u00adnal des che\u00admins de fer<\/a> (Eug\u00e8ne Poitevin)<\/li>\n<li><a href=\"https:\/\/la-presse-anarchiste.net\/index.php\/2007\/08\/19\/la-repression-de-barcelone\/\">La r\u00e9pres\u00adsion de Bar\u00adce\u00adlone<\/a> (Cra\u00adt\u00e8s)<\/li>\n<li><strong>\u00c0 tra\u00advers les revues<\/strong>\n<ul>\n<li><a href=\"https:\/\/la-presse-anarchiste.net\/index.php\/1909\/11\/05\/a-travers-les-revues-3\/\">Un nou\u00advel emprunt russe de 20 mil\u00adliards<\/a> (R. Desailly)<\/li>\n<li><a href=\"https:\/\/la-presse-anarchiste.net\/index.php\/1909\/11\/05\/a-travers-les-revues-2\/\">L\u2019arm\u00e9e aux gr\u00e8ves<\/a> (H.&nbsp;Amor\u00e9)<\/li>\n<li><a href=\"https:\/\/la-presse-anarchiste.net\/index.php\/1909\/11\/05\/a-travers-les-revues\/\">Le r\u00e9gime des mines<\/a> (G. Dumoulin)<\/li>\n<\/ul>\n<\/li>\n<\/ul>\n","protected":false},"excerpt":{"rendered":"<p>5 novembre 1909<\/p>\n","protected":false},"author":1,"featured_media":5788,"parent":5593,"menu_order":3,"comment_status":"closed","ping_status":"closed","template":"wp-custom-template-cahiers-humanisme-libertaire","meta":{"wp_typography_post_enhancements_disabled":false,"footnotes":""},"categories":[],"tags":[],"ppma_author":[540],"class_list":["post-5766","page","type-page","status-publish","has-post-thumbnail","hentry"],"_links":{"self":[{"href":"https:\/\/la-presse-anarchiste.net\/index.php\/wp-json\/wp\/v2\/pages\/5766","targetHints":{"allow":["GET"]}}],"collection":[{"href":"https:\/\/la-presse-anarchiste.net\/index.php\/wp-json\/wp\/v2\/pages"}],"about":[{"href":"https:\/\/la-presse-anarchiste.net\/index.php\/wp-json\/wp\/v2\/types\/page"}],"author":[{"embeddable":true,"href":"https:\/\/la-presse-anarchiste.net\/index.php\/wp-json\/wp\/v2\/users\/1"}],"replies":[{"embeddable":true,"href":"https:\/\/la-presse-anarchiste.net\/index.php\/wp-json\/wp\/v2\/comments?post=5766"}],"version-history":[{"count":7,"href":"https:\/\/la-presse-anarchiste.net\/index.php\/wp-json\/wp\/v2\/pages\/5766\/revisions"}],"predecessor-version":[{"id":6344,"href":"https:\/\/la-presse-anarchiste.net\/index.php\/wp-json\/wp\/v2\/pages\/5766\/revisions\/6344"}],"up":[{"embeddable":true,"href":"https:\/\/la-presse-anarchiste.net\/index.php\/wp-json\/wp\/v2\/pages\/5593"}],"wp:featuredmedia":[{"embeddable":true,"href":"https:\/\/la-presse-anarchiste.net\/index.php\/wp-json\/wp\/v2\/media\/5788"}],"wp:attachment":[{"href":"https:\/\/la-presse-anarchiste.net\/index.php\/wp-json\/wp\/v2\/media?parent=5766"}],"wp:term":[{"taxonomy":"category","embeddable":true,"href":"https:\/\/la-presse-anarchiste.net\/index.php\/wp-json\/wp\/v2\/categories?post=5766"},{"taxonomy":"post_tag","embeddable":true,"href":"https:\/\/la-presse-anarchiste.net\/index.php\/wp-json\/wp\/v2\/tags?post=5766"},{"taxonomy":"author","embeddable":true,"href":"https:\/\/la-presse-anarchiste.net\/index.php\/wp-json\/wp\/v2\/ppma_author?post=5766"}],"curies":[{"name":"wp","href":"https:\/\/api.w.org\/{rel}","templated":true}]}}