{"id":5827,"date":"1910-06-15T00:01:53","date_gmt":"1910-06-15T00:01:53","guid":{"rendered":"https:\/\/la-presse-anarchiste.net\/?page_id=5827"},"modified":"2024-04-20T08:02:58","modified_gmt":"2024-04-20T08:02:58","slug":"bulletin-du-groupe-detudes-scientifiques-1910-1926","status":"publish","type":"page","link":"https:\/\/la-presse-anarchiste.net\/index.php\/bulletin-du-groupe-detudes-scientifiques-1910-1926\/","title":{"rendered":"Bulletin du Groupe d\u2019\u00c9tudes Scientifiques"},"content":{"rendered":"<div class=\"pdfprnt-buttons pdfprnt-buttons-page pdfprnt-top-right\"><a href=\"https:\/\/la-presse-anarchiste.net\/index.php\/wp-json\/wp\/v2\/pages\/5827?print=pdf\" class=\"pdfprnt-button pdfprnt-button-pdf\" target=\"_blank\"><img decoding=\"async\" src=\"https:\/\/la-presse-anarchiste.net\/wp-content\/plugins\/pdf-print\/images\/pdf.png\" alt=\"image_pdf\" title=\"Afficher le PDF\"><\/a><a href=\"https:\/\/la-presse-anarchiste.net\/index.php\/wp-json\/wp\/v2\/pages\/5827?print=print\" class=\"pdfprnt-button pdfprnt-button-print\" target=\"_blank\"><img decoding=\"async\" src=\"https:\/\/la-presse-anarchiste.net\/wp-content\/plugins\/pdf-print\/images\/print.png\" alt=\"image_print\" title=\"Contenu imprim\u00e9\"><\/a><\/div><p style=\"text-align: justify;\">Le <em>Bul\u00adle\u00adtin du groupe d\u2019\u00e9tudes scien\u00adti\u00adfiques<\/em> fur la cr\u00e9a\u00adtion presque exclu\u00adsive de Paraf-Javal, (Georges Mathias de son vrai nom). Per\u00adson\u00adnage extr\u00ea\u00adme\u00adment dog\u00adma\u00adtique, scien\u00adtiste abso\u00adlu, hygi\u00e9\u00adniste for\u00adce\u00adn\u00e9, m\u00e9ga\u00adlo\u00admane outran\u00adcier, ran\u00adcu\u00adnier et hai\u00adneux (bien qu\u2019il s\u2019en d\u00e9fende)\u2026 Bref, un bel exemple de mili\u00adtant anti\u00adpa\u00adthique et un peu tar\u00e9 de l\u2019esp\u00e8ce qui fait ma joie depuis que je m\u2019occupe de ce&nbsp;site.<\/p>\n<p style=\"text-align: justify;\">Chaque bul\u00adle\u00adtin com\u00adporte un article (p\u00e9nible) d\u2019\u00e9lucubrations scien\u00adti\u00adfiques sui\u00advi d\u2019un autre article o\u00f9 Paraf-Javal r\u00e8gle ses comptes avec le milieu anar\u00adchiste. C\u2019est cette der\u00adni\u00e8re par\u00adtie qui m\u2019a pous\u00ads\u00e9 \u00e0 m\u2019occuper de cette revue puisque, si ces articles sont \u00e0 prendre avec des pin\u00adcettes, il n\u2019en res\u00adtent pas moins un t\u00e9moi\u00adgnage rare sur le milieu indi\u00advi\u00addua\u00adliste au d\u00e9but du si\u00e8cle dernier.<\/p>\n<p style=\"text-align: justify;\">Cette col\u00adlec\u00adtion m\u2019est par\u00adve\u00adnue en deux fois. Tout d\u2019a\u00adbord, j\u2019ai eu acc\u00e8s aux 56 pre\u00admier num\u00e9\u00adros de cette s\u00e9rie. Ils sont en par\u00adtie res\u00adca\u00adp\u00e9s de la dis\u00adper\u00adsion des col\u00adlec\u00adtions de l\u2019<i>Ins\u00adti\u00adtut f\u00fcr Mar\u00adxis\u00admus-Leni\u00adni\u00admus bein Zen\u00adtral\u00adKo\u00admi\u00adtee der SED<\/i>. cit\u00e9s comme source d\u2019archives dans la th\u00e8se de Ren\u00e9 Bian\u00adco sur la presse anar\u00adchiste. Il est donc \u00e0 craindre que les cher\u00adcheurs doivent faire une croix sur cette res\u00adsource (ce qui motive d\u2019autant plus cette mise en&nbsp;ligne).<\/p>\n<p style=\"text-align: justify;\">Ensuite, j\u2019ai eu la chance de pou\u00advoir me pro\u00adcu\u00adrer les num\u00e9\u00adros 89 \u00e0 102 (les deux der\u00adniers gr\u00e2ce au CIRA De Lau\u00adsanne, dont l\u2019aide est tou\u00adjours ines\u00adti\u00admable). Les autres num\u00e9\u00adros sont encore recherch\u00e9s.<\/p>\n<p>Les num\u00e9\u00adros aux\u00adquels j\u2019ai acc\u00e8s sont reli\u00e9s de telle mani\u00e8re qu\u2019il m\u2019est impos\u00adsible d\u2019en faire une num\u00e9\u00adri\u00adsa\u00adtion cor\u00adrecte pour les rendre dis\u00adpo\u00adnibles sur le site archive.org<\/p>\n","protected":false},"excerpt":{"rendered":"<p><sup class=\"numerator\">1910<\/sup>\u2044<sub class=\"denominator\">1926<\/sub><\/p>\n","protected":false},"author":8,"featured_media":5829,"parent":0,"menu_order":150,"comment_status":"closed","ping_status":"closed","template":"wp-custom-template-cahiers-humanisme-libertaire","meta":{"wp_typography_post_enhancements_disabled":false,"footnotes":""},"categories":[],"tags":[],"ppma_author":[680],"class_list":["post-5827","page","type-page","status-publish","has-post-thumbnail","hentry"],"_links":{"self":[{"href":"https:\/\/la-presse-anarchiste.net\/index.php\/wp-json\/wp\/v2\/pages\/5827","targetHints":{"allow":["GET"]}}],"collection":[{"href":"https:\/\/la-presse-anarchiste.net\/index.php\/wp-json\/wp\/v2\/pages"}],"about":[{"href":"https:\/\/la-presse-anarchiste.net\/index.php\/wp-json\/wp\/v2\/types\/page"}],"author":[{"embeddable":true,"href":"https:\/\/la-presse-anarchiste.net\/index.php\/wp-json\/wp\/v2\/users\/8"}],"replies":[{"embeddable":true,"href":"https:\/\/la-presse-anarchiste.net\/index.php\/wp-json\/wp\/v2\/comments?post=5827"}],"version-history":[{"count":5,"href":"https:\/\/la-presse-anarchiste.net\/index.php\/wp-json\/wp\/v2\/pages\/5827\/revisions"}],"predecessor-version":[{"id":5868,"href":"https:\/\/la-presse-anarchiste.net\/index.php\/wp-json\/wp\/v2\/pages\/5827\/revisions\/5868"}],"wp:featuredmedia":[{"embeddable":true,"href":"https:\/\/la-presse-anarchiste.net\/index.php\/wp-json\/wp\/v2\/media\/5829"}],"wp:attachment":[{"href":"https:\/\/la-presse-anarchiste.net\/index.php\/wp-json\/wp\/v2\/media?parent=5827"}],"wp:term":[{"taxonomy":"category","embeddable":true,"href":"https:\/\/la-presse-anarchiste.net\/index.php\/wp-json\/wp\/v2\/categories?post=5827"},{"taxonomy":"post_tag","embeddable":true,"href":"https:\/\/la-presse-anarchiste.net\/index.php\/wp-json\/wp\/v2\/tags?post=5827"},{"taxonomy":"author","embeddable":true,"href":"https:\/\/la-presse-anarchiste.net\/index.php\/wp-json\/wp\/v2\/ppma_author?post=5827"}],"curies":[{"name":"wp","href":"https:\/\/api.w.org\/{rel}","templated":true}]}}