{"id":5921,"date":"1923-01-01T20:06:40","date_gmt":"1923-01-01T20:06:40","guid":{"rendered":"https:\/\/la-presse-anarchiste.net\/?page_id=5921"},"modified":"2023-10-16T00:48:44","modified_gmt":"2023-10-16T00:48:44","slug":"le-semeur-1923-1936","status":"publish","type":"page","link":"https:\/\/la-presse-anarchiste.net\/index.php\/le-semeur-1923-1936\/","title":{"rendered":"Le Semeur"},"content":{"rendered":"<div class=\"pdfprnt-buttons pdfprnt-buttons-page pdfprnt-top-right\"><a href=\"https:\/\/la-presse-anarchiste.net\/index.php\/wp-json\/wp\/v2\/pages\/5921?print=pdf\" class=\"pdfprnt-button pdfprnt-button-pdf\" target=\"_blank\"><img decoding=\"async\" src=\"https:\/\/la-presse-anarchiste.net\/wp-content\/plugins\/pdf-print\/images\/pdf.png\" alt=\"image_pdf\" title=\"Afficher le PDF\"><\/a><a href=\"https:\/\/la-presse-anarchiste.net\/index.php\/wp-json\/wp\/v2\/pages\/5921?print=print\" class=\"pdfprnt-button pdfprnt-button-print\" target=\"_blank\"><img decoding=\"async\" src=\"https:\/\/la-presse-anarchiste.net\/wp-content\/plugins\/pdf-print\/images\/print.png\" alt=\"image_print\" title=\"Contenu imprim\u00e9\"><\/a><\/div><p>Peu connu en-dehors du cercle \u00e9troit des sp\u00e9\u00adcia\u00adlistes de l\u2019a\u00adnar\u00adchisme, et pour\u00adtant\u2026 Le <em>Semeur<\/em> jour\u00adnal quin\u00adzo\u00adma\u00addaire. d\u2019a\u00adbord inti\u00adtu\u00adl\u00e9 <em>Le Semeur de Nor\u00adman\u00addie<\/em>, puis, \u00e0 par\u00adtir du num\u00e9\u00adro 51 <em>Le Semeur contre tous les tyrans<\/em> a \u00e9t\u00e9 une revue de tr\u00e8s haute tenue id\u00e9o\u00adlo\u00adgique. Elle ouvrait ses colonnes \u00e0 toutes les ten\u00addances de l\u2019a\u00adnar\u00adchisme, avec une ouver\u00adture d\u2019es\u00adprit remarquable.<\/p>\n<p>E. Pou\u00adlain et Alphonse Bar\u00adb\u00e9, les ani\u00adma\u00adteurs de ce jour\u00adnal, per\u00addu au tr\u00e9\u00adfonds de la Nor\u00adman\u00addie (Falaise, pour \u00eatre pr\u00e9\u00adcis) furent des mili\u00adtants \u00e0 la pointe de tous les com\u00adbats, et sur\u00adtout du paci\u00adfisme&nbsp;: le <em>Semeur<\/em> ani\u00adma de mul\u00adtiples cam\u00adpagnes en faveur de l\u2019ob\u00adjec\u00adtion de conscience. Cer\u00adtains y ver\u00adront une contra\u00addic\u00adtion, mais c\u2019est les \u00e9v\u00e9\u00adne\u00adments d\u2019Es\u00adpagne qui mirent fin \u00e0 cette revue&nbsp;: Alphonse Bar\u00adb\u00e9 se consa\u00adcrant \u00e0 Per\u00adpi\u00adgnan, au secours des r\u00e9pu\u00adbli\u00adcains espagnols.<\/p>\n<p>Pour quelles rai\u00adsons <em>Le Semeur<\/em> ne figure-t-il pas plus au pan\u00adth\u00e9on des revues anar\u00adchistes&nbsp;? Peut-\u00eatre pas assez pari\u00adsienne&nbsp;? Peut-\u00eatre parce qu\u2019elle n\u2019\u00e9\u00adtait pas l\u2019or\u00adgane d\u2019une fac\u00adtion bien d\u00e9fi\u00adnie et trop ouverte \u00e0 tous&nbsp;?&nbsp; Quoi qu\u2019il en soit, j\u2019ai la chance d\u2019a\u00advoir acc\u00e8s \u00e0 bon nombre des 280 num\u00e9\u00adros, cer\u00adtains manques sont com\u00adbl\u00e9s par les archives d\u00e9par\u00adte\u00admen\u00adtales du Calvados.<\/p>\n<p>&nbsp;<\/p>\n","protected":false},"excerpt":{"rendered":"<p><sup class=\"numerator\">1923<\/sup>\u2044<sub class=\"denominator\">1936<\/sub><\/p>\n","protected":false},"author":1,"featured_media":5922,"parent":0,"menu_order":1900,"comment_status":"closed","ping_status":"closed","template":"wp-custom-template-cahiers-humanisme-libertaire","meta":{"wp_typography_post_enhancements_disabled":false,"footnotes":""},"categories":[],"tags":[],"ppma_author":[540],"class_list":["post-5921","page","type-page","status-publish","has-post-thumbnail","hentry"],"_links":{"self":[{"href":"https:\/\/la-presse-anarchiste.net\/index.php\/wp-json\/wp\/v2\/pages\/5921","targetHints":{"allow":["GET"]}}],"collection":[{"href":"https:\/\/la-presse-anarchiste.net\/index.php\/wp-json\/wp\/v2\/pages"}],"about":[{"href":"https:\/\/la-presse-anarchiste.net\/index.php\/wp-json\/wp\/v2\/types\/page"}],"author":[{"embeddable":true,"href":"https:\/\/la-presse-anarchiste.net\/index.php\/wp-json\/wp\/v2\/users\/1"}],"replies":[{"embeddable":true,"href":"https:\/\/la-presse-anarchiste.net\/index.php\/wp-json\/wp\/v2\/comments?post=5921"}],"version-history":[{"count":4,"href":"https:\/\/la-presse-anarchiste.net\/index.php\/wp-json\/wp\/v2\/pages\/5921\/revisions"}],"predecessor-version":[{"id":6335,"href":"https:\/\/la-presse-anarchiste.net\/index.php\/wp-json\/wp\/v2\/pages\/5921\/revisions\/6335"}],"wp:featuredmedia":[{"embeddable":true,"href":"https:\/\/la-presse-anarchiste.net\/index.php\/wp-json\/wp\/v2\/media\/5922"}],"wp:attachment":[{"href":"https:\/\/la-presse-anarchiste.net\/index.php\/wp-json\/wp\/v2\/media?parent=5921"}],"wp:term":[{"taxonomy":"category","embeddable":true,"href":"https:\/\/la-presse-anarchiste.net\/index.php\/wp-json\/wp\/v2\/categories?post=5921"},{"taxonomy":"post_tag","embeddable":true,"href":"https:\/\/la-presse-anarchiste.net\/index.php\/wp-json\/wp\/v2\/tags?post=5921"},{"taxonomy":"author","embeddable":true,"href":"https:\/\/la-presse-anarchiste.net\/index.php\/wp-json\/wp\/v2\/ppma_author?post=5921"}],"curies":[{"name":"wp","href":"https:\/\/api.w.org\/{rel}","templated":true}]}}