{"id":5943,"date":"2023-10-08T12:20:20","date_gmt":"2023-10-08T12:20:20","guid":{"rendered":"https:\/\/la-presse-anarchiste.net\/?page_id=5943"},"modified":"2024-04-19T12:52:27","modified_gmt":"2024-04-19T12:52:27","slug":"iztok-n1","status":"publish","type":"page","link":"https:\/\/la-presse-anarchiste.net\/index.php\/iztok-1980-1991\/iztok-n1\/","title":{"rendered":"Iztok n\u00b01"},"content":{"rendered":"<div class=\"pdfprnt-buttons pdfprnt-buttons-page pdfprnt-top-right\"><a href=\"https:\/\/la-presse-anarchiste.net\/index.php\/wp-json\/wp\/v2\/pages\/5943?print=pdf\" class=\"pdfprnt-button pdfprnt-button-pdf\" target=\"_blank\"><img decoding=\"async\" src=\"https:\/\/la-presse-anarchiste.net\/wp-content\/plugins\/pdf-print\/images\/pdf.png\" alt=\"image_pdf\" title=\"Afficher le PDF\"><\/a><a href=\"https:\/\/la-presse-anarchiste.net\/index.php\/wp-json\/wp\/v2\/pages\/5943?print=print\" class=\"pdfprnt-button pdfprnt-button-print\" target=\"_blank\"><img decoding=\"async\" src=\"https:\/\/la-presse-anarchiste.net\/wp-content\/plugins\/pdf-print\/images\/print.png\" alt=\"image_print\" title=\"Contenu imprim\u00e9\"><\/a><\/div><h5>Au sommaire<\/h5>\n<ul>\n<li><a href=\"https:\/\/la-presse-anarchiste.net\/index.php\/1980\/04\/01\/editorial-3\/\">\u00c9di\u00adto\u00adrial<\/a><\/li>\n<li><a href=\"https:\/\/la-presse-anarchiste.net\/index.php\/2007\/08\/15\/notes-sur-lanarchisme-en-urss\/\">Notes sur l\u2019anarchisme en URSS (1921\u200a\u2014\u200a1979)<\/a> (Wie\u00adbie\u00adrals\u00adki)<\/li>\n<li><a href=\"https:\/\/la-presse-anarchiste.net\/index.php\/1980\/04\/01\/rue-du-proletaire-rouge\/\">Rue du pro\u00adl\u00e9\u00adtaire rouge<\/a> (Dimi\u00adtrov)<\/li>\n<li><a href=\"https:\/\/la-presse-anarchiste.net\/index.php\/1980\/04\/01\/marx-bakounine-et-les-dissidents-russes\/\">Marx, Bakou\u00adnine et les dis\u00adsi\u00addents russes<\/a> (P. Gorski)<\/li>\n<li><a href=\"https:\/\/la-presse-anarchiste.net\/index.php\/1980\/04\/01\/solidarite-internationale-entre-les-pays-de-lest\/\">Soli\u00adda\u00adri\u00adt\u00e9 inter\u00adna\u00adtio\u00adnale entre les pays de l\u2019Est&nbsp;: le pro\u00adc\u00e8s de Prague<\/a> (Vincent)<\/li>\n<li><a href=\"https:\/\/la-presse-anarchiste.net\/index.php\/1980\/04\/01\/urss-200-millions-de-lumpen-proletaires\/\">URSS&nbsp;: 200 mil\u00adlions de lum\u00adpen-pro\u00adl\u00e9\u00adtaires&nbsp;?<\/a> (Dierz\u00adky)<\/li>\n<li><a href=\"https:\/\/la-presse-anarchiste.net\/index.php\/1980\/04\/01\/nouvelles-du-front-russe\/\">Nou\u00advelles du \u00ab&nbsp;front russe&nbsp;\u00bb<\/a> (Dierz\u00adky)<\/li>\n<li><a href=\"https:\/\/la-presse-anarchiste.net\/index.php\/1980\/04\/01\/la-propagande-du-parti-et-ses-rapports-avec-lanarchisme-en-bulgarie\/\">La pro\u00adpa\u00adgande du par\u00adti et ses rap\u00adports avec l\u2019anarchisme en Bul\u00adga\u00adrie<\/a> (Petar Semerdjiev)<\/li>\n<li><a href=\"https:\/\/la-presse-anarchiste.net\/index.php\/1980\/04\/01\/entrevue-avec-istvan-kemeny\/\">Entre\u00advue avec Ist\u00advan Keme\u00adny<\/a> (Iztok)<\/li>\n<li>Revue de presse (Iztok), non trans\u00adcrit&nbsp;ici<\/li>\n<\/ul>\n<p>La revue a pour adresse celle de l\u2019association \u00ab&nbsp;les ami\u00adti\u00e9s fran\u00adco-bul\u00adgares&nbsp;\u00bb, 26 rue Piat \u00e0 Paris. Le direc\u00adteur est Jack Stein domi\u00adci\u00adli\u00e9 en Aus\u00adtra\u00adlie. Le pre\u00admier num\u00e9\u00adro est un ensemble de page agra\u00adf\u00e9es&nbsp;; le texte est tap\u00e9 \u00e0 la machine.<\/p>\n<p>Le pre\u00admier num\u00e9\u00adro est livr\u00e9 avec un tract de pr\u00e9sentation<\/p>\n","protected":false},"excerpt":{"rendered":"<p>Prin\u00adtemps&nbsp;1980<\/p>\n","protected":false},"author":8,"featured_media":5945,"parent":4943,"menu_order":1,"comment_status":"closed","ping_status":"closed","template":"wp-custom-template-cahiers-humanisme-libertaire","meta":{"wp_typography_post_enhancements_disabled":false,"footnotes":""},"categories":[],"tags":[],"ppma_author":[680],"class_list":["post-5943","page","type-page","status-publish","has-post-thumbnail","hentry"],"_links":{"self":[{"href":"https:\/\/la-presse-anarchiste.net\/index.php\/wp-json\/wp\/v2\/pages\/5943","targetHints":{"allow":["GET"]}}],"collection":[{"href":"https:\/\/la-presse-anarchiste.net\/index.php\/wp-json\/wp\/v2\/pages"}],"about":[{"href":"https:\/\/la-presse-anarchiste.net\/index.php\/wp-json\/wp\/v2\/types\/page"}],"author":[{"embeddable":true,"href":"https:\/\/la-presse-anarchiste.net\/index.php\/wp-json\/wp\/v2\/users\/8"}],"replies":[{"embeddable":true,"href":"https:\/\/la-presse-anarchiste.net\/index.php\/wp-json\/wp\/v2\/comments?post=5943"}],"version-history":[{"count":8,"href":"https:\/\/la-presse-anarchiste.net\/index.php\/wp-json\/wp\/v2\/pages\/5943\/revisions"}],"predecessor-version":[{"id":6390,"href":"https:\/\/la-presse-anarchiste.net\/index.php\/wp-json\/wp\/v2\/pages\/5943\/revisions\/6390"}],"up":[{"embeddable":true,"href":"https:\/\/la-presse-anarchiste.net\/index.php\/wp-json\/wp\/v2\/pages\/4943"}],"wp:featuredmedia":[{"embeddable":true,"href":"https:\/\/la-presse-anarchiste.net\/index.php\/wp-json\/wp\/v2\/media\/5945"}],"wp:attachment":[{"href":"https:\/\/la-presse-anarchiste.net\/index.php\/wp-json\/wp\/v2\/media?parent=5943"}],"wp:term":[{"taxonomy":"category","embeddable":true,"href":"https:\/\/la-presse-anarchiste.net\/index.php\/wp-json\/wp\/v2\/categories?post=5943"},{"taxonomy":"post_tag","embeddable":true,"href":"https:\/\/la-presse-anarchiste.net\/index.php\/wp-json\/wp\/v2\/tags?post=5943"},{"taxonomy":"author","embeddable":true,"href":"https:\/\/la-presse-anarchiste.net\/index.php\/wp-json\/wp\/v2\/ppma_author?post=5943"}],"curies":[{"name":"wp","href":"https:\/\/api.w.org\/{rel}","templated":true}]}}