{"id":5960,"date":"1892-01-27T00:01:12","date_gmt":"1892-01-27T00:01:12","guid":{"rendered":"https:\/\/la-presse-anarchiste.net\/?page_id=5960"},"modified":"2023-10-16T00:31:11","modified_gmt":"2023-10-16T00:31:11","slug":"le-libertaire-1892","status":"publish","type":"page","link":"https:\/\/la-presse-anarchiste.net\/index.php\/le-libertaire-1892\/","title":{"rendered":"Le Libertaire (2<sup>e<\/sup> s\u00e9rie)"},"content":{"rendered":"<div class=\"pdfprnt-buttons pdfprnt-buttons-page pdfprnt-top-right\"><a href=\"https:\/\/la-presse-anarchiste.net\/index.php\/wp-json\/wp\/v2\/pages\/5960?print=pdf\" class=\"pdfprnt-button pdfprnt-button-pdf\" target=\"_blank\"><img decoding=\"async\" src=\"https:\/\/la-presse-anarchiste.net\/wp-content\/plugins\/pdf-print\/images\/pdf.png\" alt=\"image_pdf\" title=\"Afficher le PDF\"><\/a><a href=\"https:\/\/la-presse-anarchiste.net\/index.php\/wp-json\/wp\/v2\/pages\/5960?print=print\" class=\"pdfprnt-button pdfprnt-button-print\" target=\"_blank\"><img decoding=\"async\" src=\"https:\/\/la-presse-anarchiste.net\/wp-content\/plugins\/pdf-print\/images\/print.png\" alt=\"image_print\" title=\"Contenu imprim\u00e9\"><\/a><\/div><p style=\"text-align: justify;\">C\u2019est, \u00e0 ma connais\u00adsance, le deuxi\u00e8me jour\u00adnal por\u00adtant ce nom\u200a\u2014\u200ale pre\u00admier \u00e9tant celui que Joseph D\u00e9jacques, l\u2019inventeur du mot \u00ab&nbsp;liber\u00adtaire&nbsp;\u00bb, publia \u00e0 la Nou\u00advelle Orl\u00e9ans.<\/p>\n<p style=\"text-align: justify;\">Le <em>Liber\u00adtaire,<\/em> \u00ab&nbsp;organe alg\u00e9\u00adrien com\u00admu\u00adniste anar\u00adchiste&nbsp;\u00bb \u00e9tait \u00e9di\u00adt\u00e9 par Jean Faure, impri\u00adm\u00e9 en poly\u00adgra\u00adphie. Il semble que seule\u00adment 10 num\u00e9\u00adros aient \u00e9t\u00e9 publi\u00e9s.<\/p>\n<p style=\"text-align: justify;\">On trouve peu de trace de cette revue, elle \u00e0 \u00e9t\u00e9 signa\u00adl\u00e9e par <em>La R\u00e9volte<\/em>, il a eu eu une cor\u00adres\u00adpon\u00addance avec Hen\u00adry Zis\u00adly. On trouve une cita\u00adtion dans \u00ab&nbsp;les cou\u00adlisses de l\u2019anarchie&nbsp;\u00bb de Flor O\u2019Squarr (ouvrage un peu sen\u00adsa\u00adtion\u00adna\u00adliste, publi\u00e9 en 1892, qui donne tou\u00adte\u00adfois en illus\u00adtra\u00adtion la pre\u00admi\u00e8re page du num\u00e9\u00adro 5 de la revue): \u00ab&nbsp;Enfin il existe en langue fran\u00ad\u00e7aise (\u2026) <em>Le Liber\u00adtaire<\/em>, feuille auto\u00adgra\u00adphi\u00e9e, \u00e9di\u00adt\u00e9e \u00e0 Alger et repen\u00addue sur tout le lit\u00adto\u00adral afri\u00adcain, d\u2019Oran \u00e0&nbsp;Sfax&nbsp;\u00bb<\/p>\n<p style=\"text-align: justify;\">Seuls des copies des num\u00e9\u00adros 1, 3, 4, 5, 6 et 7 me sont par\u00adve\u00adnues. Le type d\u2019impression (poly\u00adco\u00adpie) emp\u00eache le trai\u00adte\u00adment habi\u00adtuel de ce jour\u00adnal, les articles ne seront publi\u00e9s sur le site que tr\u00e8s len\u00adte\u00adment\u2026 (du moins encore plus que d\u2019habitude).<\/p>\n","protected":false},"excerpt":{"rendered":"<p>1892<\/p>\n","protected":false},"author":1,"featured_media":5961,"parent":0,"menu_order":1350,"comment_status":"closed","ping_status":"closed","template":"wp-custom-template-cahiers-humanisme-libertaire","meta":{"wp_typography_post_enhancements_disabled":false,"footnotes":""},"categories":[],"tags":[],"ppma_author":[540],"class_list":["post-5960","page","type-page","status-publish","has-post-thumbnail","hentry"],"_links":{"self":[{"href":"https:\/\/la-presse-anarchiste.net\/index.php\/wp-json\/wp\/v2\/pages\/5960","targetHints":{"allow":["GET"]}}],"collection":[{"href":"https:\/\/la-presse-anarchiste.net\/index.php\/wp-json\/wp\/v2\/pages"}],"about":[{"href":"https:\/\/la-presse-anarchiste.net\/index.php\/wp-json\/wp\/v2\/types\/page"}],"author":[{"embeddable":true,"href":"https:\/\/la-presse-anarchiste.net\/index.php\/wp-json\/wp\/v2\/users\/1"}],"replies":[{"embeddable":true,"href":"https:\/\/la-presse-anarchiste.net\/index.php\/wp-json\/wp\/v2\/comments?post=5960"}],"version-history":[{"count":3,"href":"https:\/\/la-presse-anarchiste.net\/index.php\/wp-json\/wp\/v2\/pages\/5960\/revisions"}],"predecessor-version":[{"id":6325,"href":"https:\/\/la-presse-anarchiste.net\/index.php\/wp-json\/wp\/v2\/pages\/5960\/revisions\/6325"}],"wp:featuredmedia":[{"embeddable":true,"href":"https:\/\/la-presse-anarchiste.net\/index.php\/wp-json\/wp\/v2\/media\/5961"}],"wp:attachment":[{"href":"https:\/\/la-presse-anarchiste.net\/index.php\/wp-json\/wp\/v2\/media?parent=5960"}],"wp:term":[{"taxonomy":"category","embeddable":true,"href":"https:\/\/la-presse-anarchiste.net\/index.php\/wp-json\/wp\/v2\/categories?post=5960"},{"taxonomy":"post_tag","embeddable":true,"href":"https:\/\/la-presse-anarchiste.net\/index.php\/wp-json\/wp\/v2\/tags?post=5960"},{"taxonomy":"author","embeddable":true,"href":"https:\/\/la-presse-anarchiste.net\/index.php\/wp-json\/wp\/v2\/ppma_author?post=5960"}],"curies":[{"name":"wp","href":"https:\/\/api.w.org\/{rel}","templated":true}]}}