{"id":5964,"date":"1892-01-27T00:10:33","date_gmt":"1892-01-27T00:10:33","guid":{"rendered":"https:\/\/la-presse-anarchiste.net\/?page_id=5964"},"modified":"2023-10-16T00:31:44","modified_gmt":"2023-10-16T00:31:44","slug":"le-libertaire-n1","status":"publish","type":"page","link":"https:\/\/la-presse-anarchiste.net\/index.php\/le-libertaire-1892\/le-libertaire-n1\/","title":{"rendered":"Le Libertaire n\u00b01"},"content":{"rendered":"<div class=\"pdfprnt-buttons pdfprnt-buttons-page pdfprnt-top-right\"><a href=\"https:\/\/la-presse-anarchiste.net\/index.php\/wp-json\/wp\/v2\/pages\/5964?print=pdf\" class=\"pdfprnt-button pdfprnt-button-pdf\" target=\"_blank\"><img decoding=\"async\" src=\"https:\/\/la-presse-anarchiste.net\/wp-content\/plugins\/pdf-print\/images\/pdf.png\" alt=\"image_pdf\" title=\"Afficher le PDF\"><\/a><a href=\"https:\/\/la-presse-anarchiste.net\/index.php\/wp-json\/wp\/v2\/pages\/5964?print=print\" class=\"pdfprnt-button pdfprnt-button-print\" target=\"_blank\"><img decoding=\"async\" src=\"https:\/\/la-presse-anarchiste.net\/wp-content\/plugins\/pdf-print\/images\/print.png\" alt=\"image_print\" title=\"Contenu imprim\u00e9\"><\/a><\/div><h5>Au sommaire<\/h5>\n<ul>\n<li>Com\u00admu\u00adni\u00adca\u00adtions (petite cor\u00adres\u00adpon\u00addance non tran\u00adcrite&nbsp;ici)<\/li>\n<li><a href=\"https:\/\/la-presse-anarchiste.net\/index.php\/1892\/01\/27\/les-elus\/\">Les \u00e9lus<\/a><\/li>\n<li><a href=\"https:\/\/la-presse-anarchiste.net\/index.php\/1892\/01\/27\/xeres\/\">X\u00e9r\u00e8s<\/a><\/li>\n<li><a href=\"https:\/\/la-presse-anarchiste.net\/index.php\/1892\/01\/27\/guyane\/\">Guyane<\/a><\/li>\n<li><a href=\"https:\/\/la-presse-anarchiste.net\/index.php\/1892\/01\/27\/coups-de-ciseaux\/\">Coups de Ciseaux<\/a><\/li>\n<li><a href=\"https:\/\/la-presse-anarchiste.net\/index.php\/1892\/01\/27\/causeries\/\">Cau\u00adse\u00adries<\/a><\/li>\n<li><a href=\"https:\/\/la-presse-anarchiste.net\/index.php\/1892\/01\/27\/oran\/\">Oran<\/a><\/li>\n<li><a href=\"https:\/\/la-presse-anarchiste.net\/index.php\/1892\/01\/27\/chez-ramollot\/\">Chez Ramol\u00adlot<\/a><\/li>\n<li>Publi\u00adca\u00adtions anar\u00adchistes (liste non transcrite)<\/li>\n<\/ul>\n<p>Pour le jour\u00adnal (sous\u00adcrip\u00adtion dont le mon\u00adtant s\u2019\u00e9l\u00e8ve \u00e0 14&nbsp;frs 95 cts, les sous\u00adcrip\u00adteurs sont T. et W. Mener\u00adville, une bour\u00adgeoise anar\u00adchiste, Die\u00adtrich (par Wie\u00adner), un reli\u00adquat de fil de fer par Lemoine et une col\u00adlecte du groupe. \u00c0 noter un \u00ab&nbsp;report&nbsp;\u00bb de 7 frs 75 qui semble indi\u00adqu\u00e9 une acti\u00advi\u00adt\u00e9 pass\u00e9e&nbsp;(?)<\/p>\n","protected":false},"excerpt":{"rendered":"<p>27 jan\u00advier&nbsp;1892<\/p>\n","protected":false},"author":1,"featured_media":5961,"parent":5960,"menu_order":1,"comment_status":"closed","ping_status":"closed","template":"wp-custom-template-cahiers-humanisme-libertaire","meta":{"wp_typography_post_enhancements_disabled":false,"footnotes":""},"categories":[],"tags":[],"ppma_author":[540],"class_list":["post-5964","page","type-page","status-publish","has-post-thumbnail","hentry"],"_links":{"self":[{"href":"https:\/\/la-presse-anarchiste.net\/index.php\/wp-json\/wp\/v2\/pages\/5964","targetHints":{"allow":["GET"]}}],"collection":[{"href":"https:\/\/la-presse-anarchiste.net\/index.php\/wp-json\/wp\/v2\/pages"}],"about":[{"href":"https:\/\/la-presse-anarchiste.net\/index.php\/wp-json\/wp\/v2\/types\/page"}],"author":[{"embeddable":true,"href":"https:\/\/la-presse-anarchiste.net\/index.php\/wp-json\/wp\/v2\/users\/1"}],"replies":[{"embeddable":true,"href":"https:\/\/la-presse-anarchiste.net\/index.php\/wp-json\/wp\/v2\/comments?post=5964"}],"version-history":[{"count":4,"href":"https:\/\/la-presse-anarchiste.net\/index.php\/wp-json\/wp\/v2\/pages\/5964\/revisions"}],"predecessor-version":[{"id":6326,"href":"https:\/\/la-presse-anarchiste.net\/index.php\/wp-json\/wp\/v2\/pages\/5964\/revisions\/6326"}],"up":[{"embeddable":true,"href":"https:\/\/la-presse-anarchiste.net\/index.php\/wp-json\/wp\/v2\/pages\/5960"}],"wp:featuredmedia":[{"embeddable":true,"href":"https:\/\/la-presse-anarchiste.net\/index.php\/wp-json\/wp\/v2\/media\/5961"}],"wp:attachment":[{"href":"https:\/\/la-presse-anarchiste.net\/index.php\/wp-json\/wp\/v2\/media?parent=5964"}],"wp:term":[{"taxonomy":"category","embeddable":true,"href":"https:\/\/la-presse-anarchiste.net\/index.php\/wp-json\/wp\/v2\/categories?post=5964"},{"taxonomy":"post_tag","embeddable":true,"href":"https:\/\/la-presse-anarchiste.net\/index.php\/wp-json\/wp\/v2\/tags?post=5964"},{"taxonomy":"author","embeddable":true,"href":"https:\/\/la-presse-anarchiste.net\/index.php\/wp-json\/wp\/v2\/ppma_author?post=5964"}],"curies":[{"name":"wp","href":"https:\/\/api.w.org\/{rel}","templated":true}]}}