{"id":6003,"date":"1887-11-01T00:00:59","date_gmt":"1887-11-01T00:00:59","guid":{"rendered":"https:\/\/la-presse-anarchiste.net\/?page_id=6003"},"modified":"2024-04-30T20:23:53","modified_gmt":"2024-04-30T20:23:53","slug":"lautonomie-individuelle-n6","status":"publish","type":"page","link":"https:\/\/la-presse-anarchiste.net\/index.php\/lautonomie-individuelle-1887-1888\/lautonomie-individuelle-n6\/","title":{"rendered":"L\u2019Autonomie Individuelle n\u00b06"},"content":{"rendered":"<div class=\"pdfprnt-buttons pdfprnt-buttons-page pdfprnt-top-right\"><a href=\"https:\/\/la-presse-anarchiste.net\/index.php\/wp-json\/wp\/v2\/pages\/6003?print=pdf\" class=\"pdfprnt-button pdfprnt-button-pdf\" target=\"_blank\"><img decoding=\"async\" src=\"https:\/\/la-presse-anarchiste.net\/wp-content\/plugins\/pdf-print\/images\/pdf.png\" alt=\"image_pdf\" title=\"Afficher le PDF\"><\/a><a href=\"https:\/\/la-presse-anarchiste.net\/index.php\/wp-json\/wp\/v2\/pages\/6003?print=print\" class=\"pdfprnt-button pdfprnt-button-print\" target=\"_blank\"><img decoding=\"async\" src=\"https:\/\/la-presse-anarchiste.net\/wp-content\/plugins\/pdf-print\/images\/print.png\" alt=\"image_print\" title=\"Contenu imprim\u00e9\"><\/a><\/div><h5>Au sommaire<\/h5>\n<ul>\n<li><a href=\"https:\/\/la-presse-anarchiste.net\/index.php\/1887\/11\/01\/a-nos-lecteurs-3\/\">\u00c0 nos lec\u00adteurs<\/a>&nbsp;(\u00ab&nbsp;L\u2019Autonomie&nbsp;\u00bb)<\/li>\n<li><a href=\"https:\/\/la-presse-anarchiste.net\/index.php\/1887\/11\/01\/lindividualisme-et-lasociation\/\">L\u2019individualisme et l\u2019association<\/a>&nbsp;(Julen\u00addr\u00e9)<\/li>\n<li><a href=\"https:\/\/la-presse-anarchiste.net\/index.php\/1887\/11\/01\/la-musicomanie\/\">La musi\u00adco\u00adma\u00adnie<\/a>&nbsp;(A. Carteron)<\/li>\n<li><a href=\"https:\/\/la-presse-anarchiste.net\/index.php\/1887\/11\/01\/la-concurrence-vitale\/\">La concur\u00adrence vitale<\/a>&nbsp;(G. Deherme)<\/li>\n<li><a href=\"https:\/\/la-presse-anarchiste.net\/index.php\/1887\/11\/01\/tristesse-de-claudius\/\">Tris\u00adtesse de Clau\u00addius<\/a>&nbsp;(Aur\u00e9\u00adlien Scholl)<\/li>\n<li><a href=\"https:\/\/la-presse-anarchiste.net\/index.php\/1887\/11\/01\/quelques-mots-sur-lanarchie-ou-individualisme-social-3\/\">Quelques mots sur l\u2019Anarchie<\/a>&nbsp;(J.-B. Louiche)<\/li>\n<li><a href=\"https:\/\/la-presse-anarchiste.net\/index.php\/1887\/11\/01\/les-quais-de-demain-5\/\">Les Quais de demain<\/a>&nbsp;(Col\u00adline)<\/li>\n<li><a href=\"https:\/\/la-presse-anarchiste.net\/index.php\/1887\/11\/01\/revue-mensuelle\/\">Revue men\u00adsuelle<\/a>&nbsp;(N\u00e9mo)<\/li>\n<\/ul>\n<p>La revue change de pr\u00e9\u00adsen\u00adta\u00adtion avec ce num\u00e9\u00adro. La sous\u00adcrip\u00adtion s\u2019\u00e9l\u00e8ve \u00e0 7,73 francs<\/p>\n","protected":false},"excerpt":{"rendered":"<p>Novembre 1887<\/p>\n","protected":false},"author":8,"featured_media":5312,"parent":5311,"menu_order":6,"comment_status":"closed","ping_status":"closed","template":"wp-custom-template-cahiers-humanisme-libertaire","meta":{"wp_typography_post_enhancements_disabled":false,"footnotes":""},"categories":[],"tags":[],"ppma_author":[680],"class_list":["post-6003","page","type-page","status-publish","has-post-thumbnail","hentry"],"_links":{"self":[{"href":"https:\/\/la-presse-anarchiste.net\/index.php\/wp-json\/wp\/v2\/pages\/6003","targetHints":{"allow":["GET"]}}],"collection":[{"href":"https:\/\/la-presse-anarchiste.net\/index.php\/wp-json\/wp\/v2\/pages"}],"about":[{"href":"https:\/\/la-presse-anarchiste.net\/index.php\/wp-json\/wp\/v2\/types\/page"}],"author":[{"embeddable":true,"href":"https:\/\/la-presse-anarchiste.net\/index.php\/wp-json\/wp\/v2\/users\/8"}],"replies":[{"embeddable":true,"href":"https:\/\/la-presse-anarchiste.net\/index.php\/wp-json\/wp\/v2\/comments?post=6003"}],"version-history":[{"count":5,"href":"https:\/\/la-presse-anarchiste.net\/index.php\/wp-json\/wp\/v2\/pages\/6003\/revisions"}],"predecessor-version":[{"id":7234,"href":"https:\/\/la-presse-anarchiste.net\/index.php\/wp-json\/wp\/v2\/pages\/6003\/revisions\/7234"}],"up":[{"embeddable":true,"href":"https:\/\/la-presse-anarchiste.net\/index.php\/wp-json\/wp\/v2\/pages\/5311"}],"wp:featuredmedia":[{"embeddable":true,"href":"https:\/\/la-presse-anarchiste.net\/index.php\/wp-json\/wp\/v2\/media\/5312"}],"wp:attachment":[{"href":"https:\/\/la-presse-anarchiste.net\/index.php\/wp-json\/wp\/v2\/media?parent=6003"}],"wp:term":[{"taxonomy":"category","embeddable":true,"href":"https:\/\/la-presse-anarchiste.net\/index.php\/wp-json\/wp\/v2\/categories?post=6003"},{"taxonomy":"post_tag","embeddable":true,"href":"https:\/\/la-presse-anarchiste.net\/index.php\/wp-json\/wp\/v2\/tags?post=6003"},{"taxonomy":"author","embeddable":true,"href":"https:\/\/la-presse-anarchiste.net\/index.php\/wp-json\/wp\/v2\/ppma_author?post=6003"}],"curies":[{"name":"wp","href":"https:\/\/api.w.org\/{rel}","templated":true}]}}