{"id":6093,"date":"1872-02-15T00:01:51","date_gmt":"1872-02-15T00:01:51","guid":{"rendered":"https:\/\/la-presse-anarchiste.net\/?page_id=6093"},"modified":"2024-05-01T13:36:29","modified_gmt":"2024-05-01T13:36:29","slug":"bulletin-de-la-federation-jurassienne-n1","status":"publish","type":"page","link":"https:\/\/la-presse-anarchiste.net\/index.php\/bulletin-de-la-federation-jurassienne-1872-1878\/bulletin-de-la-federation-jurassienne-1872\/bulletin-de-la-federation-jurassienne-n1\/","title":{"rendered":"Bulletin de la F\u00e9d\u00e9ration Jurassienne n\u00b01"},"content":{"rendered":"<div class=\"pdfprnt-buttons pdfprnt-buttons-page pdfprnt-top-right\"><a href=\"https:\/\/la-presse-anarchiste.net\/index.php\/wp-json\/wp\/v2\/pages\/6093?print=pdf\" class=\"pdfprnt-button pdfprnt-button-pdf\" target=\"_blank\"><img decoding=\"async\" src=\"https:\/\/la-presse-anarchiste.net\/wp-content\/plugins\/pdf-print\/images\/pdf.png\" alt=\"image_pdf\" title=\"Afficher le PDF\"><\/a><a href=\"https:\/\/la-presse-anarchiste.net\/index.php\/wp-json\/wp\/v2\/pages\/6093?print=print\" class=\"pdfprnt-button pdfprnt-button-print\" target=\"_blank\"><img decoding=\"async\" src=\"https:\/\/la-presse-anarchiste.net\/wp-content\/plugins\/pdf-print\/images\/print.png\" alt=\"image_print\" title=\"Contenu imprim\u00e9\"><\/a><\/div><h5>Au sommaire<\/h5>\n<ul>\n<li><a href=\"https:\/\/la-presse-anarchiste.net\/index.php\/1872\/02\/15\/a-nos-lecteurs-2\/\">\u00c0 nos lecteurs<\/a><\/li>\n<li><a href=\"https:\/\/la-presse-anarchiste.net\/index.php\/1872\/02\/15\/le-congres-de-sonvilliers-et-sa-veritable-signification\/\">Le congr\u00e8s de Son\u00advil\u00adliers et sa v\u00e9ri\u00adtable signification<\/a><\/li>\n<li><a href=\"https:\/\/la-presse-anarchiste.net\/index.php\/1872\/02\/15\/resolutions-votees-par-le-congres-regional-belge\/\">R\u00e9so\u00adlu\u00adtions vot\u00e9es par le Congr\u00e8s r\u00e9gio\u00adnal&nbsp;belge<\/a><\/li>\n<li><a href=\"https:\/\/la-presse-anarchiste.net\/index.php\/1872\/02\/15\/reponse-de-la-federation-jurassienne-aux-resolutions-prises-par-la-federation-belge\/\">R\u00e9ponse de la F\u00e9d\u00e9\u00adra\u00adtion juras\u00adsienne aux r\u00e9so\u00adlu\u00adtions de la F\u00e9d\u00e9\u00adra\u00adtion&nbsp;belge<\/a><\/li>\n<li><a href=\"https:\/\/la-presse-anarchiste.net\/index.php\/1872\/02\/15\/deux-traitres\/\">Deux tra\u00eetres<\/a><\/li>\n<li><a href=\"https:\/\/la-presse-anarchiste.net\/index.php\/1872\/02\/15\/nouvelles-de-lexterieur\/\">Nou\u00advelles de l\u2019ext\u00e9rieur<\/a><br> \u2013 Belgique<br> \u2013 France<br> \u2013 Espagne<\/li>\n<li><a href=\"https:\/\/la-presse-anarchiste.net\/index.php\/2008\/02\/15\/calomnies-de-legalite-de-geneve\/\">Calom\u00adnies du jour\u00adnal l\u2019\u00c9galit\u00e9 de Gen\u00e8ve<\/a>&nbsp;(James Guillaume)<\/li>\n<\/ul>\n","protected":false},"excerpt":{"rendered":"<p>15 f\u00e9vrier 1872<\/p>\n","protected":false},"author":8,"featured_media":6089,"parent":6091,"menu_order":1,"comment_status":"closed","ping_status":"closed","template":"wp-custom-template-cahiers-humanisme-libertaire","meta":{"wp_typography_post_enhancements_disabled":false,"footnotes":""},"categories":[950],"tags":[],"ppma_author":[680],"class_list":["post-6093","page","type-page","status-publish","has-post-thumbnail","hentry","category-bulletin-de-la-federation-jurassienne-pour-1872"],"_links":{"self":[{"href":"https:\/\/la-presse-anarchiste.net\/index.php\/wp-json\/wp\/v2\/pages\/6093","targetHints":{"allow":["GET"]}}],"collection":[{"href":"https:\/\/la-presse-anarchiste.net\/index.php\/wp-json\/wp\/v2\/pages"}],"about":[{"href":"https:\/\/la-presse-anarchiste.net\/index.php\/wp-json\/wp\/v2\/types\/page"}],"author":[{"embeddable":true,"href":"https:\/\/la-presse-anarchiste.net\/index.php\/wp-json\/wp\/v2\/users\/8"}],"replies":[{"embeddable":true,"href":"https:\/\/la-presse-anarchiste.net\/index.php\/wp-json\/wp\/v2\/comments?post=6093"}],"version-history":[{"count":4,"href":"https:\/\/la-presse-anarchiste.net\/index.php\/wp-json\/wp\/v2\/pages\/6093\/revisions"}],"predecessor-version":[{"id":6315,"href":"https:\/\/la-presse-anarchiste.net\/index.php\/wp-json\/wp\/v2\/pages\/6093\/revisions\/6315"}],"up":[{"embeddable":true,"href":"https:\/\/la-presse-anarchiste.net\/index.php\/wp-json\/wp\/v2\/pages\/6091"}],"wp:featuredmedia":[{"embeddable":true,"href":"https:\/\/la-presse-anarchiste.net\/index.php\/wp-json\/wp\/v2\/media\/6089"}],"wp:attachment":[{"href":"https:\/\/la-presse-anarchiste.net\/index.php\/wp-json\/wp\/v2\/media?parent=6093"}],"wp:term":[{"taxonomy":"category","embeddable":true,"href":"https:\/\/la-presse-anarchiste.net\/index.php\/wp-json\/wp\/v2\/categories?post=6093"},{"taxonomy":"post_tag","embeddable":true,"href":"https:\/\/la-presse-anarchiste.net\/index.php\/wp-json\/wp\/v2\/tags?post=6093"},{"taxonomy":"author","embeddable":true,"href":"https:\/\/la-presse-anarchiste.net\/index.php\/wp-json\/wp\/v2\/ppma_author?post=6093"}],"curies":[{"name":"wp","href":"https:\/\/api.w.org\/{rel}","templated":true}]}}