{"id":6114,"date":"1872-02-22T00:01:59","date_gmt":"1872-02-22T00:01:59","guid":{"rendered":"https:\/\/la-presse-anarchiste.net\/?page_id=6114"},"modified":"2024-05-01T13:37:25","modified_gmt":"2024-05-01T13:37:25","slug":"bulletin-de-la-federation-jurassienne-n2","status":"publish","type":"page","link":"https:\/\/la-presse-anarchiste.net\/index.php\/bulletin-de-la-federation-jurassienne-1872-1878\/bulletin-de-la-federation-jurassienne-1872\/bulletin-de-la-federation-jurassienne-n2\/","title":{"rendered":"Bulletin de la F\u00e9d\u00e9ration Jurassienne n\u00b02"},"content":{"rendered":"<div class=\"pdfprnt-buttons pdfprnt-buttons-page pdfprnt-top-right\"><a href=\"https:\/\/la-presse-anarchiste.net\/index.php\/wp-json\/wp\/v2\/pages\/6114?print=pdf\" class=\"pdfprnt-button pdfprnt-button-pdf\" target=\"_blank\"><img decoding=\"async\" src=\"https:\/\/la-presse-anarchiste.net\/wp-content\/plugins\/pdf-print\/images\/pdf.png\" alt=\"image_pdf\" title=\"Afficher le PDF\"><\/a><a href=\"https:\/\/la-presse-anarchiste.net\/index.php\/wp-json\/wp\/v2\/pages\/6114?print=print\" class=\"pdfprnt-button pdfprnt-button-print\" target=\"_blank\"><img decoding=\"async\" src=\"https:\/\/la-presse-anarchiste.net\/wp-content\/plugins\/pdf-print\/images\/print.png\" alt=\"image_print\" title=\"Contenu imprim\u00e9\"><\/a><\/div><h5>Au sommaire<\/h5>\n<ul>\n<li><a href=\"https:\/\/la-presse-anarchiste.net\/index.php\/1872\/02\/22\/un-article-de-legalite\/\">Un article de l\u2019\u00c9galit\u00e9<\/a><\/li>\n<li><a href=\"https:\/\/la-presse-anarchiste.net\/index.php\/1872\/02\/22\/le-congres-general\/\">Le Congr\u00e8s g\u00e9n\u00e9\u00adral<\/a> (James Guillaume)<\/li>\n<li><a href=\"https:\/\/la-presse-anarchiste.net\/index.php\/1872\/02\/22\/linternationale-en-espagne\/\">L\u2019Internationale en Espagne<\/a><\/li>\n<li><a href=\"https:\/\/la-presse-anarchiste.net\/index.php\/1872\/02\/22\/federation-jurassienne\/\">F\u00e9d\u00e9\u00adra\u00adtion jurassienne<\/a><\/li>\n<\/ul>\n","protected":false},"excerpt":{"rendered":"<p>22 f\u00e9vrier 1872<\/p>\n","protected":false},"author":8,"featured_media":6089,"parent":6091,"menu_order":2,"comment_status":"closed","ping_status":"closed","template":"wp-custom-template-cahiers-humanisme-libertaire","meta":{"wp_typography_post_enhancements_disabled":false,"footnotes":""},"categories":[950],"tags":[],"ppma_author":[680],"class_list":["post-6114","page","type-page","status-publish","has-post-thumbnail","hentry","category-bulletin-de-la-federation-jurassienne-pour-1872"],"_links":{"self":[{"href":"https:\/\/la-presse-anarchiste.net\/index.php\/wp-json\/wp\/v2\/pages\/6114","targetHints":{"allow":["GET"]}}],"collection":[{"href":"https:\/\/la-presse-anarchiste.net\/index.php\/wp-json\/wp\/v2\/pages"}],"about":[{"href":"https:\/\/la-presse-anarchiste.net\/index.php\/wp-json\/wp\/v2\/types\/page"}],"author":[{"embeddable":true,"href":"https:\/\/la-presse-anarchiste.net\/index.php\/wp-json\/wp\/v2\/users\/8"}],"replies":[{"embeddable":true,"href":"https:\/\/la-presse-anarchiste.net\/index.php\/wp-json\/wp\/v2\/comments?post=6114"}],"version-history":[{"count":4,"href":"https:\/\/la-presse-anarchiste.net\/index.php\/wp-json\/wp\/v2\/pages\/6114\/revisions"}],"predecessor-version":[{"id":6314,"href":"https:\/\/la-presse-anarchiste.net\/index.php\/wp-json\/wp\/v2\/pages\/6114\/revisions\/6314"}],"up":[{"embeddable":true,"href":"https:\/\/la-presse-anarchiste.net\/index.php\/wp-json\/wp\/v2\/pages\/6091"}],"wp:featuredmedia":[{"embeddable":true,"href":"https:\/\/la-presse-anarchiste.net\/index.php\/wp-json\/wp\/v2\/media\/6089"}],"wp:attachment":[{"href":"https:\/\/la-presse-anarchiste.net\/index.php\/wp-json\/wp\/v2\/media?parent=6114"}],"wp:term":[{"taxonomy":"category","embeddable":true,"href":"https:\/\/la-presse-anarchiste.net\/index.php\/wp-json\/wp\/v2\/categories?post=6114"},{"taxonomy":"post_tag","embeddable":true,"href":"https:\/\/la-presse-anarchiste.net\/index.php\/wp-json\/wp\/v2\/tags?post=6114"},{"taxonomy":"author","embeddable":true,"href":"https:\/\/la-presse-anarchiste.net\/index.php\/wp-json\/wp\/v2\/ppma_author?post=6114"}],"curies":[{"name":"wp","href":"https:\/\/api.w.org\/{rel}","templated":true}]}}