{"id":6347,"date":"1963-07-01T00:00:48","date_gmt":"1963-07-01T00:00:48","guid":{"rendered":"https:\/\/la-presse-anarchiste.net\/?page_id=6347"},"modified":"2024-05-01T17:04:37","modified_gmt":"2024-05-01T17:04:37","slug":"cahiers-de-lhumanisme-libertaire-n92","status":"publish","type":"page","link":"https:\/\/la-presse-anarchiste.net\/index.php\/cahiers-de-lhumanisme-libertaire\/cahiers-de-lhumanisme-libertaire-1963\/cahiers-de-lhumanisme-libertaire-n92\/","title":{"rendered":"Cahiers de l\u2019Humanisme Libertaire n\u00b092"},"content":{"rendered":"<div class=\"pdfprnt-buttons pdfprnt-buttons-page pdfprnt-top-right\"><a href=\"https:\/\/la-presse-anarchiste.net\/index.php\/wp-json\/wp\/v2\/pages\/6347?print=pdf\" class=\"pdfprnt-button pdfprnt-button-pdf\" target=\"_blank\"><img decoding=\"async\" src=\"https:\/\/la-presse-anarchiste.net\/wp-content\/plugins\/pdf-print\/images\/pdf.png\" alt=\"image_pdf\" title=\"Afficher le PDF\"><\/a><a href=\"https:\/\/la-presse-anarchiste.net\/index.php\/wp-json\/wp\/v2\/pages\/6347?print=print\" class=\"pdfprnt-button pdfprnt-button-print\" target=\"_blank\"><img decoding=\"async\" src=\"https:\/\/la-presse-anarchiste.net\/wp-content\/plugins\/pdf-print\/images\/print.png\" alt=\"image_print\" title=\"Contenu imprim\u00e9\"><\/a><\/div><h5>Au sommaire<\/h5>\n<ul>\n<li><a href=\"https:\/\/la-presse-anarchiste.net\/index.php\/1963\/07\/01\/mecontentement-paysan\/\">M\u00e9con\u00adten\u00adte\u00adment paysan<\/a><\/li>\n<li><a href=\"https:\/\/la-presse-anarchiste.net\/index.php\/1963\/07\/01\/technique-culture-et-bonheur\/\">Tech\u00adnique, culture et bon\u00adheur<\/a>&nbsp;(Gas\u00adton&nbsp;Leval)<\/li>\n<li><a href=\"https:\/\/la-presse-anarchiste.net\/index.php\/1963\/07\/01\/actualite-de-lhumanisme-libertaire\/\">Actua\u00adli\u00adt\u00e9 de l\u2019humanisme libertaire<\/a><\/li>\n<li><a href=\"https:\/\/la-presse-anarchiste.net\/index.php\/1963\/07\/01\/la-pensee-derich-fromm-3\/\">La pen\u00ads\u00e9e d\u2019Erich Fromm<\/a>, II (Mathilde Niel)<\/li>\n<li><a href=\"https:\/\/la-presse-anarchiste.net\/index.php\/1963\/07\/01\/lhomme-dans-lindustrie-2\/\">L\u2019homme dans l\u2019industrie<\/a>, IV (Jacques Bouy\u00e9)<\/li>\n<li><a href=\"https:\/\/la-presse-anarchiste.net\/index.php\/1963\/07\/01\/discussion-4\/\">Dis\u00adcus\u00adsion<\/a>\n<ul>\n<li>Deuxi\u00e8me lettre (F. Michaud et Gas\u00adton&nbsp;Leval)<\/li>\n<\/ul>\n<\/li>\n<li><a href=\"https:\/\/la-presse-anarchiste.net\/index.php\/1963\/07\/01\/lexemple-des-autres\/\">L\u2019exemple des autres<\/a>&nbsp;(Lagriffe)<\/li>\n<li><a href=\"https:\/\/la-presse-anarchiste.net\/index.php\/1963\/07\/01\/une-experience-passionnante-3\/\">Une exp\u00e9\u00adrience pas\u00adsion\u00adnante<\/a>, II (Lau\u00adrea\u00adno&nbsp;Riera)<\/li>\n<li><a href=\"https:\/\/la-presse-anarchiste.net\/index.php\/1963\/07\/01\/le-dernier-livre-de-hyacithe-dubreuil\/\">Le der\u00adnier livre de Hya\u00adcinthe Dubreuil<\/a><\/li>\n<\/ul>\n<p>La sous\u00adcrip\u00adtion per\u00adma\u00adnente pour ce num\u00e9\u00adro s\u2019\u00e9l\u00e8ve \u00e0 736,90 francs.<\/p>\n","protected":false},"excerpt":{"rendered":"<p>Juillet 1963<\/p>\n","protected":false},"author":8,"featured_media":4367,"parent":7269,"menu_order":92,"comment_status":"closed","ping_status":"closed","template":"wp-custom-template-cahiers-humanisme-libertaire","meta":{"wp_typography_post_enhancements_disabled":false,"footnotes":""},"categories":[953],"tags":[],"ppma_author":[680],"class_list":["post-6347","page","type-page","status-publish","has-post-thumbnail","hentry","category-cahiers-de-lhumanisme-libertaire-pour-1963"],"_links":{"self":[{"href":"https:\/\/la-presse-anarchiste.net\/index.php\/wp-json\/wp\/v2\/pages\/6347","targetHints":{"allow":["GET"]}}],"collection":[{"href":"https:\/\/la-presse-anarchiste.net\/index.php\/wp-json\/wp\/v2\/pages"}],"about":[{"href":"https:\/\/la-presse-anarchiste.net\/index.php\/wp-json\/wp\/v2\/types\/page"}],"author":[{"embeddable":true,"href":"https:\/\/la-presse-anarchiste.net\/index.php\/wp-json\/wp\/v2\/users\/8"}],"replies":[{"embeddable":true,"href":"https:\/\/la-presse-anarchiste.net\/index.php\/wp-json\/wp\/v2\/comments?post=6347"}],"version-history":[{"count":3,"href":"https:\/\/la-presse-anarchiste.net\/index.php\/wp-json\/wp\/v2\/pages\/6347\/revisions"}],"predecessor-version":[{"id":6371,"href":"https:\/\/la-presse-anarchiste.net\/index.php\/wp-json\/wp\/v2\/pages\/6347\/revisions\/6371"}],"up":[{"embeddable":true,"href":"https:\/\/la-presse-anarchiste.net\/index.php\/wp-json\/wp\/v2\/pages\/7269"}],"wp:featuredmedia":[{"embeddable":true,"href":"https:\/\/la-presse-anarchiste.net\/index.php\/wp-json\/wp\/v2\/media\/4367"}],"wp:attachment":[{"href":"https:\/\/la-presse-anarchiste.net\/index.php\/wp-json\/wp\/v2\/media?parent=6347"}],"wp:term":[{"taxonomy":"category","embeddable":true,"href":"https:\/\/la-presse-anarchiste.net\/index.php\/wp-json\/wp\/v2\/categories?post=6347"},{"taxonomy":"post_tag","embeddable":true,"href":"https:\/\/la-presse-anarchiste.net\/index.php\/wp-json\/wp\/v2\/tags?post=6347"},{"taxonomy":"author","embeddable":true,"href":"https:\/\/la-presse-anarchiste.net\/index.php\/wp-json\/wp\/v2\/ppma_author?post=6347"}],"curies":[{"name":"wp","href":"https:\/\/api.w.org\/{rel}","templated":true}]}}