{"id":6831,"date":"2024-04-17T20:07:49","date_gmt":"2024-04-17T20:07:49","guid":{"rendered":"https:\/\/la-presse-anarchiste.net\/?page_id=6831"},"modified":"2025-08-01T18:15:09","modified_gmt":"2025-08-01T18:15:09","slug":"temoins-1953-1967","status":"publish","type":"page","link":"https:\/\/la-presse-anarchiste.net\/index.php\/temoins-1953-1967\/","title":{"rendered":"T\u00e9moins (1953\/\u200b1967)"},"content":{"rendered":"<div class=\"pdfprnt-buttons pdfprnt-buttons-page pdfprnt-top-right\"><a href=\"https:\/\/la-presse-anarchiste.net\/index.php\/wp-json\/wp\/v2\/pages\/6831?print=pdf\" class=\"pdfprnt-button pdfprnt-button-pdf\" target=\"_blank\"><img decoding=\"async\" src=\"https:\/\/la-presse-anarchiste.net\/wp-content\/plugins\/pdf-print\/images\/pdf.png\" alt=\"image_pdf\" title=\"Afficher le PDF\"><\/a><a href=\"https:\/\/la-presse-anarchiste.net\/index.php\/wp-json\/wp\/v2\/pages\/6831?print=print\" class=\"pdfprnt-button pdfprnt-button-print\" target=\"_blank\"><img decoding=\"async\" src=\"https:\/\/la-presse-anarchiste.net\/wp-content\/plugins\/pdf-print\/images\/print.png\" alt=\"image_print\" title=\"Contenu imprim\u00e9\"><\/a><\/div><p style=\"text-align: justify;\">Publi\u00adca\u00adtion tri\u00admes\u00adtrielle \u00e9di\u00adt\u00e9e par Jean-Paul Sam\u00adson \u00e0 Zurich et Gen\u00e8ve. 37 num\u00e9\u00adros entre 1953 et&nbsp;1967.<\/p>\n<p style=\"text-align: justify;\">T\u00e9moins n\u2019est pas, \u00e0 pro\u00adpre\u00adment par\u00adl\u00e9, une revue anar\u00adchiste. Son ani\u00adma\u00adteur prin\u00adci\u00adpal refu\u00adsant cette \u00e9ti\u00adquette. Tou\u00adte\u00adfois, les auteurs ren\u00adcon\u00adtr\u00e9s (Andr\u00e9 Prud\u00adhom\u00admeaux, Gas\u00adton Leval, Fritz Brup\u00adba\u00adcher, Pierre Monatte\u2026) semblent suf\u00adfi\u00adsam\u00adment \u00ab&nbsp;mar\u00adqu\u00e9s&nbsp;\u00bb pour que cette revue appa\u00adraissent ici.<\/p>\n<p style=\"text-align: justify;\">Un grand mer\u00adci\u200a\u2014\u200aencore un\u200a\u2014\u200a\u00e0 Andr\u00e9 qui se charge de la trans\u00adcrip\u00adtion de cette&nbsp;revue.<\/p>\n","protected":false},"excerpt":{"rendered":"<p>Publi\u00adca\u00adtion tri\u00admes\u00adtrielle \u00e9di\u00adt\u00e9e par Jean-Paul Sam\u00adson \u00e0 Zurich et Gen\u00e8ve. 37 num\u00e9\u00adros entre 1953 et&nbsp;1967. T\u00e9moins n\u2019est pas, \u00e0 pro\u00adpre\u00adment par\u00adl\u00e9, une revue anar\u00adchiste. Son ani\u00adma\u00adteur prin\u00adci\u00adpal refu\u00adsant cette \u00e9ti\u00adquette. Tou\u00adte\u00adfois, les auteurs ren\u00adcon\u00adtr\u00e9s (Andr\u00e9 Prud\u00adhom\u00admeaux, Gas\u00adton Leval, Fritz Brup\u00adba\u00adcher, Pierre Monatte\u2026) semblent suf\u00adfi\u00adsam\u00adment \u00ab&nbsp;mar\u00adqu\u00e9s&nbsp;\u00bb pour que cette revue appa\u00adraissent ici. Un grand mer\u00adci\u200a\u2014\u200aencore un\u200a\u2014\u200a\u00e0&nbsp;[\u2026]<\/p>\n","protected":false},"author":1,"featured_media":6849,"parent":0,"menu_order":2050,"comment_status":"closed","ping_status":"closed","template":"wp-custom-template-cahiers-humanisme-libertaire","meta":{"wp_typography_post_enhancements_disabled":false,"footnotes":""},"categories":[],"tags":[],"ppma_author":[540],"class_list":["post-6831","page","type-page","status-publish","has-post-thumbnail","hentry"],"_links":{"self":[{"href":"https:\/\/la-presse-anarchiste.net\/index.php\/wp-json\/wp\/v2\/pages\/6831","targetHints":{"allow":["GET"]}}],"collection":[{"href":"https:\/\/la-presse-anarchiste.net\/index.php\/wp-json\/wp\/v2\/pages"}],"about":[{"href":"https:\/\/la-presse-anarchiste.net\/index.php\/wp-json\/wp\/v2\/types\/page"}],"author":[{"embeddable":true,"href":"https:\/\/la-presse-anarchiste.net\/index.php\/wp-json\/wp\/v2\/users\/1"}],"replies":[{"embeddable":true,"href":"https:\/\/la-presse-anarchiste.net\/index.php\/wp-json\/wp\/v2\/comments?post=6831"}],"version-history":[{"count":2,"href":"https:\/\/la-presse-anarchiste.net\/index.php\/wp-json\/wp\/v2\/pages\/6831\/revisions"}],"predecessor-version":[{"id":9733,"href":"https:\/\/la-presse-anarchiste.net\/index.php\/wp-json\/wp\/v2\/pages\/6831\/revisions\/9733"}],"wp:featuredmedia":[{"embeddable":true,"href":"https:\/\/la-presse-anarchiste.net\/index.php\/wp-json\/wp\/v2\/media\/6849"}],"wp:attachment":[{"href":"https:\/\/la-presse-anarchiste.net\/index.php\/wp-json\/wp\/v2\/media?parent=6831"}],"wp:term":[{"taxonomy":"category","embeddable":true,"href":"https:\/\/la-presse-anarchiste.net\/index.php\/wp-json\/wp\/v2\/categories?post=6831"},{"taxonomy":"post_tag","embeddable":true,"href":"https:\/\/la-presse-anarchiste.net\/index.php\/wp-json\/wp\/v2\/tags?post=6831"},{"taxonomy":"author","embeddable":true,"href":"https:\/\/la-presse-anarchiste.net\/index.php\/wp-json\/wp\/v2\/ppma_author?post=6831"}],"curies":[{"name":"wp","href":"https:\/\/api.w.org\/{rel}","templated":true}]}}