{"id":7002,"date":"1950-01-01T00:00:19","date_gmt":"1950-01-01T00:00:19","guid":{"rendered":"https:\/\/la-presse-anarchiste.net\/?page_id=7002"},"modified":"2024-04-29T06:53:19","modified_gmt":"2024-04-29T06:53:19","slug":"1950-du-n16-au-n27","status":"publish","type":"page","link":"https:\/\/la-presse-anarchiste.net\/index.php\/defense-de-lhomme-1948-1976\/1950-du-n16-au-n27\/","title":{"rendered":"1950 (du n\u00b016 au n\u00b027)"},"content":{"rendered":"<div class=\"pdfprnt-buttons pdfprnt-buttons-page pdfprnt-top-right\"><a href=\"https:\/\/la-presse-anarchiste.net\/index.php\/wp-json\/wp\/v2\/pages\/7002?print=pdf\" class=\"pdfprnt-button pdfprnt-button-pdf\" target=\"_blank\"><img decoding=\"async\" src=\"https:\/\/la-presse-anarchiste.net\/wp-content\/plugins\/pdf-print\/images\/pdf.png\" alt=\"image_pdf\" title=\"Afficher le PDF\"><\/a><a href=\"https:\/\/la-presse-anarchiste.net\/index.php\/wp-json\/wp\/v2\/pages\/7002?print=print\" class=\"pdfprnt-button pdfprnt-button-print\" target=\"_blank\"><img decoding=\"async\" src=\"https:\/\/la-presse-anarchiste.net\/wp-content\/plugins\/pdf-print\/images\/print.png\" alt=\"image_print\" title=\"Contenu imprim\u00e9\"><\/a><\/div><p>Num\u00e9\u00adros de <em>D\u00e9fense de l\u2019Homme<\/em> publi\u00e9s au cours de l\u2019an\u00adn\u00e9e&nbsp;1950&nbsp;:<\/p>\n<ul>\n<li><a href=\"https:\/\/la-presse-anarchiste.net\/index.php\/defense-de-lhomme-1948-1976\/1950-du-n16-au-n27\/defense-de-lhomme-n16\/\">Num\u00e9\u00adro 16<\/a> (jan\u00advier&nbsp;1950)<\/li>\n<li><a href=\"https:\/\/la-presse-anarchiste.net\/index.php\/defense-de-lhomme-1948-1976\/1950-du-n16-au-n27\/defense-de-lhomme-n17\/\">Num\u00e9\u00adro 17<\/a> (f\u00e9vrier 1950)<\/li>\n<li><a href=\"https:\/\/la-presse-anarchiste.net\/index.php\/defense-de-lhomme-1948-1976\/1950-du-n16-au-n27\/defense-de-lhomme-n18\/\">Num\u00e9\u00adro 18<\/a> (mars&nbsp;1950)<\/li>\n<li><a href=\"https:\/\/la-presse-anarchiste.net\/index.php\/defense-de-lhomme-1948-1976\/1950-du-n16-au-n27\/defense-de-lhomme-n19\/\">Num\u00e9\u00adro 19<\/a> (avril 1950)<\/li>\n<li><a href=\"https:\/\/la-presse-anarchiste.net\/index.php\/defense-de-lhomme-1948-1976\/1950-du-n16-au-n27\/defense-de-lhomme-n20\/\">Num\u00e9\u00adro 20<\/a> (mai&nbsp;1950)<\/li>\n<li><a href=\"https:\/\/la-presse-anarchiste.net\/index.php\/defense-de-lhomme-1948-1976\/1950-du-n16-au-n27\/defense-de-lhomme-n21\/\">Num\u00e9\u00adro 21<\/a> (juin&nbsp;1950)<\/li>\n<li><a href=\"https:\/\/la-presse-anarchiste.net\/index.php\/defense-de-lhomme-1948-1976\/1950-du-n16-au-n27\/defense-de-lhomme-n22\/\">Num\u00e9\u00adro 22<\/a> (juillet 1950)<\/li>\n<li><a href=\"https:\/\/la-presse-anarchiste.net\/index.php\/defense-de-lhomme-1948-1976\/1950-du-n16-au-n27\/defense-de-lhomme-n23-aout-1950\/\">Num\u00e9\u00adro 23<\/a> (ao\u00fbt&nbsp;1950)<\/li>\n<li><a href=\"https:\/\/la-presse-anarchiste.net\/index.php\/defense-de-lhomme-1948-1976\/1950-du-n16-au-n27\/defense-de-lhomme-n24\/\">Num\u00e9\u00adro 24<\/a> (sep\u00adtembre 1950)<\/li>\n<li><a href=\"https:\/\/la-presse-anarchiste.net\/index.php\/defense-de-lhomme-1948-1976\/1950-du-n16-au-n27\/defense-de-lhomme-n25\/\">Num\u00e9\u00adro 25<\/a> (octobre 1950)<\/li>\n<li><a href=\"https:\/\/la-presse-anarchiste.net\/index.php\/defense-de-lhomme-1948-1976\/1950-du-n16-au-n27\/defense-de-lhomme-n26\/\">Num\u00e9\u00adro 26<\/a> (novembre 1950)<\/li>\n<li><a href=\"https:\/\/la-presse-anarchiste.net\/index.php\/defense-de-lhomme-1948-1976\/1950-du-n16-au-n27\/defense-de-lhomme-n27\/\">Num\u00e9\u00adro 27<\/a> (d\u00e9cembre 1950)<\/li>\n<\/ul>\n<p>En 1950, la revue D\u00e9fense de l\u2019Homme voit son for\u00admat pas\u00adser de 64 \u00e0 48 pages. Le g\u00e9rant est Jean B\u00e9rin\u00adger et elle est impri\u00adm\u00e9e par Macl\u00e9\u00adval (11, rue Mou\u00adrand \u00e0 Par\u00adris XX). Le si\u00e8ge de la r\u00e9dac\u00adtion est&nbsp;: Louis Lecoin, 73 rue Camille-Pel\u00adle\u00adtan \u00e0 Anto\u00adny (Seine).<\/p>\n<p>&nbsp;<\/p>\n","protected":false},"excerpt":{"rendered":"<p>                                             .                   <\/p>\n","protected":false},"author":8,"featured_media":4535,"parent":4534,"menu_order":3,"comment_status":"closed","ping_status":"closed","template":"wp-custom-template-cahiers-humanisme-libertaire","meta":{"wp_typography_post_enhancements_disabled":false,"footnotes":""},"categories":[],"tags":[],"ppma_author":[680],"class_list":["post-7002","page","type-page","status-publish","has-post-thumbnail","hentry"],"_links":{"self":[{"href":"https:\/\/la-presse-anarchiste.net\/index.php\/wp-json\/wp\/v2\/pages\/7002","targetHints":{"allow":["GET"]}}],"collection":[{"href":"https:\/\/la-presse-anarchiste.net\/index.php\/wp-json\/wp\/v2\/pages"}],"about":[{"href":"https:\/\/la-presse-anarchiste.net\/index.php\/wp-json\/wp\/v2\/types\/page"}],"author":[{"embeddable":true,"href":"https:\/\/la-presse-anarchiste.net\/index.php\/wp-json\/wp\/v2\/users\/8"}],"replies":[{"embeddable":true,"href":"https:\/\/la-presse-anarchiste.net\/index.php\/wp-json\/wp\/v2\/comments?post=7002"}],"version-history":[{"count":16,"href":"https:\/\/la-presse-anarchiste.net\/index.php\/wp-json\/wp\/v2\/pages\/7002\/revisions"}],"predecessor-version":[{"id":7197,"href":"https:\/\/la-presse-anarchiste.net\/index.php\/wp-json\/wp\/v2\/pages\/7002\/revisions\/7197"}],"up":[{"embeddable":true,"href":"https:\/\/la-presse-anarchiste.net\/index.php\/wp-json\/wp\/v2\/pages\/4534"}],"wp:featuredmedia":[{"embeddable":true,"href":"https:\/\/la-presse-anarchiste.net\/index.php\/wp-json\/wp\/v2\/media\/4535"}],"wp:attachment":[{"href":"https:\/\/la-presse-anarchiste.net\/index.php\/wp-json\/wp\/v2\/media?parent=7002"}],"wp:term":[{"taxonomy":"category","embeddable":true,"href":"https:\/\/la-presse-anarchiste.net\/index.php\/wp-json\/wp\/v2\/categories?post=7002"},{"taxonomy":"post_tag","embeddable":true,"href":"https:\/\/la-presse-anarchiste.net\/index.php\/wp-json\/wp\/v2\/tags?post=7002"},{"taxonomy":"author","embeddable":true,"href":"https:\/\/la-presse-anarchiste.net\/index.php\/wp-json\/wp\/v2\/ppma_author?post=7002"}],"curies":[{"name":"wp","href":"https:\/\/api.w.org\/{rel}","templated":true}]}}