{"id":7113,"date":"1950-03-01T00:00:33","date_gmt":"1950-03-01T00:00:33","guid":{"rendered":"https:\/\/la-presse-anarchiste.net\/?page_id=7113"},"modified":"2024-05-06T06:52:52","modified_gmt":"2024-05-06T06:52:52","slug":"defense-de-lhomme-n18","status":"publish","type":"page","link":"https:\/\/la-presse-anarchiste.net\/index.php\/defense-de-lhomme-1948-1976\/1950-du-n16-au-n27\/defense-de-lhomme-n18\/","title":{"rendered":"D\u00e9fense de l\u2019Homme n\u00b018"},"content":{"rendered":"<div class=\"pdfprnt-buttons pdfprnt-buttons-page pdfprnt-top-right\"><a href=\"https:\/\/la-presse-anarchiste.net\/index.php\/wp-json\/wp\/v2\/pages\/7113?print=pdf\" class=\"pdfprnt-button pdfprnt-button-pdf\" target=\"_blank\"><img decoding=\"async\" src=\"https:\/\/la-presse-anarchiste.net\/wp-content\/plugins\/pdf-print\/images\/pdf.png\" alt=\"image_pdf\" title=\"Afficher le PDF\"><\/a><a href=\"https:\/\/la-presse-anarchiste.net\/index.php\/wp-json\/wp\/v2\/pages\/7113?print=print\" class=\"pdfprnt-button pdfprnt-button-print\" target=\"_blank\"><img decoding=\"async\" src=\"https:\/\/la-presse-anarchiste.net\/wp-content\/plugins\/pdf-print\/images\/print.png\" alt=\"image_print\" title=\"Contenu imprim\u00e9\"><\/a><\/div><h3>Au sommaire&nbsp;:<\/h3>\n<ul>\n<li>Peut-on par\u00adler d\u2019un \u00ab&nbsp;cas&nbsp;\u00bb Gary Davis&nbsp;? (Robert Jospin)<\/li>\n<li>Amnis\u00adtie pour les simples sol\u00addats, amnis\u00adtie pour Gas\u00adton Leval (Louis Lecoin)<\/li>\n<li>Signe des&nbsp;temps&nbsp;!<\/li>\n<li>\u00c9l\u00e9\u00adments d\u2019une culture paci\u00adfiste (Pierre Boujut)<\/li>\n<li>Ceux d\u2019hier&nbsp;: Marc Pier\u00adrot (Rhil\u00adlon)<\/li>\n<li><a href=\"https:\/\/la-presse-anarchiste.net\/index.php\/1950\/03\/01\/legalite-et-la-paix\/\">L\u2019\u00e9galit\u00e9 et la paix<\/a> (Lyg)<\/li>\n<li>Pav\u00e9s de l\u2019ours (Louis Simon)<\/li>\n<li>Romain Rol\u00adland et la d\u00e9fense de l\u2019Homme (Georges Pascal)<\/li>\n<li>Les 32 \u00e9glises d\u2019Anvers (Michel Donnet)<\/li>\n<li>Le th\u00e9\u00e2tre&nbsp;: \u00ab&nbsp;Othel\u00adlo&nbsp;\u00bb (Gas\u00adton M\u00e9rigneux)<\/li>\n<li>De G\u0153the \u00e0 Stir\u00adner (Alain Sergent)<\/li>\n<li>Les \u00e9du\u00adca\u00adteurs et le pro\u00adbl\u00e8me de la paix (Denis Roman-Michaud)<\/li>\n<li>Le pillage et le mas\u00adsacre des civils \u00e0 tra\u00advers les si\u00e8cles (S. Vergine)<\/li>\n<li>L\u2019\u0153il et l\u2019oreille (\u00c9douard Eliet)<\/li>\n<li>D\u2019une concep\u00adtion \u00e9vo\u00adlu\u00adtive de l\u2019\u00e9thique (Charles-Auguste Bontemps)<\/li>\n<li>Les films&nbsp;: humour noir bri\u00adtan\u00adnique et psy\u00adcha\u00adna\u00adlyse hol\u00adly\u00adwoo\u00addienne (G.M.)<\/li>\n<li>Le bon Fran\u00ad\u00e7ais (Jean Reymond)<\/li>\n<li>Revue des livres (Serge)<\/li>\n<li>Ins\u00adtruc\u00adtion, bon sens, intel\u00adli\u00adgence (A. Mignon)<\/li>\n<li>\u00c0 pro\u00adpos du pro\u00adc\u00e8s C\u00e9line&nbsp;: Lettre aux pr\u00e9\u00adsi\u00addents de tout genre (Mau\u00adrice Lemaitre)<\/li>\n<li>R\u00e9flexions sur le fana\u00adtisme (Pas\u00adcau)<\/li>\n<li><a href=\"https:\/\/la-presse-anarchiste.net\/index.php\/1950\/03\/01\/le-sous-prefet-prend-son-poisson-chez-les-gendarmes\/\">Le sous-pr\u00e9\u00adfet prend son pois\u00adson chez les gen\u00addarmes<\/a> (Pierre-Valen\u00adtin Berthier)<\/li>\n<li>Une contra\u00addic\u00adtion aux ser\u00admons de car\u00eame<\/li>\n<li>La vente au num\u00e9\u00adro (Louis Lecoin)<\/li>\n<\/ul>\n","protected":false},"excerpt":{"rendered":"<p>Mars 1950<\/p>\n","protected":false},"author":8,"featured_media":4535,"parent":7002,"menu_order":3,"comment_status":"closed","ping_status":"closed","template":"wp-custom-template-cahiers-humanisme-libertaire","meta":{"wp_typography_post_enhancements_disabled":false,"footnotes":""},"categories":[915],"tags":[],"ppma_author":[680],"class_list":["post-7113","page","type-page","status-publish","has-post-thumbnail","hentry","category-defense-de-lhomme-1950-numeros-16-a-27"],"_links":{"self":[{"href":"https:\/\/la-presse-anarchiste.net\/index.php\/wp-json\/wp\/v2\/pages\/7113","targetHints":{"allow":["GET"]}}],"collection":[{"href":"https:\/\/la-presse-anarchiste.net\/index.php\/wp-json\/wp\/v2\/pages"}],"about":[{"href":"https:\/\/la-presse-anarchiste.net\/index.php\/wp-json\/wp\/v2\/types\/page"}],"author":[{"embeddable":true,"href":"https:\/\/la-presse-anarchiste.net\/index.php\/wp-json\/wp\/v2\/users\/8"}],"replies":[{"embeddable":true,"href":"https:\/\/la-presse-anarchiste.net\/index.php\/wp-json\/wp\/v2\/comments?post=7113"}],"version-history":[{"count":5,"href":"https:\/\/la-presse-anarchiste.net\/index.php\/wp-json\/wp\/v2\/pages\/7113\/revisions"}],"predecessor-version":[{"id":7368,"href":"https:\/\/la-presse-anarchiste.net\/index.php\/wp-json\/wp\/v2\/pages\/7113\/revisions\/7368"}],"up":[{"embeddable":true,"href":"https:\/\/la-presse-anarchiste.net\/index.php\/wp-json\/wp\/v2\/pages\/7002"}],"wp:featuredmedia":[{"embeddable":true,"href":"https:\/\/la-presse-anarchiste.net\/index.php\/wp-json\/wp\/v2\/media\/4535"}],"wp:attachment":[{"href":"https:\/\/la-presse-anarchiste.net\/index.php\/wp-json\/wp\/v2\/media?parent=7113"}],"wp:term":[{"taxonomy":"category","embeddable":true,"href":"https:\/\/la-presse-anarchiste.net\/index.php\/wp-json\/wp\/v2\/categories?post=7113"},{"taxonomy":"post_tag","embeddable":true,"href":"https:\/\/la-presse-anarchiste.net\/index.php\/wp-json\/wp\/v2\/tags?post=7113"},{"taxonomy":"author","embeddable":true,"href":"https:\/\/la-presse-anarchiste.net\/index.php\/wp-json\/wp\/v2\/ppma_author?post=7113"}],"curies":[{"name":"wp","href":"https:\/\/api.w.org\/{rel}","templated":true}]}}