{"id":7175,"date":"1950-08-01T00:00:35","date_gmt":"1950-08-01T00:00:35","guid":{"rendered":"https:\/\/la-presse-anarchiste.net\/?page_id=7175"},"modified":"2025-07-19T22:31:09","modified_gmt":"2025-07-19T22:31:09","slug":"defense-de-lhomme-n24","status":"publish","type":"page","link":"https:\/\/la-presse-anarchiste.net\/index.php\/defense-de-lhomme-1948-1976\/1950-du-n16-au-n27\/defense-de-lhomme-n24\/","title":{"rendered":"D\u00e9fense de l\u2019Homme n\u00b024"},"content":{"rendered":"<div class=\"pdfprnt-buttons pdfprnt-buttons-page pdfprnt-top-right\"><a href=\"https:\/\/la-presse-anarchiste.net\/index.php\/wp-json\/wp\/v2\/pages\/7175?print=pdf\" class=\"pdfprnt-button pdfprnt-button-pdf\" target=\"_blank\"><img decoding=\"async\" src=\"https:\/\/la-presse-anarchiste.net\/wp-content\/plugins\/pdf-print\/images\/pdf.png\" alt=\"image_pdf\" title=\"Afficher le PDF\"><\/a><a href=\"https:\/\/la-presse-anarchiste.net\/index.php\/wp-json\/wp\/v2\/pages\/7175?print=print\" class=\"pdfprnt-button pdfprnt-button-print\" target=\"_blank\"><img decoding=\"async\" src=\"https:\/\/la-presse-anarchiste.net\/wp-content\/plugins\/pdf-print\/images\/print.png\" alt=\"image_print\" title=\"Contenu imprim\u00e9\"><\/a><\/div><h3>Au sommaire&nbsp;:<\/h3>\n<ul>\n<li>Pro\u00adpo\u00adsi\u00adtion de paix (Louis Lecoin)<\/li>\n<li><a href=\"https:\/\/la-presse-anarchiste.net\/index.php\/1950\/09\/01\/ombres-et-lumieres-chinoises\/\">Ombres et lumi\u00e8res chi\u00adnoises<\/a> (Pierre-Valen\u00adtin Berthier)<\/li>\n<li>De l\u2019\u00e9\u00adco\u00adno\u00admie poli\u00adtique \u00e0 la pr\u00e9\u00adva\u00adri\u00adca\u00adtion&nbsp;; ins\u00adti\u00adtu\u00adtion d\u2019\u00c9\u00adtat (Paul Rassinier)<\/li>\n<li>Les condi\u00adtions du bon\u00adheur (Georges Pascal)<\/li>\n<li>Le men\u00adsonge d\u2019U\u00adlysse (Paul Rassinier)<\/li>\n<li>Po\u00e8te, prends ton luth et me laisse par\u00adler (Alain Sergent)<\/li>\n<li>Petite poli\u00adtique des \u00ab&nbsp;grands esprits&nbsp;\u00bb (R.P.)<\/li>\n<li>recherche de l\u2019homme&nbsp;<ul>\n<li>L\u2019ap\u00adpa\u00adri\u00adtion du droit pater\u00adnel (Charles-Auguste Bontemps)<\/li>\n<\/ul>\n<\/li>\n<li>Vues sur le couple de demain (Lau\u00admi\u00e8re)<\/li>\n<li>Lec\u00adtures d\u2019actualit\u00e9&nbsp;<ul>\n<li>La grande r\u00e9sis\u00adtance (Jean&nbsp;Vita)<\/li>\n<\/ul>\n<\/li>\n<li>La valse ind\u00e9\u00adcente (S. Vergine)<\/li>\n<li>Revue des livres (Serge)<\/li>\n<li>Ceux d\u2019hier\n<ul>\n<li>Made\u00adleine Fer\u00adr\u00e9 (Robert Proix)<\/li>\n<\/ul>\n<\/li>\n<li>Th\u00e9\u00e2tre, cin\u00e9\u00adma, lit\u00adt\u00e9\u00adra\u00adture\u200a\u2014\u200aR\u00e9flexions de vacances (Gas\u00adton M\u00e9rigneux)<\/li>\n<li><a href=\"https:\/\/la-presse-anarchiste.net\/index.php\/1950\/09\/01\/liberte-et-egalite\/\">Liber\u00adt\u00e9 et \u00c9ga\u00adli\u00adt\u00e9<\/a> (Lyg)<\/li>\n<li>\u00c0 l\u2019\u0153uvre main\u00adte\u00adnant&nbsp;! (Louis Lecoin)<\/li>\n<\/ul>\n<hr>\n<p>La revue annonce le d\u00e9c\u00e8s de Mar\u00adcel Froget<\/p>\n","protected":false},"excerpt":{"rendered":"<p>Sep\u00adtembre 1950<\/p>\n","protected":false},"author":8,"featured_media":4535,"parent":7002,"menu_order":9,"comment_status":"closed","ping_status":"closed","template":"wp-custom-template-cahiers-humanisme-libertaire","meta":{"wp_typography_post_enhancements_disabled":false,"footnotes":""},"categories":[915],"tags":[],"ppma_author":[680],"class_list":["post-7175","page","type-page","status-publish","has-post-thumbnail","hentry","category-defense-de-lhomme-1950-numeros-16-a-27"],"_links":{"self":[{"href":"https:\/\/la-presse-anarchiste.net\/index.php\/wp-json\/wp\/v2\/pages\/7175","targetHints":{"allow":["GET"]}}],"collection":[{"href":"https:\/\/la-presse-anarchiste.net\/index.php\/wp-json\/wp\/v2\/pages"}],"about":[{"href":"https:\/\/la-presse-anarchiste.net\/index.php\/wp-json\/wp\/v2\/types\/page"}],"author":[{"embeddable":true,"href":"https:\/\/la-presse-anarchiste.net\/index.php\/wp-json\/wp\/v2\/users\/8"}],"replies":[{"embeddable":true,"href":"https:\/\/la-presse-anarchiste.net\/index.php\/wp-json\/wp\/v2\/comments?post=7175"}],"version-history":[{"count":3,"href":"https:\/\/la-presse-anarchiste.net\/index.php\/wp-json\/wp\/v2\/pages\/7175\/revisions"}],"predecessor-version":[{"id":8978,"href":"https:\/\/la-presse-anarchiste.net\/index.php\/wp-json\/wp\/v2\/pages\/7175\/revisions\/8978"}],"up":[{"embeddable":true,"href":"https:\/\/la-presse-anarchiste.net\/index.php\/wp-json\/wp\/v2\/pages\/7002"}],"wp:featuredmedia":[{"embeddable":true,"href":"https:\/\/la-presse-anarchiste.net\/index.php\/wp-json\/wp\/v2\/media\/4535"}],"wp:attachment":[{"href":"https:\/\/la-presse-anarchiste.net\/index.php\/wp-json\/wp\/v2\/media?parent=7175"}],"wp:term":[{"taxonomy":"category","embeddable":true,"href":"https:\/\/la-presse-anarchiste.net\/index.php\/wp-json\/wp\/v2\/categories?post=7175"},{"taxonomy":"post_tag","embeddable":true,"href":"https:\/\/la-presse-anarchiste.net\/index.php\/wp-json\/wp\/v2\/tags?post=7175"},{"taxonomy":"author","embeddable":true,"href":"https:\/\/la-presse-anarchiste.net\/index.php\/wp-json\/wp\/v2\/ppma_author?post=7175"}],"curies":[{"name":"wp","href":"https:\/\/api.w.org\/{rel}","templated":true}]}}