{"id":7520,"date":"1982-03-01T00:00:02","date_gmt":"1982-03-01T00:00:02","guid":{"rendered":"https:\/\/la-presse-anarchiste.net\/?page_id=7520"},"modified":"2024-05-13T14:15:19","modified_gmt":"2024-05-13T14:15:19","slug":"iztok-n5","status":"publish","type":"page","link":"https:\/\/la-presse-anarchiste.net\/index.php\/iztok-1980-1991\/iztok-n5\/","title":{"rendered":"Iztok n\u00b05"},"content":{"rendered":"<div class=\"pdfprnt-buttons pdfprnt-buttons-page pdfprnt-top-right\"><a href=\"https:\/\/la-presse-anarchiste.net\/index.php\/wp-json\/wp\/v2\/pages\/7520?print=pdf\" class=\"pdfprnt-button pdfprnt-button-pdf\" target=\"_blank\"><img decoding=\"async\" src=\"https:\/\/la-presse-anarchiste.net\/wp-content\/plugins\/pdf-print\/images\/pdf.png\" alt=\"image_pdf\" title=\"Afficher le PDF\"><\/a><a href=\"https:\/\/la-presse-anarchiste.net\/index.php\/wp-json\/wp\/v2\/pages\/7520?print=print\" class=\"pdfprnt-button pdfprnt-button-print\" target=\"_blank\"><img decoding=\"async\" src=\"https:\/\/la-presse-anarchiste.net\/wp-content\/plugins\/pdf-print\/images\/print.png\" alt=\"image_print\" title=\"Contenu imprim\u00e9\"><\/a><\/div><h5>Au sommaire<\/h5>\n<ul>\n<li><a href=\"https:\/\/la-presse-anarchiste.net\/index.php\/1982\/03\/01\/editorial-8\/\">\u00c9di\u00adto\u00adrial<\/a><\/li>\n<li><a href=\"https:\/\/la-presse-anarchiste.net\/index.php\/1982\/03\/01\/les-aspects-positifs-de-lautogestion-en-pologne\/\">Les aspects posi\u00adtifs de l\u2019autogestion en Pologne<\/a> (Wie\u00adbe\u00adrals\u00adki)<\/li>\n<li><a href=\"https:\/\/la-presse-anarchiste.net\/index.php\/1982\/03\/01\/documents-sur-lautogestion-en-pologne\/\">Docu\u00adments sur l\u2019autogestion en Pologne<\/a> (W.A. Soko\u00adtows\u00adki et Z. Kowalewski)<\/li>\n<li><a href=\"https:\/\/la-presse-anarchiste.net\/index.php\/1982\/03\/01\/la-pologne\/\">La Pologne<\/a> (Dimi\u00adtrov)<\/li>\n<li><a href=\"https:\/\/la-presse-anarchiste.net\/index.php\/1982\/03\/01\/la-bulgarie-rapport-damnesty-international\/\">La Bul\u00adga\u00adrie, rap\u00adport d\u2019Amnesty International<\/a><\/li>\n<\/ul>\n<p>Ce num\u00e9\u00adro d\u2019Iztok est paru dans des condi\u00adtions assez pr\u00e9\u00adcaires, le num\u00e9\u00adro \u00e0 \u00e9t\u00e9 tir\u00e9 de mani\u00e8re \u00ab&nbsp;arti\u00adsa\u00adnale&nbsp;\u00bb en off\u00adset, le texte \u00e0 \u00e9t\u00e9 sai\u00adsi \u00e0 la machine \u00e0 \u00e9crire.<\/p>\n","protected":false},"excerpt":{"rendered":"<p>Mars 1982<\/p>\n","protected":false},"author":8,"featured_media":5945,"parent":4943,"menu_order":5,"comment_status":"closed","ping_status":"closed","template":"wp-custom-template-cahiers-humanisme-libertaire","meta":{"wp_typography_post_enhancements_disabled":false,"footnotes":""},"categories":[],"tags":[],"ppma_author":[680],"class_list":["post-7520","page","type-page","status-publish","has-post-thumbnail","hentry"],"_links":{"self":[{"href":"https:\/\/la-presse-anarchiste.net\/index.php\/wp-json\/wp\/v2\/pages\/7520","targetHints":{"allow":["GET"]}}],"collection":[{"href":"https:\/\/la-presse-anarchiste.net\/index.php\/wp-json\/wp\/v2\/pages"}],"about":[{"href":"https:\/\/la-presse-anarchiste.net\/index.php\/wp-json\/wp\/v2\/types\/page"}],"author":[{"embeddable":true,"href":"https:\/\/la-presse-anarchiste.net\/index.php\/wp-json\/wp\/v2\/users\/8"}],"replies":[{"embeddable":true,"href":"https:\/\/la-presse-anarchiste.net\/index.php\/wp-json\/wp\/v2\/comments?post=7520"}],"version-history":[{"count":5,"href":"https:\/\/la-presse-anarchiste.net\/index.php\/wp-json\/wp\/v2\/pages\/7520\/revisions"}],"predecessor-version":[{"id":7548,"href":"https:\/\/la-presse-anarchiste.net\/index.php\/wp-json\/wp\/v2\/pages\/7520\/revisions\/7548"}],"up":[{"embeddable":true,"href":"https:\/\/la-presse-anarchiste.net\/index.php\/wp-json\/wp\/v2\/pages\/4943"}],"wp:featuredmedia":[{"embeddable":true,"href":"https:\/\/la-presse-anarchiste.net\/index.php\/wp-json\/wp\/v2\/media\/5945"}],"wp:attachment":[{"href":"https:\/\/la-presse-anarchiste.net\/index.php\/wp-json\/wp\/v2\/media?parent=7520"}],"wp:term":[{"taxonomy":"category","embeddable":true,"href":"https:\/\/la-presse-anarchiste.net\/index.php\/wp-json\/wp\/v2\/categories?post=7520"},{"taxonomy":"post_tag","embeddable":true,"href":"https:\/\/la-presse-anarchiste.net\/index.php\/wp-json\/wp\/v2\/tags?post=7520"},{"taxonomy":"author","embeddable":true,"href":"https:\/\/la-presse-anarchiste.net\/index.php\/wp-json\/wp\/v2\/ppma_author?post=7520"}],"curies":[{"name":"wp","href":"https:\/\/api.w.org\/{rel}","templated":true}]}}