{"id":7692,"date":"1984-09-01T00:00:15","date_gmt":"1984-09-01T00:00:15","guid":{"rendered":"https:\/\/la-presse-anarchiste.net\/?page_id=7692"},"modified":"2024-05-14T19:06:31","modified_gmt":"2024-05-14T19:06:31","slug":"iztok-n9","status":"publish","type":"page","link":"https:\/\/la-presse-anarchiste.net\/index.php\/iztok-1980-1991\/iztok-n9\/","title":{"rendered":"Iztok n\u00b09"},"content":{"rendered":"<div class=\"pdfprnt-buttons pdfprnt-buttons-page pdfprnt-top-right\"><a href=\"https:\/\/la-presse-anarchiste.net\/index.php\/wp-json\/wp\/v2\/pages\/7692?print=pdf\" class=\"pdfprnt-button pdfprnt-button-pdf\" target=\"_blank\"><img decoding=\"async\" src=\"https:\/\/la-presse-anarchiste.net\/wp-content\/plugins\/pdf-print\/images\/pdf.png\" alt=\"image_pdf\" title=\"Afficher le PDF\"><\/a><a href=\"https:\/\/la-presse-anarchiste.net\/index.php\/wp-json\/wp\/v2\/pages\/7692?print=print\" class=\"pdfprnt-button pdfprnt-button-print\" target=\"_blank\"><img decoding=\"async\" src=\"https:\/\/la-presse-anarchiste.net\/wp-content\/plugins\/pdf-print\/images\/print.png\" alt=\"image_print\" title=\"Contenu imprim\u00e9\"><\/a><\/div><h5>Au sommaire<\/h5>\n<ul>\n<li><a href=\"https:\/\/la-presse-anarchiste.net\/index.php\/1984\/09\/01\/editorial-12\/\">\u00c9di\u00adto\u00adrial<\/a><\/li>\n<li><a href=\"https:\/\/la-presse-anarchiste.net\/index.php\/1984\/09\/01\/entretien-avec-un-libertaire-polonais\/\">Entre\u00adtien avec un liber\u00adtaire polonais<\/a><\/li>\n<li><a href=\"https:\/\/la-presse-anarchiste.net\/index.php\/1984\/09\/01\/le-socialisme-existant-et-le-socialisme-inexistant\/\">Le \u00ab&nbsp;socia\u00adlisme exis\u00adtant&nbsp;\u00bb et le socia\u00adlisme inexis\u00adtant<\/a> (G\u00e1sp\u00e1r Mikl\u00f3s Tam\u00e1s)<\/li>\n<li><a href=\"https:\/\/la-presse-anarchiste.net\/index.php\/1984\/09\/01\/bakounine-et-lenine\/\">Bakou\u00adnine et L\u00e9nine<\/a> (Las\u00adlo Sekelj)<\/li>\n<li><a href=\"https:\/\/la-presse-anarchiste.net\/index.php\/1984\/09\/01\/a-propos-de-v-litvinov\/\">\u00c0 pro\u00adpos de V. Lit\u00advi\u00adnov<\/a> (Le col\u00adlec\u00adtif&nbsp;Iztok)<\/li>\n<li>Dos\u00adsier sur\u00adr\u00e9a\u00adlisme \u00e0 l\u2019Est\n<ul>\n<li><a href=\"https:\/\/la-presse-anarchiste.net\/index.php\/1984\/09\/01\/le-surrealisme-a-lest\/\">Le sur\u00adr\u00e9a\u00adlisme \u00e0 l\u2019Est<\/a> (D.S.)<\/li>\n<li><a href=\"https:\/\/la-presse-anarchiste.net\/index.php\/1984\/09\/01\/le-surrealisme-en-yougoslavie\/\">Le sur\u00adr\u00e9a\u00adlisme en You\u00adgo\u00adsla\u00advie<\/a> (Joel&nbsp;G.)<\/li>\n<li><a href=\"https:\/\/la-presse-anarchiste.net\/index.php\/1984\/09\/01\/entretiens-avec-radovan-ivsic\/\">Entre\u00adtiens avec Rado\u00advan&nbsp;Ivsic<\/a><\/li>\n<\/ul>\n<\/li>\n<li>Cuba&nbsp;: qui a peur de la litt\u00e9rature&nbsp;?&nbsp;<ul>\n<li><a href=\"https:\/\/la-presse-anarchiste.net\/index.php\/1984\/09\/01\/cuba-qui-a-peur-de-la-litterature\/\">La chan\u00adteuse noir de bol\u00e9\u00adros qui effraya Fide<\/a>l (Conra\u00addo Tostado)<\/li>\n<\/ul>\n<\/li>\n<li><a href=\"https:\/\/la-presse-anarchiste.net\/index.php\/1984\/09\/01\/sur-la-natalite-en-roumanie\/\">Sur la nata\u00adli\u00adt\u00e9 en Rou\u00adma\u00adnie<\/a> (Un m\u00e9de\u00adcin anonyme)<\/li>\n<li><a href=\"https:\/\/la-presse-anarchiste.net\/index.php\/1984\/09\/01\/notes-sur-les-rapports-economiques-est-ouest\/\">Notes sur les rap\u00adports \u00e9co\u00adno\u00admiques Est-Ouest<\/a> (Merak\u00adlia)<\/li>\n<\/ul>\n","protected":false},"excerpt":{"rendered":"<p>Sep\u00adtembre 1984<\/p>\n","protected":false},"author":8,"featured_media":5945,"parent":4943,"menu_order":9,"comment_status":"closed","ping_status":"closed","template":"wp-custom-template-cahiers-humanisme-libertaire","meta":{"wp_typography_post_enhancements_disabled":false,"footnotes":""},"categories":[],"tags":[],"ppma_author":[680],"class_list":["post-7692","page","type-page","status-publish","has-post-thumbnail","hentry"],"_links":{"self":[{"href":"https:\/\/la-presse-anarchiste.net\/index.php\/wp-json\/wp\/v2\/pages\/7692","targetHints":{"allow":["GET"]}}],"collection":[{"href":"https:\/\/la-presse-anarchiste.net\/index.php\/wp-json\/wp\/v2\/pages"}],"about":[{"href":"https:\/\/la-presse-anarchiste.net\/index.php\/wp-json\/wp\/v2\/types\/page"}],"author":[{"embeddable":true,"href":"https:\/\/la-presse-anarchiste.net\/index.php\/wp-json\/wp\/v2\/users\/8"}],"replies":[{"embeddable":true,"href":"https:\/\/la-presse-anarchiste.net\/index.php\/wp-json\/wp\/v2\/comments?post=7692"}],"version-history":[{"count":7,"href":"https:\/\/la-presse-anarchiste.net\/index.php\/wp-json\/wp\/v2\/pages\/7692\/revisions"}],"predecessor-version":[{"id":7721,"href":"https:\/\/la-presse-anarchiste.net\/index.php\/wp-json\/wp\/v2\/pages\/7692\/revisions\/7721"}],"up":[{"embeddable":true,"href":"https:\/\/la-presse-anarchiste.net\/index.php\/wp-json\/wp\/v2\/pages\/4943"}],"wp:featuredmedia":[{"embeddable":true,"href":"https:\/\/la-presse-anarchiste.net\/index.php\/wp-json\/wp\/v2\/media\/5945"}],"wp:attachment":[{"href":"https:\/\/la-presse-anarchiste.net\/index.php\/wp-json\/wp\/v2\/media?parent=7692"}],"wp:term":[{"taxonomy":"category","embeddable":true,"href":"https:\/\/la-presse-anarchiste.net\/index.php\/wp-json\/wp\/v2\/categories?post=7692"},{"taxonomy":"post_tag","embeddable":true,"href":"https:\/\/la-presse-anarchiste.net\/index.php\/wp-json\/wp\/v2\/tags?post=7692"},{"taxonomy":"author","embeddable":true,"href":"https:\/\/la-presse-anarchiste.net\/index.php\/wp-json\/wp\/v2\/ppma_author?post=7692"}],"curies":[{"name":"wp","href":"https:\/\/api.w.org\/{rel}","templated":true}]}}