{"id":8023,"date":"1991-06-01T00:00:37","date_gmt":"1991-06-01T00:00:37","guid":{"rendered":"https:\/\/la-presse-anarchiste.net\/?page_id=8023"},"modified":"2024-05-18T20:18:32","modified_gmt":"2024-05-18T20:18:32","slug":"iztok-n20","status":"publish","type":"page","link":"https:\/\/la-presse-anarchiste.net\/index.php\/iztok-1980-1991\/iztok-n20\/","title":{"rendered":"Iztok n\u00b020"},"content":{"rendered":"<div class=\"pdfprnt-buttons pdfprnt-buttons-page pdfprnt-top-right\"><a href=\"https:\/\/la-presse-anarchiste.net\/index.php\/wp-json\/wp\/v2\/pages\/8023?print=pdf\" class=\"pdfprnt-button pdfprnt-button-pdf\" target=\"_blank\"><img decoding=\"async\" src=\"https:\/\/la-presse-anarchiste.net\/wp-content\/plugins\/pdf-print\/images\/pdf.png\" alt=\"image_pdf\" title=\"Afficher le PDF\"><\/a><a href=\"https:\/\/la-presse-anarchiste.net\/index.php\/wp-json\/wp\/v2\/pages\/8023?print=print\" class=\"pdfprnt-button pdfprnt-button-print\" target=\"_blank\"><img decoding=\"async\" src=\"https:\/\/la-presse-anarchiste.net\/wp-content\/plugins\/pdf-print\/images\/print.png\" alt=\"image_print\" title=\"Contenu imprim\u00e9\"><\/a><\/div><h5>Au sommaire<\/h5>\n<p style=\"padding-left: 40px;\"><a href=\"https:\/\/la-presse-anarchiste.net\/index.php\/1991\/06\/01\/lapres-ceausescu\/\">L\u2019apr\u00e8s Ceau\u00adses\u00adcu<\/a> (Nico\u00adlas Trifon)<\/p>\n<p style=\"padding-left: 40px;\"><b>Impres\u00adsions roumaines<\/b><br> \u2013 <a href=\"https:\/\/la-presse-anarchiste.net\/index.php\/1991\/06\/01\/comment-gerer-une-revolution\/\">Com\u00adment g\u00e9rer une r\u00e9vo\u00adlu\u00adtion<\/a> (Mihai Dinu Gheorgiu)<br> \u2013 <a href=\"https:\/\/la-presse-anarchiste.net\/index.php\/1991\/06\/01\/les-clefs-dun-temoignage\/\">Les clefs d\u2019un t\u00e9moi\u00adgnage<\/a> (Claude Karnoouh)<br> \u2013 <a href=\"https:\/\/la-presse-anarchiste.net\/index.php\/1991\/06\/01\/periple-a-la-redecouverte-de-mon-pays\/\">P\u00e9riple \u00e0 la red\u00e9\u00adcou\u00adverte de mon pays<\/a> (Dan Culcer)<br> \u2013 <a href=\"https:\/\/la-presse-anarchiste.net\/index.php\/1991\/06\/01\/des-femmes-roumaines\/\">Des femmes rou\u00admaines<\/a> (entre\u00adtien avec Sma\u00adran\u00adda&nbsp;Mezei)<br> \u2013 <a href=\"https:\/\/la-presse-anarchiste.net\/index.php\/1991\/06\/01\/reflexions-apres-coup\/\">R\u00e9flexions apr\u00e8s coup<\/a> (entre\u00adtien avec Gabriel Liceanu)<\/p>\n<p style=\"padding-left: 40px;\"><b>Ouvriers rou\u00admains&nbsp;90<\/b><\/p>\n<p style=\"padding-left: 40px;\"><a href=\"https:\/\/la-presse-anarchiste.net\/index.php\/1991\/06\/01\/les-faux-princes-dhier-seront-ils-les-vrais-mendiants-de-demaina\/\">Les faux princes d\u2019hier seront-ils les vrais men\u00addiants de demain&nbsp;?<\/a> (Nico\u00adlas Trifon)<\/p>\n<ul>\n<li style=\"list-style-type: none;\">\n<ul>\n<li><strong>Docu\u00adments<\/strong>\n<ul>\n<li><a href=\"https:\/\/la-presse-anarchiste.net\/index.php\/1991\/06\/01\/la-vallee-de-jiu-le-temoignage-de-cositca-dobre\/\">La val\u00adl\u00e9e de Jiu<\/a>&nbsp;: le t\u00e9moi\u00adgnage de Cosit\u00adca&nbsp;Dobre<\/li>\n<li><a href=\"https:\/\/la-presse-anarchiste.net\/index.php\/1991\/06\/01\/costica-dobre-heros-ou-imposteur\/\">Cos\u00adti\u00adca Dobre, h\u00e9ros ou impos\u00adteur&nbsp;?<\/a> (Tudor Artenie)<\/li>\n<li><a href=\"https:\/\/la-presse-anarchiste.net\/index.php\/1991\/06\/01\/le-mineur-est-un-esclave-avec-une-ame-denfant\/\">\u00ab&nbsp;Le mineur est un esclave avec une \u00e2me d\u2019enfant\u2026\u00bb<\/a> (entre\u00adtien avec Necu\u00adlai Spi\u00adri\u00addo\u00adta mineur de Rodna-Faget)<\/li>\n<li><a href=\"https:\/\/la-presse-anarchiste.net\/index.php\/1991\/06\/01\/manifestation-avec-le-portrait-de-ceausescu\/\">Mani\u00adfes\u00adta\u00adtion avec le por\u00adtrait de Ceau\u00adces\u00adcu (<\/a>Dumi\u00adtru Augus\u00adtin&nbsp;Doman)<\/li>\n<li><a href=\"https:\/\/la-presse-anarchiste.net\/index.php\/1991\/06\/01\/13-14-15-juin-1990-une-enquete-au-dessus-de-tout-soupcon\/\">Une enqu\u00eate au-des\u00adsus de tout soup\u00ad\u00e7on<\/a> (Nico\u00adlas Trifon)<\/li>\n<\/ul>\n<\/li>\n<\/ul>\n<\/li>\n<\/ul>\n<p style=\"padding-left: 40px;\"><b>Chine<\/b><br> \u2013 <a href=\"https:\/\/la-presse-anarchiste.net\/index.php\/1991\/06\/01\/tiananmen-et-apres\/\">Tian\u2019anmen, et apr\u00e8s\u2026<\/a> (Iztok)<br> \u2013 <a href=\"https:\/\/la-presse-anarchiste.net\/index.php\/1991\/06\/01\/sur-la-faillite-de-lordre-bureaucratique-lopposition-et-lavenir-de-la-chine\/\">Sur la faillite de l\u2019ordre bureau\u00adcra\u00adtique, l\u2019opposition et l\u2019avenir de la Chine<\/a> (entre\u00adtien avec Guil\u00adhem&nbsp;Fabre)<br> \u2013 Livres parus sur le \u00ab&nbsp;Prin\u00adtemps de P\u00e9kin&nbsp;\u00bb (non trans\u00adcrit&nbsp;ici)<br> \u2013 <a href=\"https:\/\/la-presse-anarchiste.net\/index.php\/1991\/06\/01\/monsieur-peyrefitte-sur-la-route-de-soi\/\">Alain Pey\u00adre\u00adfitte sur la route de soi<\/a> (Jer\u00f4me Bourgon)<\/p>\n<p style=\"padding-left: 40px;\"><b>Nou\u00advelles du&nbsp;front<\/b><br> \u2013 <a href=\"https:\/\/la-presse-anarchiste.net\/index.php\/1991\/06\/01\/renouveau-anarchiste-en-bulgarie\/\">Renou\u00adveau anar\u00adchiste en Bul\u00adga\u00adrie<\/a> (C. Fabian)<br> \u2013 <a href=\"https:\/\/la-presse-anarchiste.net\/index.php\/1991\/06\/01\/tous-les-pouvoirs-nous-craignent\/\">Tous les pou\u00advoirs nous craignent<\/a> (entre\u00adtien avec Niko\u00adla Tengerkov)<\/p>\n<p style=\"padding-left: 40px;\"><a href=\"https:\/\/la-presse-anarchiste.net\/index.php\/1991\/06\/01\/notes-bibliographiques\/\">Notes biblio\u00adgra\u00adphiques<\/a><\/p>\n","protected":false},"excerpt":{"rendered":"<p>Juin 1991<\/p>\n","protected":false},"author":8,"featured_media":5945,"parent":4943,"menu_order":20,"comment_status":"closed","ping_status":"closed","template":"wp-custom-template-cahiers-humanisme-libertaire","meta":{"wp_typography_post_enhancements_disabled":false,"footnotes":""},"categories":[],"tags":[],"ppma_author":[680],"class_list":["post-8023","page","type-page","status-publish","has-post-thumbnail","hentry"],"_links":{"self":[{"href":"https:\/\/la-presse-anarchiste.net\/index.php\/wp-json\/wp\/v2\/pages\/8023","targetHints":{"allow":["GET"]}}],"collection":[{"href":"https:\/\/la-presse-anarchiste.net\/index.php\/wp-json\/wp\/v2\/pages"}],"about":[{"href":"https:\/\/la-presse-anarchiste.net\/index.php\/wp-json\/wp\/v2\/types\/page"}],"author":[{"embeddable":true,"href":"https:\/\/la-presse-anarchiste.net\/index.php\/wp-json\/wp\/v2\/users\/8"}],"replies":[{"embeddable":true,"href":"https:\/\/la-presse-anarchiste.net\/index.php\/wp-json\/wp\/v2\/comments?post=8023"}],"version-history":[{"count":3,"href":"https:\/\/la-presse-anarchiste.net\/index.php\/wp-json\/wp\/v2\/pages\/8023\/revisions"}],"predecessor-version":[{"id":8065,"href":"https:\/\/la-presse-anarchiste.net\/index.php\/wp-json\/wp\/v2\/pages\/8023\/revisions\/8065"}],"up":[{"embeddable":true,"href":"https:\/\/la-presse-anarchiste.net\/index.php\/wp-json\/wp\/v2\/pages\/4943"}],"wp:featuredmedia":[{"embeddable":true,"href":"https:\/\/la-presse-anarchiste.net\/index.php\/wp-json\/wp\/v2\/media\/5945"}],"wp:attachment":[{"href":"https:\/\/la-presse-anarchiste.net\/index.php\/wp-json\/wp\/v2\/media?parent=8023"}],"wp:term":[{"taxonomy":"category","embeddable":true,"href":"https:\/\/la-presse-anarchiste.net\/index.php\/wp-json\/wp\/v2\/categories?post=8023"},{"taxonomy":"post_tag","embeddable":true,"href":"https:\/\/la-presse-anarchiste.net\/index.php\/wp-json\/wp\/v2\/tags?post=8023"},{"taxonomy":"author","embeddable":true,"href":"https:\/\/la-presse-anarchiste.net\/index.php\/wp-json\/wp\/v2\/ppma_author?post=8023"}],"curies":[{"name":"wp","href":"https:\/\/api.w.org\/{rel}","templated":true}]}}