{"id":8743,"date":"1915-10-02T00:01:37","date_gmt":"1915-10-02T00:01:37","guid":{"rendered":"https:\/\/la-presse-anarchiste.net\/?page_id=8743"},"modified":"2025-07-14T19:36:06","modified_gmt":"2025-07-14T19:36:06","slug":"la-libre-federation-n1","status":"publish","type":"page","link":"https:\/\/la-presse-anarchiste.net\/index.php\/la-libre-federation\/la-libre-federation-n1\/","title":{"rendered":"La Libre f\u00e9d\u00e9ration n\u00b01"},"content":{"rendered":"<div class=\"pdfprnt-buttons pdfprnt-buttons-page pdfprnt-top-right\"><a href=\"https:\/\/la-presse-anarchiste.net\/index.php\/wp-json\/wp\/v2\/pages\/8743?print=pdf\" class=\"pdfprnt-button pdfprnt-button-pdf\" target=\"_blank\"><img decoding=\"async\" src=\"https:\/\/la-presse-anarchiste.net\/wp-content\/plugins\/pdf-print\/images\/pdf.png\" alt=\"image_pdf\" title=\"Afficher le PDF\"><\/a><a href=\"https:\/\/la-presse-anarchiste.net\/index.php\/wp-json\/wp\/v2\/pages\/8743?print=print\" class=\"pdfprnt-button pdfprnt-button-print\" target=\"_blank\"><img decoding=\"async\" src=\"https:\/\/la-presse-anarchiste.net\/wp-content\/plugins\/pdf-print\/images\/print.png\" alt=\"image_print\" title=\"Contenu imprim\u00e9\"><\/a><\/div><p><strong>Au som\u00admaire<\/strong><\/p>\n<ul>\n<li><a href=\"https:\/\/la-presse-anarchiste.net\/index.php\/1915\/10\/02\/ce-qui-est-a-faire\/\">Ce qui est \u00e0 faire<\/a>&nbsp;(Jean Grave)<\/li>\n<li><a href=\"https:\/\/la-presse-anarchiste.net\/index.php\/1915\/10\/02\/le-reve-et-la-vie\/\">Le r\u00eave et la vie<\/a>&nbsp;(G.D.)<\/li>\n<li><a href=\"https:\/\/la-presse-anarchiste.net\/index.php\/1915\/10\/02\/echos-2\/\">\u00c9chos<\/a><\/li>\n<li><a href=\"https:\/\/la-presse-anarchiste.net\/index.php\/1915\/10\/02\/desarroi-et-renaissance-socialistes\/\">D\u00e9sar\u00adroi et renais\u00adsance socia\u00adlistes<\/a>&nbsp;(Jean Wintsch)<\/li>\n<li><a href=\"https:\/\/la-presse-anarchiste.net\/index.php\/1915\/10\/02\/quelques-mots\/\">Quelques mots<\/a>&nbsp;(M.P.)<\/li>\n<li><a href=\"https:\/\/la-presse-anarchiste.net\/index.php\/2012\/02\/04\/lisolement\/\">L\u2019isolement<\/a>&nbsp;(Georges Herzig)<\/li>\n<li><a href=\"https:\/\/la-presse-anarchiste.net\/index.php\/2012\/02\/04\/tartinades\/\">Tar\u00adti\u00adnades<\/a><\/li>\n<li><a href=\"https:\/\/la-presse-anarchiste.net\/index.php\/1915\/10\/02\/un-refractaire\/\">Un r\u00e9frac\u00adtaire<\/a>&nbsp;(H. E. Bornand)<\/li>\n<li><a href=\"https:\/\/la-presse-anarchiste.net\/index.php\/1915\/10\/02\/a-propos-de-tout-et-de-rien\/\">\u00c0 pro\u00adpos de tout et de rien<\/a>&nbsp;(G.H.)<\/li>\n<li><a href=\"https:\/\/la-presse-anarchiste.net\/index.php\/1915\/10\/02\/ici-et-la\/\">Ici et&nbsp;l\u00e0<\/a><\/li>\n<li><a href=\"https:\/\/la-presse-anarchiste.net\/index.php\/1915\/10\/02\/mouvement-social-international\/\">Mou\u00adve\u00adment social international<\/a><br> \u2013 Rus\u00adsie (M.)<br> \u2013 France (F.L.)<\/li>\n<li><a href=\"https:\/\/la-presse-anarchiste.net\/index.php\/1915\/10\/02\/entre-nous-8\/\">Entre-nous<\/a> (la libre f\u00e9d\u00e9ration)<\/li>\n<\/ul>\n<hr>\n<p>Ce num\u00e9\u00adro a \u00e9t\u00e9 tir\u00e9 \u00e0 2500 exem\u00adplaires, les comptes du jour\u00adnal accusent un d\u00e9fi\u00adcit de 199.50 francs (suisse) au 30 sep\u00adtembre 1915.<\/p>\n","protected":false},"excerpt":{"rendered":"<p>2 octobre 1915<\/p>\n","protected":false},"author":8,"featured_media":8739,"parent":8740,"menu_order":1,"comment_status":"closed","ping_status":"closed","template":"wp-custom-template-cahiers-humanisme-libertaire","meta":{"wp_typography_post_enhancements_disabled":false,"footnotes":""},"categories":[],"tags":[],"ppma_author":[680],"class_list":["post-8743","page","type-page","status-publish","has-post-thumbnail","hentry"],"_links":{"self":[{"href":"https:\/\/la-presse-anarchiste.net\/index.php\/wp-json\/wp\/v2\/pages\/8743","targetHints":{"allow":["GET"]}}],"collection":[{"href":"https:\/\/la-presse-anarchiste.net\/index.php\/wp-json\/wp\/v2\/pages"}],"about":[{"href":"https:\/\/la-presse-anarchiste.net\/index.php\/wp-json\/wp\/v2\/types\/page"}],"author":[{"embeddable":true,"href":"https:\/\/la-presse-anarchiste.net\/index.php\/wp-json\/wp\/v2\/users\/8"}],"replies":[{"embeddable":true,"href":"https:\/\/la-presse-anarchiste.net\/index.php\/wp-json\/wp\/v2\/comments?post=8743"}],"version-history":[{"count":11,"href":"https:\/\/la-presse-anarchiste.net\/index.php\/wp-json\/wp\/v2\/pages\/8743\/revisions"}],"predecessor-version":[{"id":8784,"href":"https:\/\/la-presse-anarchiste.net\/index.php\/wp-json\/wp\/v2\/pages\/8743\/revisions\/8784"}],"up":[{"embeddable":true,"href":"https:\/\/la-presse-anarchiste.net\/index.php\/wp-json\/wp\/v2\/pages\/8740"}],"wp:featuredmedia":[{"embeddable":true,"href":"https:\/\/la-presse-anarchiste.net\/index.php\/wp-json\/wp\/v2\/media\/8739"}],"wp:attachment":[{"href":"https:\/\/la-presse-anarchiste.net\/index.php\/wp-json\/wp\/v2\/media?parent=8743"}],"wp:term":[{"taxonomy":"category","embeddable":true,"href":"https:\/\/la-presse-anarchiste.net\/index.php\/wp-json\/wp\/v2\/categories?post=8743"},{"taxonomy":"post_tag","embeddable":true,"href":"https:\/\/la-presse-anarchiste.net\/index.php\/wp-json\/wp\/v2\/tags?post=8743"},{"taxonomy":"author","embeddable":true,"href":"https:\/\/la-presse-anarchiste.net\/index.php\/wp-json\/wp\/v2\/ppma_author?post=8743"}],"curies":[{"name":"wp","href":"https:\/\/api.w.org\/{rel}","templated":true}]}}