{"id":8796,"date":"1922-05-31T00:00:04","date_gmt":"1922-05-31T00:00:04","guid":{"rendered":"https:\/\/la-presse-anarchiste.net\/?page_id=8796"},"modified":"2025-07-15T12:51:34","modified_gmt":"2025-07-15T12:51:34","slug":"len-dehors","status":"publish","type":"page","link":"https:\/\/la-presse-anarchiste.net\/index.php\/len-dehors\/","title":{"rendered":"L\u2019En-Dehors"},"content":{"rendered":"<div class=\"pdfprnt-buttons pdfprnt-buttons-page pdfprnt-top-right\"><a href=\"https:\/\/la-presse-anarchiste.net\/index.php\/wp-json\/wp\/v2\/pages\/8796?print=pdf\" class=\"pdfprnt-button pdfprnt-button-pdf\" target=\"_blank\"><img decoding=\"async\" src=\"https:\/\/la-presse-anarchiste.net\/wp-content\/plugins\/pdf-print\/images\/pdf.png\" alt=\"image_pdf\" title=\"Afficher le PDF\"><\/a><a href=\"https:\/\/la-presse-anarchiste.net\/index.php\/wp-json\/wp\/v2\/pages\/8796?print=print\" class=\"pdfprnt-button pdfprnt-button-print\" target=\"_blank\"><img decoding=\"async\" src=\"https:\/\/la-presse-anarchiste.net\/wp-content\/plugins\/pdf-print\/images\/print.png\" alt=\"image_print\" title=\"Contenu imprim\u00e9\"><\/a><\/div><p style=\"text-align: justify;\">Jour\u00adnal indi\u00advi\u00addua\u00adliste-anar\u00adchiste fon\u00add\u00e9 par E. Armand,&nbsp;<i>l\u2019en-dehors<\/i>&nbsp;fai\u00adsait suite aux&nbsp;<i>R\u00e9frac\u00adtaire<\/i> publi\u00e9 avant la pre\u00admi\u00e8re guerre mon\u00addiale. Apr\u00e8s la lib\u00e9\u00adra\u00adtion d\u2019Ar\u00admand (incar\u00adc\u00e9\u00adr\u00e9 au moment du conflit), il lance imm\u00e9\u00addia\u00adte\u00adment l\u2019en-dehors dont la publi\u00adca\u00adtion devait durer jus\u00adqu\u2019au second conflit mon\u00addial. L\u2019<i>Unique, <\/i>son ultime revue, devait lui suc\u00adc\u00e9\u00adder apr\u00e8s&nbsp;1945.<\/p>\n<p style=\"text-align: justify;\">Cette s\u00e9rie est inti\u00adme\u00adment li\u00e9e aux th\u00e9o\u00adries d\u2019Armand, en par\u00adti\u00adcu\u00adliers celles li\u00e9es \u00e0 la sexua\u00adli\u00adt\u00e9 et aux rap\u00adports amou\u00adreux. Sans doute, \u00e0 mon avis, le tra\u00advail th\u00e9o\u00adrique le plus pous\u00ads\u00e9 qui ait exis\u00adt\u00e9 dans le domaine de l\u2019individualisme.<\/p>\n<p style=\"text-align: justify;\">On trou\u00adve\u00adra \u00e7a et l\u00e0, quelques articles dont les conno\u00adta\u00adtions raciales ou racistes peuvent cho\u00adquer, je les laisses tels quels, ils sont les images d\u2019une \u00e9poque o\u00f9 ce genre d\u2019id\u00e9es n\u2019avait pas la por\u00adt\u00e9e actuelle. De plus, ils appa\u00adraissent le plus sou\u00advent, en contra\u00addic\u00adtion avec la ligne phi\u00adlo\u00adso\u00adphique du jour\u00adnal. Je n\u2019ai, jusqu\u2019\u00e0 pr\u00e9\u00adsent, pas encore d\u00e9ter\u00admi\u00adn\u00e9 les posi\u00adtions exactes d\u2019Armand \u00e0 ce&nbsp;sujet.<\/p>\n<p style=\"text-align: justify;\">D\u2019abord publi\u00e9 sous forme de jour\u00adnal,&nbsp;<i>l\u2019en-dehors<\/i>&nbsp;pris le for\u00admat revue en 1931. L\u2019int\u00e9gralit\u00e9 de la s\u00e9rie \u00ab&nbsp;revue&nbsp;\u00bb sera publi\u00e9e \u00e0 (tr\u00e8s long) terme sur le&nbsp;site.<\/p>\n","protected":false},"excerpt":{"rendered":"<p><sup class=\"numerator\">1922<\/sup>\u2044<sub class=\"denominator\">1939<\/sub><\/p>\n","protected":false},"author":1,"featured_media":8797,"parent":0,"menu_order":500,"comment_status":"closed","ping_status":"closed","template":"wp-custom-template-cahiers-humanisme-libertaire","meta":{"wp_typography_post_enhancements_disabled":false,"footnotes":""},"categories":[],"tags":[],"ppma_author":[540],"class_list":["post-8796","page","type-page","status-publish","has-post-thumbnail","hentry"],"_links":{"self":[{"href":"https:\/\/la-presse-anarchiste.net\/index.php\/wp-json\/wp\/v2\/pages\/8796","targetHints":{"allow":["GET"]}}],"collection":[{"href":"https:\/\/la-presse-anarchiste.net\/index.php\/wp-json\/wp\/v2\/pages"}],"about":[{"href":"https:\/\/la-presse-anarchiste.net\/index.php\/wp-json\/wp\/v2\/types\/page"}],"author":[{"embeddable":true,"href":"https:\/\/la-presse-anarchiste.net\/index.php\/wp-json\/wp\/v2\/users\/1"}],"replies":[{"embeddable":true,"href":"https:\/\/la-presse-anarchiste.net\/index.php\/wp-json\/wp\/v2\/comments?post=8796"}],"version-history":[{"count":1,"href":"https:\/\/la-presse-anarchiste.net\/index.php\/wp-json\/wp\/v2\/pages\/8796\/revisions"}],"predecessor-version":[{"id":8798,"href":"https:\/\/la-presse-anarchiste.net\/index.php\/wp-json\/wp\/v2\/pages\/8796\/revisions\/8798"}],"wp:featuredmedia":[{"embeddable":true,"href":"https:\/\/la-presse-anarchiste.net\/index.php\/wp-json\/wp\/v2\/media\/8797"}],"wp:attachment":[{"href":"https:\/\/la-presse-anarchiste.net\/index.php\/wp-json\/wp\/v2\/media?parent=8796"}],"wp:term":[{"taxonomy":"category","embeddable":true,"href":"https:\/\/la-presse-anarchiste.net\/index.php\/wp-json\/wp\/v2\/categories?post=8796"},{"taxonomy":"post_tag","embeddable":true,"href":"https:\/\/la-presse-anarchiste.net\/index.php\/wp-json\/wp\/v2\/tags?post=8796"},{"taxonomy":"author","embeddable":true,"href":"https:\/\/la-presse-anarchiste.net\/index.php\/wp-json\/wp\/v2\/ppma_author?post=8796"}],"curies":[{"name":"wp","href":"https:\/\/api.w.org\/{rel}","templated":true}]}}