{"id":8937,"date":"1951-04-01T00:00:37","date_gmt":"1951-04-01T00:00:37","guid":{"rendered":"https:\/\/la-presse-anarchiste.net\/?page_id=8937"},"modified":"2025-07-17T19:04:43","modified_gmt":"2025-07-17T19:04:43","slug":"defense-de-lhomme-n31","status":"publish","type":"page","link":"https:\/\/la-presse-anarchiste.net\/index.php\/defense-de-lhomme-1948-1976\/1951-du-n28-au-39\/defense-de-lhomme-n31\/","title":{"rendered":"D\u00e9fense de l\u2019Homme n\u00b031"},"content":{"rendered":"<div class=\"pdfprnt-buttons pdfprnt-buttons-page pdfprnt-top-right\"><a href=\"https:\/\/la-presse-anarchiste.net\/index.php\/wp-json\/wp\/v2\/pages\/8937?print=pdf\" class=\"pdfprnt-button pdfprnt-button-pdf\" target=\"_blank\"><img decoding=\"async\" src=\"https:\/\/la-presse-anarchiste.net\/wp-content\/plugins\/pdf-print\/images\/pdf.png\" alt=\"image_pdf\" title=\"Afficher le PDF\"><\/a><a href=\"https:\/\/la-presse-anarchiste.net\/index.php\/wp-json\/wp\/v2\/pages\/8937?print=print\" class=\"pdfprnt-button pdfprnt-button-print\" target=\"_blank\"><img decoding=\"async\" src=\"https:\/\/la-presse-anarchiste.net\/wp-content\/plugins\/pdf-print\/images\/print.png\" alt=\"image_print\" title=\"Contenu imprim\u00e9\"><\/a><\/div><p><strong>Som\u00admaire&nbsp;:&nbsp;<\/strong><\/p>\n<ul>\n<li>La guerre recule (Louis Lecoin)<\/li>\n<li>Dia\u00adlogue des morts (S. Vergine)<\/li>\n<li>La sem\u00adpi\u00adter\u00adnelle (Yvon de&nbsp;Restz)<\/li>\n<li><a href=\"https:\/\/la-presse-anarchiste.net\/index.php\/2025\/07\/17\/bagatelles-pour-un-triptyque\/\">Baga\u00adtelles pour un trip\u00adtyque<\/a> (Pierre-Valen\u00adtin Berthier)&nbsp;<\/li>\n<li>\u00c0 pro\u00adpos d\u2019une cer\u00adtaine \u00ab&nbsp;science de la r\u00e9vo\u00adlu\u00adtion&nbsp;\u00bb (Andr\u00e9 Prunier)<\/li>\n<li>Le mar\u00e9\u00adchal P\u00e9tain<\/li>\n<li>Des\u00adcartes (Georges Pascal)<\/li>\n<li>Les crimes du mili\u00adta\u00adrisme en temps de&nbsp;paix<\/li>\n<li>L\u2019homme et la fina\u00adli\u00adt\u00e9 (Gas\u00adton Lacarce)<\/li>\n<li>Ils pensent d\u2019a\u00adbord \u00e0 leur r\u00e9\u00e9lection<\/li>\n<li>G\u00e9n\u00e9\u00adra\u00adle\u00adries (Robert Proix)<\/li>\n<li>L\u2019\u00e9\u00adglise contan\u00adti\u00adnienne (Rhil\u00adlon)<\/li>\n<li>Revue des livres (serge)<\/li>\n<li>La pr\u00e9\u00adten\u00addue crise du d\u00e9ter\u00admi\u00adnisme (Manuel Devaldes)<\/li>\n<li>Lec\u00adtures d\u2019actualit\u00e9&nbsp;<ul>\n<li>Deux grands t\u00e9moins nous parlent (Alain Sergent)<\/li>\n<\/ul>\n<\/li>\n<li>Pour Mag&nbsp;Gee<\/li>\n<li>Doit-on diri\u00adger les soci\u00e9\u00adt\u00e9s&nbsp;? (Louis Simon)<\/li>\n<li>Les r\u00e9sul\u00adtats du&nbsp;gala<\/li>\n<\/ul>\n<hr>\n<p>La revue annonce le d\u00e9c\u00e8s de M<sup>me<\/sup>&nbsp;Ger\u00admaine Bon\u00adtemps, com\u00adpagne de Charles-Auguste Bontemps<\/p>\n","protected":false},"excerpt":{"rendered":"<p>Avril 1951<\/p>\n","protected":false},"author":8,"featured_media":4535,"parent":7236,"menu_order":4,"comment_status":"closed","ping_status":"closed","template":"wp-custom-template-cahiers-humanisme-libertaire","meta":{"wp_typography_post_enhancements_disabled":false,"footnotes":""},"categories":[],"tags":[],"ppma_author":[680],"class_list":["post-8937","page","type-page","status-publish","has-post-thumbnail","hentry"],"_links":{"self":[{"href":"https:\/\/la-presse-anarchiste.net\/index.php\/wp-json\/wp\/v2\/pages\/8937","targetHints":{"allow":["GET"]}}],"collection":[{"href":"https:\/\/la-presse-anarchiste.net\/index.php\/wp-json\/wp\/v2\/pages"}],"about":[{"href":"https:\/\/la-presse-anarchiste.net\/index.php\/wp-json\/wp\/v2\/types\/page"}],"author":[{"embeddable":true,"href":"https:\/\/la-presse-anarchiste.net\/index.php\/wp-json\/wp\/v2\/users\/8"}],"replies":[{"embeddable":true,"href":"https:\/\/la-presse-anarchiste.net\/index.php\/wp-json\/wp\/v2\/comments?post=8937"}],"version-history":[{"count":5,"href":"https:\/\/la-presse-anarchiste.net\/index.php\/wp-json\/wp\/v2\/pages\/8937\/revisions"}],"predecessor-version":[{"id":8947,"href":"https:\/\/la-presse-anarchiste.net\/index.php\/wp-json\/wp\/v2\/pages\/8937\/revisions\/8947"}],"up":[{"embeddable":true,"href":"https:\/\/la-presse-anarchiste.net\/index.php\/wp-json\/wp\/v2\/pages\/7236"}],"wp:featuredmedia":[{"embeddable":true,"href":"https:\/\/la-presse-anarchiste.net\/index.php\/wp-json\/wp\/v2\/media\/4535"}],"wp:attachment":[{"href":"https:\/\/la-presse-anarchiste.net\/index.php\/wp-json\/wp\/v2\/media?parent=8937"}],"wp:term":[{"taxonomy":"category","embeddable":true,"href":"https:\/\/la-presse-anarchiste.net\/index.php\/wp-json\/wp\/v2\/categories?post=8937"},{"taxonomy":"post_tag","embeddable":true,"href":"https:\/\/la-presse-anarchiste.net\/index.php\/wp-json\/wp\/v2\/tags?post=8937"},{"taxonomy":"author","embeddable":true,"href":"https:\/\/la-presse-anarchiste.net\/index.php\/wp-json\/wp\/v2\/ppma_author?post=8937"}],"curies":[{"name":"wp","href":"https:\/\/api.w.org\/{rel}","templated":true}]}}