{"id":8949,"date":"1951-05-01T00:00:19","date_gmt":"1951-05-01T00:00:19","guid":{"rendered":"https:\/\/la-presse-anarchiste.net\/?page_id=8949"},"modified":"2025-07-18T07:05:03","modified_gmt":"2025-07-18T07:05:03","slug":"defense-de-lhomme-n32","status":"publish","type":"page","link":"https:\/\/la-presse-anarchiste.net\/index.php\/defense-de-lhomme-1948-1976\/1951-du-n28-au-39\/defense-de-lhomme-n32\/","title":{"rendered":"D\u00e9fense de l\u2019Homme n\u00b032"},"content":{"rendered":"<div class=\"pdfprnt-buttons pdfprnt-buttons-page pdfprnt-top-right\"><a href=\"https:\/\/la-presse-anarchiste.net\/index.php\/wp-json\/wp\/v2\/pages\/8949?print=pdf\" class=\"pdfprnt-button pdfprnt-button-pdf\" target=\"_blank\"><img decoding=\"async\" src=\"https:\/\/la-presse-anarchiste.net\/wp-content\/plugins\/pdf-print\/images\/pdf.png\" alt=\"image_pdf\" title=\"Afficher le PDF\"><\/a><a href=\"https:\/\/la-presse-anarchiste.net\/index.php\/wp-json\/wp\/v2\/pages\/8949?print=print\" class=\"pdfprnt-button pdfprnt-button-print\" target=\"_blank\"><img decoding=\"async\" src=\"https:\/\/la-presse-anarchiste.net\/wp-content\/plugins\/pdf-print\/images\/print.png\" alt=\"image_print\" title=\"Contenu imprim\u00e9\"><\/a><\/div><p>Au som\u00admaire&nbsp;:<\/p>\n<ul>\n<li>La guerre recule-t-elle&nbsp;? (Louis Lecoin)<\/li>\n<li>La guerre id\u00e9o\u00adlo\u00adgique (Hen\u00adri Perruchot)<\/li>\n<li>Revue des livres (Serge)<\/li>\n<li>Asc\u00e9\u00adtisme et huma\u00adnisme (Georges Pascal)<\/li>\n<li>Lettre d\u2019An\u00adgle\u00adterre\n<ul>\n<li>Le r\u00f4le des \u00e9du\u00adca\u00adteurs et ses limites (J.C.)<\/li>\n<\/ul>\n<\/li>\n<li>Faits divers (Lucas)<\/li>\n<li>La guerre et la paix&nbsp;! (Paul Rassinier)<\/li>\n<li>Impos\u00adture&nbsp;! (Gas\u00adton Lacarce)<\/li>\n<li>Sou\u00adve\u00adnons-nous (Robert Passas)<\/li>\n<li>Lec\u00adtures d\u2019actualit\u00e9&nbsp;<ul>\n<li>Un authen\u00adtique \u00e9cri\u00advain du peuple (Alain Sergent)<\/li>\n<\/ul>\n<\/li>\n<li>S\u2019ils avaient vou\u00adlu\u2026 (Andr\u00e9 Prunier)<\/li>\n<li>Pro\u00adbl\u00e8me n\u00b01 (Lau\u00admi\u00e8re)<\/li>\n<li>Un \u00e9mule de F\u00e9nelon&nbsp;<ul>\n<li>Le cur\u00e9 de Vitry-Lach\u00e9 et l\u2019\u00e9\u00addu\u00adca\u00adtion des filles (S. Vergine)<\/li>\n<\/ul>\n<\/li>\n<li>Aux urnes, citoyens&nbsp;! (E.M.)<\/li>\n<li>La foire \u00e9lec\u00adto\u00adrale (Louis Dorival)<\/li>\n<li>Le pieux men\u00adsonge de la foi recou\u00advr\u00e9e (Pierre-Valen\u00adtin Berthier)<\/li>\n<li>Nous tien\u00addrons le coup avec votre actif et d\u00e9vou\u00e9 concours (Louis Lecoin)<\/li>\n<\/ul>\n<hr>\n<p>La revue annonce que les asso\u00adcia\u00adtions de d\u00e9por\u00adt\u00e9s qui avaient assi\u00adgn\u00e9 Paul Ras\u00adsi\u00adnier en jus\u00adtice au sujet de son livre Le men\u00adsonge d\u2019U\u00adlysse ont \u00e9t\u00e9 d\u00e9bou\u00adt\u00e9es par le tri\u00adbu\u00adnal de Bourg-en-Bresse.<\/p>\n","protected":false},"excerpt":{"rendered":"<p>Mai 1951<\/p>\n","protected":false},"author":8,"featured_media":4535,"parent":7236,"menu_order":5,"comment_status":"closed","ping_status":"closed","template":"wp-custom-template-cahiers-humanisme-libertaire","meta":{"wp_typography_post_enhancements_disabled":false,"footnotes":""},"categories":[948],"tags":[],"ppma_author":[680],"class_list":["post-8949","page","type-page","status-publish","has-post-thumbnail","hentry","category-defense-de-lhomme-1951-numeros-28-a-39"],"_links":{"self":[{"href":"https:\/\/la-presse-anarchiste.net\/index.php\/wp-json\/wp\/v2\/pages\/8949","targetHints":{"allow":["GET"]}}],"collection":[{"href":"https:\/\/la-presse-anarchiste.net\/index.php\/wp-json\/wp\/v2\/pages"}],"about":[{"href":"https:\/\/la-presse-anarchiste.net\/index.php\/wp-json\/wp\/v2\/types\/page"}],"author":[{"embeddable":true,"href":"https:\/\/la-presse-anarchiste.net\/index.php\/wp-json\/wp\/v2\/users\/8"}],"replies":[{"embeddable":true,"href":"https:\/\/la-presse-anarchiste.net\/index.php\/wp-json\/wp\/v2\/comments?post=8949"}],"version-history":[{"count":2,"href":"https:\/\/la-presse-anarchiste.net\/index.php\/wp-json\/wp\/v2\/pages\/8949\/revisions"}],"predecessor-version":[{"id":8951,"href":"https:\/\/la-presse-anarchiste.net\/index.php\/wp-json\/wp\/v2\/pages\/8949\/revisions\/8951"}],"up":[{"embeddable":true,"href":"https:\/\/la-presse-anarchiste.net\/index.php\/wp-json\/wp\/v2\/pages\/7236"}],"wp:featuredmedia":[{"embeddable":true,"href":"https:\/\/la-presse-anarchiste.net\/index.php\/wp-json\/wp\/v2\/media\/4535"}],"wp:attachment":[{"href":"https:\/\/la-presse-anarchiste.net\/index.php\/wp-json\/wp\/v2\/media?parent=8949"}],"wp:term":[{"taxonomy":"category","embeddable":true,"href":"https:\/\/la-presse-anarchiste.net\/index.php\/wp-json\/wp\/v2\/categories?post=8949"},{"taxonomy":"post_tag","embeddable":true,"href":"https:\/\/la-presse-anarchiste.net\/index.php\/wp-json\/wp\/v2\/tags?post=8949"},{"taxonomy":"author","embeddable":true,"href":"https:\/\/la-presse-anarchiste.net\/index.php\/wp-json\/wp\/v2\/ppma_author?post=8949"}],"curies":[{"name":"wp","href":"https:\/\/api.w.org\/{rel}","templated":true}]}}