{"id":8957,"date":"1951-08-01T00:00:22","date_gmt":"1951-08-01T00:00:22","guid":{"rendered":"https:\/\/la-presse-anarchiste.net\/?page_id=8957"},"modified":"2025-07-18T07:33:27","modified_gmt":"2025-07-18T07:33:27","slug":"defense-de-lhomme-n35","status":"publish","type":"page","link":"https:\/\/la-presse-anarchiste.net\/index.php\/defense-de-lhomme-1948-1976\/1951-du-n28-au-39\/defense-de-lhomme-n35\/","title":{"rendered":"D\u00e9fense de l\u2019Homme n\u00b035"},"content":{"rendered":"<div class=\"pdfprnt-buttons pdfprnt-buttons-page pdfprnt-top-right\"><a href=\"https:\/\/la-presse-anarchiste.net\/index.php\/wp-json\/wp\/v2\/pages\/8957?print=pdf\" class=\"pdfprnt-button pdfprnt-button-pdf\" target=\"_blank\"><img decoding=\"async\" src=\"https:\/\/la-presse-anarchiste.net\/wp-content\/plugins\/pdf-print\/images\/pdf.png\" alt=\"image_pdf\" title=\"Afficher le PDF\"><\/a><a href=\"https:\/\/la-presse-anarchiste.net\/index.php\/wp-json\/wp\/v2\/pages\/8957?print=print\" class=\"pdfprnt-button pdfprnt-button-print\" target=\"_blank\"><img decoding=\"async\" src=\"https:\/\/la-presse-anarchiste.net\/wp-content\/plugins\/pdf-print\/images\/print.png\" alt=\"image_print\" title=\"Contenu imprim\u00e9\"><\/a><\/div><p>Au <strong>som\u00admaire&nbsp;:<\/strong><\/p>\n<ul>\n<li>L\u2019in\u00addis\u00adpen\u00adsable ras\u00adsem\u00adble\u00adment (Louis Lecoin)<\/li>\n<li>L\u2019\u00e9\u00adcole libre (Lyg)<\/li>\n<li>Liber\u00adt\u00e9 ch\u00e9\u00adrie (Gas\u00adton Lacarce)<\/li>\n<li>Recherche de l\u2019homme&nbsp;<ul>\n<li>Le r\u00f4le \u00e9man\u00adci\u00adpa\u00adteur de l\u2019i\u00add\u00e9e natio\u00adnale en Angle\u00adterre et en France (Charles-Auguste Bontemps)<\/li>\n<\/ul>\n<\/li>\n<li>Noir-nord (Michel Donnet)<\/li>\n<li>Ver\u00adtus de la gym\u00adnas\u00adtique (Georges Pascal)<\/li>\n<li>Jour\u00adn\u00e9es d\u2019\u00e9\u00adtudes pour la paix (Louis Lecoin)<\/li>\n<li>G\u00e9nie, mis\u00e8re et na\u00ef\u00adve\u00adt\u00e9s du pro\u00adl\u00e9\u00adta\u00adriat (Pierre-Valen\u00adtin Berthier)<\/li>\n<li>Revue des livres (Serge)<\/li>\n<li>R\u00e9so\u00adlu\u00adtion finale de l\u2019In\u00adter\u00adna\u00adtio\u00adnale socia\u00adliste (Robert Proix)<\/li>\n<li>PAroles du Christ (Vic\u00adtor Dessemond)<\/li>\n<li>L\u2019\u00c9\u00adglise et la f\u00e9o\u00adda\u00adli\u00adt\u00e9 (Rhil\u00adlon)<\/li>\n<li>Va-t-on enfn pen\u00adser aux objec\u00adteurs de conscience&nbsp;?<\/li>\n<li>Un mili\u00adtaire\u2026 qu\u2019il nous faut (S. Vergine)<\/li>\n<li>L\u2019a\u00admour lucide (Ber\u00adnard&nbsp;Malan)<\/li>\n<li>Ser\u00advice \u00e0 nous rendre (Louis Lecoin)<\/li>\n<\/ul>\n","protected":false},"excerpt":{"rendered":"<p>Ao\u00fbt 1951<\/p>\n","protected":false},"author":8,"featured_media":4535,"parent":7236,"menu_order":8,"comment_status":"closed","ping_status":"closed","template":"wp-custom-template-cahiers-humanisme-libertaire","meta":{"wp_typography_post_enhancements_disabled":false,"footnotes":""},"categories":[948],"tags":[],"ppma_author":[680],"class_list":["post-8957","page","type-page","status-publish","has-post-thumbnail","hentry","category-defense-de-lhomme-1951-numeros-28-a-39"],"_links":{"self":[{"href":"https:\/\/la-presse-anarchiste.net\/index.php\/wp-json\/wp\/v2\/pages\/8957","targetHints":{"allow":["GET"]}}],"collection":[{"href":"https:\/\/la-presse-anarchiste.net\/index.php\/wp-json\/wp\/v2\/pages"}],"about":[{"href":"https:\/\/la-presse-anarchiste.net\/index.php\/wp-json\/wp\/v2\/types\/page"}],"author":[{"embeddable":true,"href":"https:\/\/la-presse-anarchiste.net\/index.php\/wp-json\/wp\/v2\/users\/8"}],"replies":[{"embeddable":true,"href":"https:\/\/la-presse-anarchiste.net\/index.php\/wp-json\/wp\/v2\/comments?post=8957"}],"version-history":[{"count":1,"href":"https:\/\/la-presse-anarchiste.net\/index.php\/wp-json\/wp\/v2\/pages\/8957\/revisions"}],"predecessor-version":[{"id":8958,"href":"https:\/\/la-presse-anarchiste.net\/index.php\/wp-json\/wp\/v2\/pages\/8957\/revisions\/8958"}],"up":[{"embeddable":true,"href":"https:\/\/la-presse-anarchiste.net\/index.php\/wp-json\/wp\/v2\/pages\/7236"}],"wp:featuredmedia":[{"embeddable":true,"href":"https:\/\/la-presse-anarchiste.net\/index.php\/wp-json\/wp\/v2\/media\/4535"}],"wp:attachment":[{"href":"https:\/\/la-presse-anarchiste.net\/index.php\/wp-json\/wp\/v2\/media?parent=8957"}],"wp:term":[{"taxonomy":"category","embeddable":true,"href":"https:\/\/la-presse-anarchiste.net\/index.php\/wp-json\/wp\/v2\/categories?post=8957"},{"taxonomy":"post_tag","embeddable":true,"href":"https:\/\/la-presse-anarchiste.net\/index.php\/wp-json\/wp\/v2\/tags?post=8957"},{"taxonomy":"author","embeddable":true,"href":"https:\/\/la-presse-anarchiste.net\/index.php\/wp-json\/wp\/v2\/ppma_author?post=8957"}],"curies":[{"name":"wp","href":"https:\/\/api.w.org\/{rel}","templated":true}]}}