{"id":9511,"date":"2025-07-26T14:24:52","date_gmt":"2025-07-26T14:24:52","guid":{"rendered":"https:\/\/la-presse-anarchiste.net\/?page_id=9511"},"modified":"2025-07-26T14:51:40","modified_gmt":"2025-07-26T14:51:40","slug":"cahiers-du-socialisme-libertaire","status":"publish","type":"page","link":"https:\/\/la-presse-anarchiste.net\/index.php\/cahiers-du-socialisme-libertaire\/","title":{"rendered":"Cahiers du socialisme libertaire"},"content":{"rendered":"<div class=\"pdfprnt-buttons pdfprnt-buttons-page pdfprnt-top-right\"><a href=\"https:\/\/la-presse-anarchiste.net\/index.php\/wp-json\/wp\/v2\/pages\/9511?print=pdf\" class=\"pdfprnt-button pdfprnt-button-pdf\" target=\"_blank\"><img decoding=\"async\" src=\"https:\/\/la-presse-anarchiste.net\/wp-content\/plugins\/pdf-print\/images\/pdf.png\" alt=\"image_pdf\" title=\"Afficher le PDF\"><\/a><a href=\"https:\/\/la-presse-anarchiste.net\/index.php\/wp-json\/wp\/v2\/pages\/9511?print=print\" class=\"pdfprnt-button pdfprnt-button-print\" target=\"_blank\"><img decoding=\"async\" src=\"https:\/\/la-presse-anarchiste.net\/wp-content\/plugins\/pdf-print\/images\/print.png\" alt=\"image_print\" title=\"Contenu imprim\u00e9\"><\/a><\/div><p style=\"text-align: justify;\">Pre\u00admi\u00e8re revue ani\u00adm\u00e9e par Gas\u00adton Leval. Sans doute l\u2019un des apports les plus impor\u00adtant au mou\u00adve\u00adment anar\u00adchiste. Si on devait qua\u00adli\u00adfier Leval, il fau\u00addrait sans doute lui attri\u00adbuer le qua\u00adli\u00adfi\u00adca\u00adtif de Bakou\u00adni\u00adnien prag\u00adma\u00adtique. (ou Prou\u00addho\u00adnien prag\u00adma\u00adtique\u200a\u2014\u200ales deux n\u2019\u00e9\u00adtant pas incom\u00adpa\u00adtible). Autre\u00adment dit, il d\u00e9ve\u00adloppe une id\u00e9e r\u00e9vo\u00adlu\u00adtion\u00adnaire bas\u00e9e sur les r\u00e9a\u00adli\u00adt\u00e9s socio\u00adlo\u00adgiques. Chez lui pas de len\u00adde\u00admains qui chantent dans les secondes qui suivent la r\u00e9vo\u00adlu\u00adtion&nbsp;; pas de petits oiseaux mul\u00adti\u00adco\u00adlores et d\u2019a\u00admour entre les peuples unis der\u00adri\u00e8re le dra\u00adpeau noir et sur\u00adtout pas l\u2019i\u00add\u00e9e sau\u00adgre\u00adnue que la r\u00e9vo\u00adlu\u00adtion \u00e7a arrive comme \u00e7a, d\u2019un coup et que tout nous tombe tout cuit dans le&nbsp;bec.&nbsp;<\/p>\n<p style=\"text-align: justify;\">Pour Leval, qui a connu l\u2019\u00e9\u00adchec de l\u2019Es\u00adpagne, une r\u00e9vo\u00adlu\u00adtion, une \u00ab&nbsp;civi\u00adli\u00adsa\u00adtion liber\u00adtaire&nbsp;\u00bb \u00e7a se pr\u00e9\u00adpare, \u00e7a se r\u00e9fl\u00e9\u00adchit, et un mili\u00adtant anar\u00adchiste, \u00e7a se forme. Sans cette for\u00adma\u00adtion, sans cette pr\u00e9\u00adpa\u00adra\u00adtion, rien n\u2019est pos\u00adsible&nbsp;: pas de place pour le \u00ab&nbsp;spon\u00adta\u00adn\u00e9isme&nbsp;\u00bb un peu roman\u00adtique et sou\u00advent far\u00adfe\u00adlu qui a sou\u00advent \u00e9t\u00e9 la marque des milieux anar\u00adchistes (la fameuse ten\u00addance \u00ab&nbsp;Ploum-Ploum-Tra\u00adla\u00adla, Anar\u00adchie Vain\u00adcra&nbsp;!&nbsp;\u00bb) . Autre\u00adment dit, une approche assez aus\u00adt\u00e8re, avec un but clair&nbsp;: la r\u00e9vo\u00adlu\u00adtion et son triomphe.&nbsp;<\/p>\n<p style=\"text-align: justify;\">Autre \u00e9l\u00e9\u00adment tr\u00e8s impor\u00adtant pour Leval&nbsp;: son anti indi\u00advi\u00addua\u00adlisme abso\u00adlu. Pour lui, l\u2019in\u00addi\u00advi\u00addua\u00adlisme n\u2019est pas un anar\u00adchisme et les indi\u00advi\u00addua\u00adlistes sont une des gan\u00adgr\u00e8ne du mou\u00adve\u00adment liber\u00adtaire. Je n\u2019ai h\u00e9las pas la place dans cette modeste pr\u00e9\u00adsen\u00adta\u00adtion b\u00e2cl\u00e9e de la revue pour expo\u00adser son id\u00e9e sur la ques\u00adtion (ni les capa\u00adci\u00adt\u00e9s r\u00e9dac\u00adtion\u00adnelles et th\u00e9o\u00adriques pour le faire cor\u00adrec\u00adte\u00adment), mais c\u2019est un point qui m\u00e9rite que l\u2019on s\u2019y attarde.&nbsp;<\/p>\n<p style=\"text-align: justify;\">Une revue sou\u00advent tr\u00e8s int\u00e9\u00adres\u00adsante, \u00e0 laquelle les abso\u00adlu\u00adtistes de l\u2019a\u00adnar\u00adchisme ont sou\u00advent repro\u00adch\u00e9 son r\u00e9a\u00adlisme prag\u00adma\u00adtique (Leval a sou\u00advent indi\u00adqu\u00e9 qu\u2019il pr\u00e9\u00adf\u00e9\u00adrait le lib\u00e9\u00adra\u00adlisme m\u00eame \u00e9troit du camp occi\u00adden\u00adtal aux balles dans la nuque du r\u00e9gime sovi\u00e9\u00adtique, refu\u00adsant de les mettre dos \u00e0 dos). Der\u00adnier point&nbsp;: en 1963 la revue change de nom pour deve\u00adnir les \u00ab&nbsp;Cahiers de l\u2019hu\u00adma\u00adnisme liber\u00adtaire&nbsp;\u00bb. Elle devait de nou\u00adveau chan\u00adger de nom en 1976 et adop\u00adter le titre de \u00ab&nbsp;Civi\u00adli\u00adsa\u00adtion libertaire&nbsp;\u00bb.&nbsp;<\/p>\n<p style=\"text-align: justify;\">\u00c0 mon sens, c\u2019est cer\u00adtai\u00adne\u00adment ce qui s\u2019est fait de mieux en terme de revues d\u2019a\u00adpr\u00e8s-guerre, en tout les cas, c\u2019est \u00e0 mon avis la seule qui a pos\u00e9 le vrai pro\u00adbl\u00e8me de savoir si l\u2019a\u00adnar\u00adchisme n\u2019\u00e9\u00adtait qu\u2019un simple cou\u00adrant d\u2019i\u00add\u00e9es ou un mou\u00adve\u00adment \u00e0 buts concrets. J\u2019ai tr\u00e8s long\u00adtemps \u00e9mis le sou\u00adhait de pou\u00advoir consul\u00adter l\u2019in\u00adt\u00e9\u00adgra\u00adli\u00adt\u00e9 de cette col\u00adlec\u00adtion. C\u2019est main\u00adte\u00adnant chose faite grace au tra\u00advail for\u00admi\u00addable des amis d\u2019Ar\u00adchives Auto\u00adno\u00admies. Mer\u00adci \u00e0&nbsp;eux<\/p>\n","protected":false},"excerpt":{"rendered":"<p><sup class=\"numerator\">1955<\/sup>\u2044<sub class=\"denominator\">1963<\/sub><\/p>\n","protected":false},"author":8,"featured_media":9515,"parent":0,"menu_order":320,"comment_status":"closed","ping_status":"closed","template":"wp-custom-template-cahiers-humanisme-libertaire","meta":{"wp_typography_post_enhancements_disabled":false,"footnotes":""},"categories":[],"tags":[],"ppma_author":[680],"class_list":["post-9511","page","type-page","status-publish","has-post-thumbnail","hentry"],"_links":{"self":[{"href":"https:\/\/la-presse-anarchiste.net\/index.php\/wp-json\/wp\/v2\/pages\/9511","targetHints":{"allow":["GET"]}}],"collection":[{"href":"https:\/\/la-presse-anarchiste.net\/index.php\/wp-json\/wp\/v2\/pages"}],"about":[{"href":"https:\/\/la-presse-anarchiste.net\/index.php\/wp-json\/wp\/v2\/types\/page"}],"author":[{"embeddable":true,"href":"https:\/\/la-presse-anarchiste.net\/index.php\/wp-json\/wp\/v2\/users\/8"}],"replies":[{"embeddable":true,"href":"https:\/\/la-presse-anarchiste.net\/index.php\/wp-json\/wp\/v2\/comments?post=9511"}],"version-history":[{"count":2,"href":"https:\/\/la-presse-anarchiste.net\/index.php\/wp-json\/wp\/v2\/pages\/9511\/revisions"}],"predecessor-version":[{"id":9513,"href":"https:\/\/la-presse-anarchiste.net\/index.php\/wp-json\/wp\/v2\/pages\/9511\/revisions\/9513"}],"wp:featuredmedia":[{"embeddable":true,"href":"https:\/\/la-presse-anarchiste.net\/index.php\/wp-json\/wp\/v2\/media\/9515"}],"wp:attachment":[{"href":"https:\/\/la-presse-anarchiste.net\/index.php\/wp-json\/wp\/v2\/media?parent=9511"}],"wp:term":[{"taxonomy":"category","embeddable":true,"href":"https:\/\/la-presse-anarchiste.net\/index.php\/wp-json\/wp\/v2\/categories?post=9511"},{"taxonomy":"post_tag","embeddable":true,"href":"https:\/\/la-presse-anarchiste.net\/index.php\/wp-json\/wp\/v2\/tags?post=9511"},{"taxonomy":"author","embeddable":true,"href":"https:\/\/la-presse-anarchiste.net\/index.php\/wp-json\/wp\/v2\/ppma_author?post=9511"}],"curies":[{"name":"wp","href":"https:\/\/api.w.org\/{rel}","templated":true}]}}