{"id":9514,"date":"1955-10-01T00:00:28","date_gmt":"1955-10-01T00:00:28","guid":{"rendered":"https:\/\/la-presse-anarchiste.net\/?page_id=9514"},"modified":"2025-07-26T16:53:05","modified_gmt":"2025-07-26T16:53:05","slug":"cahiers-du-socialisme-libertaire-n1","status":"publish","type":"page","link":"https:\/\/la-presse-anarchiste.net\/index.php\/cahiers-du-socialisme-libertaire\/cahiers-du-socialisme-libertaire-n1\/","title":{"rendered":"Cahiers du socialisme libertaire n\u00b01"},"content":{"rendered":"<div class=\"pdfprnt-buttons pdfprnt-buttons-page pdfprnt-top-right\"><a href=\"https:\/\/la-presse-anarchiste.net\/index.php\/wp-json\/wp\/v2\/pages\/9514?print=pdf\" class=\"pdfprnt-button pdfprnt-button-pdf\" target=\"_blank\"><img decoding=\"async\" src=\"https:\/\/la-presse-anarchiste.net\/wp-content\/plugins\/pdf-print\/images\/pdf.png\" alt=\"image_pdf\" title=\"Afficher le PDF\"><\/a><a href=\"https:\/\/la-presse-anarchiste.net\/index.php\/wp-json\/wp\/v2\/pages\/9514?print=print\" class=\"pdfprnt-button pdfprnt-button-print\" target=\"_blank\"><img decoding=\"async\" src=\"https:\/\/la-presse-anarchiste.net\/wp-content\/plugins\/pdf-print\/images\/print.png\" alt=\"image_print\" title=\"Contenu imprim\u00e9\"><\/a><\/div><p><strong>Au som\u00admaire&nbsp;:<\/strong><\/p>\n<ul>\n<li><a href=\"https:\/\/la-presse-anarchiste.net\/index.php\/2025\/07\/26\/nos-buts\/\">Nos buts<\/a><\/li>\n<li><a href=\"https:\/\/la-presse-anarchiste.net\/index.php\/1955\/10\/01\/message-de-lyg\/\">Mes\u00adsage de&nbsp;Lyg<\/a><\/li>\n<li><a href=\"https:\/\/la-presse-anarchiste.net\/index.php\/1955\/10\/01\/pour-votre-fichier\/\">Pour votre fichier<\/a><\/li>\n<li><a href=\"https:\/\/la-presse-anarchiste.net\/index.php\/1955\/10\/01\/recherches-sur-une-methode-de-travail\/\">Recherches sur une m\u00e9thode de tra\u00advail<\/a> (Ren\u00e9&nbsp;Pax)<\/li>\n<li><a href=\"https:\/\/la-presse-anarchiste.net\/index.php\/1955\/10\/01\/programme-maximum-programme-minimum\/\">Pro\u00adgramme maxi\u00admum\u200a\u2014\u200apro\u00adgramme minimum<\/a><\/li>\n<li>Une page de Bakounine&nbsp;<ul>\n<li><a href=\"https:\/\/la-presse-anarchiste.net\/index.php\/1955\/10\/01\/un-page-de-bakounine\/\">Pen\u00ads\u00e9e, digni\u00adt\u00e9, volont\u00e9<\/a><\/li>\n<\/ul>\n<\/li>\n<li><a href=\"https:\/\/la-presse-anarchiste.net\/index.php\/1955\/10\/01\/synthese-dune-etude-sur-lalcoolisme\/\">Syn\u00adth\u00e8se d\u2019une \u00e9tude sur l\u2019alcoolisme<\/a><\/li>\n<li><a href=\"https:\/\/la-presse-anarchiste.net\/index.php\/1955\/10\/01\/amis-et-camarades\/\">Amis et camarades<\/a><\/li>\n<\/ul>\n<hr>\n<p>La revue annonce&nbsp;:<\/p>\n<p align=\"justify\">Nous don\u00adne\u00adrons tous les mois, salle \u00ab&nbsp;U&nbsp;\u00bb, des Soci\u00e9\u00adt\u00e9s Savantes, 21 rue Ser\u00adpente (m\u00e9tro Od\u00e9on ou Saint-Michel), une conf\u00e9rence.<\/p>\n<p align=\"justify\">La pre\u00admi\u00e8re, qui aura eu lieu quand ces Cahiers para\u00ee\u00adtront, sera faite par Gas\u00adton Leval. Sujet&nbsp;: Le duel Marx-Bakou\u00adnine, hier, aujourd\u2019hui, demain.&nbsp;La deuxi\u00e8me aura lieu le 19 novembre. Notre cama\u00adrade Robert Jos\u00adpin y trai\u00adte\u00adra du pro\u00adbl\u00e8me social et de la lutte contre la d\u00e9lin\u00adquance juv\u00e9\u00adnile.&nbsp;Entr\u00e9e gra\u00adtuite. On com\u00admen\u00adce\u00adra \u00e0 18h&nbsp;15 pr\u00e9cises.<\/p>\n","protected":false},"excerpt":{"rendered":"<p>Octobre 1955<\/p>\n","protected":false},"author":8,"featured_media":9515,"parent":9511,"menu_order":1,"comment_status":"closed","ping_status":"closed","template":"wp-custom-template-cahiers-humanisme-libertaire","meta":{"wp_typography_post_enhancements_disabled":false,"footnotes":""},"categories":[1225],"tags":[],"ppma_author":[680],"class_list":["post-9514","page","type-page","status-publish","has-post-thumbnail","hentry","category-cahiers-du-socialisme-libertaire-1955"],"_links":{"self":[{"href":"https:\/\/la-presse-anarchiste.net\/index.php\/wp-json\/wp\/v2\/pages\/9514","targetHints":{"allow":["GET"]}}],"collection":[{"href":"https:\/\/la-presse-anarchiste.net\/index.php\/wp-json\/wp\/v2\/pages"}],"about":[{"href":"https:\/\/la-presse-anarchiste.net\/index.php\/wp-json\/wp\/v2\/types\/page"}],"author":[{"embeddable":true,"href":"https:\/\/la-presse-anarchiste.net\/index.php\/wp-json\/wp\/v2\/users\/8"}],"replies":[{"embeddable":true,"href":"https:\/\/la-presse-anarchiste.net\/index.php\/wp-json\/wp\/v2\/comments?post=9514"}],"version-history":[{"count":7,"href":"https:\/\/la-presse-anarchiste.net\/index.php\/wp-json\/wp\/v2\/pages\/9514\/revisions"}],"predecessor-version":[{"id":9553,"href":"https:\/\/la-presse-anarchiste.net\/index.php\/wp-json\/wp\/v2\/pages\/9514\/revisions\/9553"}],"up":[{"embeddable":true,"href":"https:\/\/la-presse-anarchiste.net\/index.php\/wp-json\/wp\/v2\/pages\/9511"}],"wp:featuredmedia":[{"embeddable":true,"href":"https:\/\/la-presse-anarchiste.net\/index.php\/wp-json\/wp\/v2\/media\/9515"}],"wp:attachment":[{"href":"https:\/\/la-presse-anarchiste.net\/index.php\/wp-json\/wp\/v2\/media?parent=9514"}],"wp:term":[{"taxonomy":"category","embeddable":true,"href":"https:\/\/la-presse-anarchiste.net\/index.php\/wp-json\/wp\/v2\/categories?post=9514"},{"taxonomy":"post_tag","embeddable":true,"href":"https:\/\/la-presse-anarchiste.net\/index.php\/wp-json\/wp\/v2\/tags?post=9514"},{"taxonomy":"author","embeddable":true,"href":"https:\/\/la-presse-anarchiste.net\/index.php\/wp-json\/wp\/v2\/ppma_author?post=9514"}],"curies":[{"name":"wp","href":"https:\/\/api.w.org\/{rel}","templated":true}]}}