{"id":9554,"date":"2025-07-27T07:50:25","date_gmt":"2025-07-27T07:50:25","guid":{"rendered":"https:\/\/la-presse-anarchiste.net\/?page_id=9554"},"modified":"2025-07-27T07:50:25","modified_gmt":"2025-07-27T07:50:25","slug":"les-temps-nouveaux-2","status":"publish","type":"page","link":"https:\/\/la-presse-anarchiste.net\/index.php\/les-temps-nouveaux-2\/","title":{"rendered":"Les Temps Nouveaux"},"content":{"rendered":"<div class=\"pdfprnt-buttons pdfprnt-buttons-page pdfprnt-top-right\"><a href=\"https:\/\/la-presse-anarchiste.net\/index.php\/wp-json\/wp\/v2\/pages\/9554?print=pdf\" class=\"pdfprnt-button pdfprnt-button-pdf\" target=\"_blank\"><img decoding=\"async\" src=\"https:\/\/la-presse-anarchiste.net\/wp-content\/plugins\/pdf-print\/images\/pdf.png\" alt=\"image_pdf\" title=\"Afficher le PDF\"><\/a><a href=\"https:\/\/la-presse-anarchiste.net\/index.php\/wp-json\/wp\/v2\/pages\/9554?print=print\" class=\"pdfprnt-button pdfprnt-button-print\" target=\"_blank\"><img decoding=\"async\" src=\"https:\/\/la-presse-anarchiste.net\/wp-content\/plugins\/pdf-print\/images\/print.png\" alt=\"image_print\" title=\"Contenu imprim\u00e9\"><\/a><\/div><p style=\"text-align: justify;\">Cette revue se vou\u00adlait la conti\u00adnua\u00adtrice des <a href=\"https:\/\/la-presse-anarchiste.net\/index.php\/les-temps-nouveaux\/\"><em>Temps Nou\u00adveaux<\/em><\/a> d\u2019avant-guerre. Son comi\u00adt\u00e9 de r\u00e9dac\u00adtion \u00e9tait com\u00adpo\u00ads\u00e9 de Jean Grave, Tcher\u00adke\u00adsoft, Jean Wintsch, Chris\u00adtian Cor\u00adne\u00adlis\u00adsen, \u00c9mi\u00adlio Cos\u00adta, Jules Moi\u00adneau, Marie Isi\u00addine, Charles Mala\u00adto, Paul Reclus, J. Zie\u00adlins\u00adki, Auguste Ber\u00adtrand, Cleuet, Le Lev\u00e9, Marc Pier\u00adrot, Charles-Ange Lai\u00adsant, Charles Des\u00adplanques, Paul Gille, P. Richard, A. Depr\u00e9, Jacques Reclus et Jacques Gu\u00e9rin.<\/p>\n<p style=\"text-align: justify;\">Tous les membres de cette r\u00e9dac\u00adtion \u00e9taient signa\u00adtaires ou co-signa\u00adtaires du \u00ab&nbsp;mani\u00adfeste des seize&nbsp;\u00bb une par\u00adtie assez impor\u00adtante de la revue \u00e9tant consa\u00adcr\u00e9 \u00e0 jus\u00adti\u00adfier leur atti\u00adtude pen\u00addant la guerre.<\/p>\n<p style=\"text-align: justify;\">Jean Grave, pour des rai\u00adsons que j\u2019ignore, se brouille avec la r\u00e9dac\u00adtion qu\u2019il quitte en juin 1920, exi\u00adgeant le titre dont il s\u2019estime pro\u00adpri\u00e9\u00adtaire. devant le refus du groupe \u00e9di\u00adteur (num\u00e9\u00adro 13 du 15 juillet 1920). Il fonde alors <em>La R\u00e9volte et Temps Nou\u00adveaux<\/em>.<\/p>\n<p style=\"text-align: justify;\">Au bout de 24 num\u00e9\u00adros la revue dis\u00adpa\u00adrait, sans doute faute de fonds suf\u00adfi\u00adsant. La plu\u00adpart des membres de la r\u00e9dac\u00adtion se retrou\u00adve\u00adront dans <em>Plus Loin<\/em>, ani\u00adm\u00e9 par Marc Pierrot.<\/p>\n<p style=\"text-align: justify;\">Le site pr\u00e9\u00adsen\u00adte\u00adra une tr\u00e8s grande par\u00adtie de cette col\u00adlec\u00adtion, ne manquent, pour l\u2019instant, que les num\u00e9\u00adros 14 et 17. \u00c0 noter que le num\u00e9\u00adro 18 (15 jan\u00advier 1921) est publi\u00e9 sous un autre titre&nbsp;: <em>La Com\u00admune<\/em>. Aucune expli\u00adca\u00adtion n\u2019est don\u00adn\u00e9e et l\u2019int\u00e9rieur de la revue fait bien r\u00e9f\u00e9\u00adrence aux <em>Temps Nou\u00adveaux<\/em>.<\/p>\n","protected":false},"excerpt":{"rendered":"<p><sup class=\"numerator\">1919<\/sup>\u2044<sub class=\"denominator\">1921<\/sub><\/p>\n","protected":false},"author":8,"featured_media":9555,"parent":0,"menu_order":2102,"comment_status":"closed","ping_status":"closed","template":"wp-custom-template-cahiers-humanisme-libertaire","meta":{"wp_typography_post_enhancements_disabled":false,"footnotes":""},"categories":[],"tags":[],"ppma_author":[680],"class_list":["post-9554","page","type-page","status-publish","has-post-thumbnail","hentry"],"_links":{"self":[{"href":"https:\/\/la-presse-anarchiste.net\/index.php\/wp-json\/wp\/v2\/pages\/9554","targetHints":{"allow":["GET"]}}],"collection":[{"href":"https:\/\/la-presse-anarchiste.net\/index.php\/wp-json\/wp\/v2\/pages"}],"about":[{"href":"https:\/\/la-presse-anarchiste.net\/index.php\/wp-json\/wp\/v2\/types\/page"}],"author":[{"embeddable":true,"href":"https:\/\/la-presse-anarchiste.net\/index.php\/wp-json\/wp\/v2\/users\/8"}],"replies":[{"embeddable":true,"href":"https:\/\/la-presse-anarchiste.net\/index.php\/wp-json\/wp\/v2\/comments?post=9554"}],"version-history":[{"count":1,"href":"https:\/\/la-presse-anarchiste.net\/index.php\/wp-json\/wp\/v2\/pages\/9554\/revisions"}],"predecessor-version":[{"id":9556,"href":"https:\/\/la-presse-anarchiste.net\/index.php\/wp-json\/wp\/v2\/pages\/9554\/revisions\/9556"}],"wp:featuredmedia":[{"embeddable":true,"href":"https:\/\/la-presse-anarchiste.net\/index.php\/wp-json\/wp\/v2\/media\/9555"}],"wp:attachment":[{"href":"https:\/\/la-presse-anarchiste.net\/index.php\/wp-json\/wp\/v2\/media?parent=9554"}],"wp:term":[{"taxonomy":"category","embeddable":true,"href":"https:\/\/la-presse-anarchiste.net\/index.php\/wp-json\/wp\/v2\/categories?post=9554"},{"taxonomy":"post_tag","embeddable":true,"href":"https:\/\/la-presse-anarchiste.net\/index.php\/wp-json\/wp\/v2\/tags?post=9554"},{"taxonomy":"author","embeddable":true,"href":"https:\/\/la-presse-anarchiste.net\/index.php\/wp-json\/wp\/v2\/ppma_author?post=9554"}],"curies":[{"name":"wp","href":"https:\/\/api.w.org\/{rel}","templated":true}]}}