{"id":9560,"date":"1919-07-15T00:00:37","date_gmt":"1919-07-15T00:00:37","guid":{"rendered":"https:\/\/la-presse-anarchiste.net\/?page_id=9560"},"modified":"2025-07-27T17:17:12","modified_gmt":"2025-07-27T17:17:12","slug":"les-temps-nouveaux-n1","status":"publish","type":"page","link":"https:\/\/la-presse-anarchiste.net\/index.php\/les-temps-nouveaux-2\/les-temps-nouveaux-n1\/","title":{"rendered":"Les Temps Nouveaux n\u00b01"},"content":{"rendered":"<div class=\"pdfprnt-buttons pdfprnt-buttons-page pdfprnt-top-right\"><a href=\"https:\/\/la-presse-anarchiste.net\/index.php\/wp-json\/wp\/v2\/pages\/9560?print=pdf\" class=\"pdfprnt-button pdfprnt-button-pdf\" target=\"_blank\"><img decoding=\"async\" src=\"https:\/\/la-presse-anarchiste.net\/wp-content\/plugins\/pdf-print\/images\/pdf.png\" alt=\"image_pdf\" title=\"Afficher le PDF\"><\/a><a href=\"https:\/\/la-presse-anarchiste.net\/index.php\/wp-json\/wp\/v2\/pages\/9560?print=print\" class=\"pdfprnt-button pdfprnt-button-print\" target=\"_blank\"><img decoding=\"async\" src=\"https:\/\/la-presse-anarchiste.net\/wp-content\/plugins\/pdf-print\/images\/print.png\" alt=\"image_print\" title=\"Contenu imprim\u00e9\"><\/a><\/div><p><strong>Au som\u00admaire&nbsp;:<\/strong><\/p>\n<ul>\n<li><a href=\"https:\/\/la-presse-anarchiste.net\/index.php\/1919\/07\/15\/notre-programme-2\/\">Notre pro\u00adgramme<\/a> (Les Temps Nouveaux)<\/li>\n<li><a href=\"https:\/\/la-presse-anarchiste.net\/index.php\/1919\/07\/15\/les-greves-de-juin\/\">Les gr\u00e8ves de juin<\/a> (Marc Pierrot)<\/li>\n<li><a href=\"https:\/\/la-presse-anarchiste.net\/index.php\/1919\/07\/15\/le-traite-de-paix-et-la-situation-politique-en-europe\/\">Le trai\u00adt\u00e9 de paix et la situa\u00adtion poli\u00adtique en Europe<\/a> (Chris\u00adtian Corn\u00e9lissen)<\/li>\n<li><a href=\"https:\/\/la-presse-anarchiste.net\/index.php\/1919\/07\/15\/anarchiste\/\">Anar\u00adchiste<\/a> (Paul Reclus)<\/li>\n<li><a href=\"https:\/\/la-presse-anarchiste.net\/index.php\/1919\/07\/15\/les-problemes-de-demain\/\">Les pro\u00adbl\u00e8mes de demain<\/a> (Marie Isidine)<\/li>\n<li>Les lettres et les&nbsp;arts&nbsp;<ul>\n<li><a href=\"https:\/\/la-presse-anarchiste.net\/index.php\/1919\/07\/15\/la-megere-apprivoisee\/\">La m\u00e9g\u00e8re appri\u00advoi\u00ads\u00e9e<\/a> (Auguste Bertrand)<\/li>\n<li><a href=\"https:\/\/la-presse-anarchiste.net\/index.php\/1919\/07\/15\/deux-hommes\/\">Deux hommes<\/a> (Hen\u00adri Jacques)<\/li>\n<\/ul>\n<\/li>\n<li><a href=\"https:\/\/la-presse-anarchiste.net\/index.php\/1919\/07\/15\/la-fin-dune-mission-1\/\">La fin d\u2019une mis\u00adsion<\/a> (Marc Pierrot)<\/li>\n<li><a href=\"https:\/\/la-presse-anarchiste.net\/index.php\/1919\/07\/15\/le-coin-des-lecteurs\/\">Le coin des lec\u00adteurs<\/a> (Marc Pierrot)<\/li>\n<li>\u00c0 tra\u00advers le&nbsp;monde&nbsp;<ul>\n<li><a href=\"https:\/\/la-presse-anarchiste.net\/index.php\/1919\/07\/15\/a-travers-le-monde-4\/\">\u00c9tats-Unis<\/a><\/li>\n<li><a href=\"https:\/\/la-presse-anarchiste.net\/index.php\/1919\/07\/15\/a-travers-le-monde-3\/\">Cana\u00adda<\/a><\/li>\n<li><a href=\"https:\/\/la-presse-anarchiste.net\/index.php\/1919\/07\/15\/a-travers-le-monde-2\/\">Espagne<\/a><\/li>\n<li><a href=\"https:\/\/la-presse-anarchiste.net\/index.php\/1919\/07\/15\/a-travers-le-monde\/\">Ita\u00adlie<\/a><\/li>\n<\/ul>\n<\/li>\n<\/ul>\n<p>La sous\u00adcrip\u00adtion pour ce num\u00e9\u00adro s\u2019\u00e9l\u00e8ve \u00e0 444, 50 francs. Une liste pr\u00e9\u00adc\u00e9\u00addente, sans doute \u00e9ta\u00adblie pour le lan\u00adce\u00adment, s\u2019\u00e9levait \u00e0 679 francs 70.<\/p>\n","protected":false},"excerpt":{"rendered":"<p>15 juillet 1919<\/p>\n","protected":false},"author":8,"featured_media":9555,"parent":9554,"menu_order":1,"comment_status":"closed","ping_status":"closed","template":"wp-custom-template-cahiers-humanisme-libertaire","meta":{"wp_typography_post_enhancements_disabled":false,"footnotes":""},"categories":[],"tags":[],"ppma_author":[680],"class_list":["post-9560","page","type-page","status-publish","has-post-thumbnail","hentry"],"_links":{"self":[{"href":"https:\/\/la-presse-anarchiste.net\/index.php\/wp-json\/wp\/v2\/pages\/9560","targetHints":{"allow":["GET"]}}],"collection":[{"href":"https:\/\/la-presse-anarchiste.net\/index.php\/wp-json\/wp\/v2\/pages"}],"about":[{"href":"https:\/\/la-presse-anarchiste.net\/index.php\/wp-json\/wp\/v2\/types\/page"}],"author":[{"embeddable":true,"href":"https:\/\/la-presse-anarchiste.net\/index.php\/wp-json\/wp\/v2\/users\/8"}],"replies":[{"embeddable":true,"href":"https:\/\/la-presse-anarchiste.net\/index.php\/wp-json\/wp\/v2\/comments?post=9560"}],"version-history":[{"count":4,"href":"https:\/\/la-presse-anarchiste.net\/index.php\/wp-json\/wp\/v2\/pages\/9560\/revisions"}],"predecessor-version":[{"id":9595,"href":"https:\/\/la-presse-anarchiste.net\/index.php\/wp-json\/wp\/v2\/pages\/9560\/revisions\/9595"}],"up":[{"embeddable":true,"href":"https:\/\/la-presse-anarchiste.net\/index.php\/wp-json\/wp\/v2\/pages\/9554"}],"wp:featuredmedia":[{"embeddable":true,"href":"https:\/\/la-presse-anarchiste.net\/index.php\/wp-json\/wp\/v2\/media\/9555"}],"wp:attachment":[{"href":"https:\/\/la-presse-anarchiste.net\/index.php\/wp-json\/wp\/v2\/media?parent=9560"}],"wp:term":[{"taxonomy":"category","embeddable":true,"href":"https:\/\/la-presse-anarchiste.net\/index.php\/wp-json\/wp\/v2\/categories?post=9560"},{"taxonomy":"post_tag","embeddable":true,"href":"https:\/\/la-presse-anarchiste.net\/index.php\/wp-json\/wp\/v2\/tags?post=9560"},{"taxonomy":"author","embeddable":true,"href":"https:\/\/la-presse-anarchiste.net\/index.php\/wp-json\/wp\/v2\/ppma_author?post=9560"}],"curies":[{"name":"wp","href":"https:\/\/api.w.org\/{rel}","templated":true}]}}